{"id":2022,"date":"2018-09-10T21:45:30","date_gmt":"2018-09-10T21:45:30","guid":{"rendered":"http:\/\/www.consultoreshh.com\/?page_id=2022\/"},"modified":"2024-03-14T01:03:11","modified_gmt":"2024-03-14T01:03:11","slug":"expedicion-de-documento-por-reposicion-2","status":"publish","type":"page","link":"https:\/\/www.consultoreshh.com\/es\/expedicion-de-documento-por-reposicion-2\/","title":{"rendered":"Expedici\u00f3n de Documento por Reposici\u00f3n"},"content":{"rendered":"<div  class=\"fusion-fullwidth fullwidth-box hundred-percent-fullwidth\"  style='background-color: rgba(255,255,255,0);background-position: left top;background-repeat: no-repeat;padding-right:0px;padding-left:0px;border-top-width:0px;border-bottom-width:0px;border-color:#eae9e9;border-top-style:solid;border-bottom-style:solid;'><div class=\"fusion-builder-row fusion-row \"><div  class=\"fusion-layout-column fusion_builder_column fusion_builder_column_1_2  fusion-one-half fusion-column-first 1_2\"  style='margin-top:0px;margin-bottom:20px;width:48%; margin-right: 4%;'>\n\t\t\t\t\t<div class=\"fusion-column-wrapper\" style=\"background-position:left top;background-repeat:no-repeat;-webkit-background-size:cover;-moz-background-size:cover;-o-background-size:cover;background-size:cover;\"  data-bg-url=\"\">\n\t\t\t\t\t\t<p><img loading=\"lazy\" decoding=\"async\" class=\" wp-image-1510 aligncenter\" src=\"http:\/\/www.consultoreshh.com\/wp-content\/uploads\/2018\/06\/residence-300x169.jpg\" alt=\"\" width=\"339\" height=\"191\" srcset=\"https:\/\/www.consultoreshh.com\/wp-content\/uploads\/2018\/06\/residence-200x113.jpg 200w, https:\/\/www.consultoreshh.com\/wp-content\/uploads\/2018\/06\/residence-300x169.jpg 300w, https:\/\/www.consultoreshh.com\/wp-content\/uploads\/2018\/06\/residence-400x225.jpg 400w, https:\/\/www.consultoreshh.com\/wp-content\/uploads\/2018\/06\/residence.jpg 600w\" sizes=\"auto, (max-width: 339px) 100vw, 339px\" \/><\/p>\n<div class=\"fusion-clearfix\"><\/div>\n\n\t\t\t\t\t<\/div>\n\t\t\t\t<\/div><div  class=\"fusion-layout-column fusion_builder_column fusion_builder_column_1_2  fusion-one-half fusion-column-last 1_2\"  style='margin-top:0px;margin-bottom:20px;width:48%'>\n\t\t\t\t\t<div class=\"fusion-column-wrapper\" style=\"background-position:left top;background-repeat:no-repeat;-webkit-background-size:cover;-moz-background-size:cover;-o-background-size:cover;background-size:cover;\"  data-bg-url=\"\">\n\t\t\t\t\t\t<h1 style=\"text-align: center;\">Expedici\u00f3n de Documento por Reposici\u00f3n<\/h1>\n<h2 style=\"text-align: center;\">(FM3\/FM2 Visa de Trabajo, Visa de Estudiante, Visa de familiar, Visa de Negocios o Visa\/Permiso de Turista)<\/h2>\n<p><a href=\"http:\/\/www.consultoreshh.com\/es\/agendar-cita\"><img loading=\"lazy\" decoding=\"async\" class=\"wp-image-1826 aligncenter\" src=\"http:\/\/www.consultoreshh.com\/wp-content\/uploads\/2018\/08\/boton-430-300x69.png\" alt=\"\" width=\"178\" height=\"41\" srcset=\"https:\/\/www.consultoreshh.com\/wp-content\/uploads\/2018\/08\/boton-430-200x46.png 200w, https:\/\/www.consultoreshh.com\/wp-content\/uploads\/2018\/08\/boton-430-300x69.png 300w, https:\/\/www.consultoreshh.com\/wp-content\/uploads\/2018\/08\/boton-430-400x92.png 400w, https:\/\/www.consultoreshh.com\/wp-content\/uploads\/2018\/08\/boton-430.png 438w\" sizes=\"auto, (max-width: 178px) 100vw, 178px\" \/><\/a><\/p>\n<div class=\"fusion-clearfix\"><\/div>\n\n\t\t\t\t\t<\/div>\n\t\t\t\t<\/div><div  class=\"fusion-layout-column fusion_builder_column fusion_builder_column_1_1  fusion-one-full fusion-column-first fusion-column-last fusion-column-no-min-height 1_1\"  style='margin-top:0px;margin-bottom:0px;'>\n\t\t\t\t\t<div class=\"fusion-column-wrapper\" style=\"background-position:left top;background-repeat:no-repeat;-webkit-background-size:cover;-moz-background-size:cover;-o-background-size:cover;background-size:cover;\"  data-bg-url=\"\">\n\t\t\t\t\t\t<p style=\"text-align: justify;\">Todos los extranjeros en M\u00e9xico requieren contar con su documento migratorio vigente, ya que con el acreditan su estancia regular en el pa\u00eds, pueden presentarse distintas situaciones por las cuales se requiera iniciar tr\u00e1mite de expedici\u00f3n de documento por reposici\u00f3n:<\/p>\n<ol style=\"text-align: justify;\">\n<li>En caso de robo o extrav\u00edo.<\/li>\n<li>Deterioro o destrucci\u00f3n total del documento.<\/li>\n<li>Por remplazo, cuando se cuenta con un documento de inmigrado expedido antes de la entrada en vigor de la Ley de Migraci\u00f3n en noviembre de 2012.<\/li>\n<li>Por cambio de nombre.<\/li>\n<li>Cambio de nacionalidad.<\/li>\n<\/ol>\n<p style=\"text-align: justify;\">Los documentos expedidos por reposici\u00f3n son; tarjeta de Residente, Visitante o FMM (Forma Migratoria M\u00faltiple)com\u00fanmente conocidos como FM3, FM2, Visa de Trabajo, Visa de Estudiante, Visa de familiar, Visa de Negocios o Visa\/Permiso de Turista.<\/p>\n<p style=\"text-align: justify;\">Si est\u00e1 interesado en obtener mayor informaci\u00f3n sobre este tr\u00e1mite, visite nuestra secci\u00f3n de preguntas frecuentes para el tr\u00e1mite de expedici\u00f3n de documento por reposici\u00f3n.<\/p>\n<p style=\"text-align: justify;\"><img loading=\"lazy\" decoding=\"async\" class=\"alignnone wp-image-1956 size-full\" src=\"http:\/\/www.consultoreshh.com\/wp-content\/uploads\/2018\/09\/separador.jpg\" alt=\"\" width=\"2048\" height=\"91\" srcset=\"https:\/\/www.consultoreshh.com\/wp-content\/uploads\/2018\/09\/separador-200x9.jpg 200w, https:\/\/www.consultoreshh.com\/wp-content\/uploads\/2018\/09\/separador-300x13.jpg 300w, https:\/\/www.consultoreshh.com\/wp-content\/uploads\/2018\/09\/separador-400x18.jpg 400w, https:\/\/www.consultoreshh.com\/wp-content\/uploads\/2018\/09\/separador-600x27.jpg 600w, https:\/\/www.consultoreshh.com\/wp-content\/uploads\/2018\/09\/separador-768x34.jpg 768w, https:\/\/www.consultoreshh.com\/wp-content\/uploads\/2018\/09\/separador-800x36.jpg 800w, https:\/\/www.consultoreshh.com\/wp-content\/uploads\/2018\/09\/separador-1024x46.jpg 1024w, https:\/\/www.consultoreshh.com\/wp-content\/uploads\/2018\/09\/separador-1080x48.jpg 1080w, https:\/\/www.consultoreshh.com\/wp-content\/uploads\/2018\/09\/separador-1200x53.jpg 1200w, https:\/\/www.consultoreshh.com\/wp-content\/uploads\/2018\/09\/separador.jpg 2048w\" sizes=\"auto, (max-width: 2048px) 100vw, 2048px\" \/><\/p>\n<h3 style=\"text-align: justify;\">FAQ\u00b4S Expedici\u00f3n de Documento por Reposici\u00f3n<\/h3>\n<p style=\"text-align: justify;\"><strong>\u00bfQue necesito para poder realizar un tr\u00e1mite de expedici\u00f3n de documento por reposici\u00f3n?<\/strong><\/p>\n<p style=\"text-align: justify;\">Para iniciar su tr\u00e1mite de reposici\u00f3n por remplazo, es necesario entregar el original de su documento actual, acompa\u00f1ado de la documentaci\u00f3n correspondiente.<\/p>\n<p style=\"text-align: justify;\">En el caso de reposici\u00f3n por robo o extrav\u00edo, se requiere agendar una cita para que se lleve a cabo una entrevista en las oficinas del INM (Instituto Nacional de Migraci\u00f3n).<\/p>\n<p style=\"text-align: justify;\"><strong>\u00bf<\/strong><strong>D\u00f3nde puedo aplicar para un <\/strong><strong>tr\u00e1mite de expedici\u00f3n de documento por reposici\u00f3n<\/strong><strong>?<\/strong><\/p>\n<p style=\"text-align: justify;\">Usted puede ingresar su solicitud de tr\u00e1mite en cualquier oficina del INM, acompa\u00f1ada de la documentaci\u00f3n necesaria (Instituto Nacional de Migraci\u00f3n).<\/p>\n<p style=\"text-align: justify;\">Sin embargo, recomendamos siempre que su solicitud sea ingresada en la oficina correspondiente a su domicilio registrado ante el INM,\u00a0 de esta manera\u00a0 el tiempo en que se resuelva su tr\u00e1mite ser\u00e1 m\u00e1s r\u00e1pido.<\/p>\n<p style=\"text-align: justify;\">HH Consultores lo hace simple y sencillo para usted, agende hoy una consultor\u00eda con nuestro grupo de expertos, quienes\u00a0 le ayudaran en el proceso de gesti\u00f3n de su solicitud, as\u00ed no tendr\u00e1 que perder d\u00edas enteros realizando su tr\u00e1mite.<\/p>\n<p style=\"text-align: justify;\"><strong>\u00bf<\/strong><strong>Cu\u00e1nto tiempo tarda el <\/strong><strong>tr\u00e1mite de expedici\u00f3n de documento por reposici\u00f3n<\/strong><strong>?<\/strong><\/p>\n<p style=\"text-align: justify;\">En el caso de robo o extrav\u00edo el tiempo puede variar dependiendo que tan r\u00e1pido le agenden cita\u00a0 para su entrevista, regularmente tarda un aproximado de 10 d\u00edas, en el caso de remplazo el tiempo de espera es aproximadamente de 7 d\u00edas.<\/p>\n<p style=\"text-align: justify;\">Sin embargo, tome en cuenta que en la mayor\u00eda de los casos en los que se desconocen las disposiciones de la Ley de Migraci\u00f3n o no se cuenta con experiencia previa en tr\u00e1mites migratorios, el tiempo en que se resuelva su solicitud puede ser de 7 a 30 d\u00edas.<\/p>\n<p style=\"text-align: justify;\">Si est\u00e1 por iniciar su tr\u00e1mite migratorio, agende hoy una cita con uno de nuestros especialistas para agilizar su tr\u00e1mite y evitar que\u00a0 este le sea negado por falta de informaci\u00f3n acerca del procedimiento.<\/p>\n<p style=\"text-align: justify;\">En HH hacemosde su proceso migratorio una experiencia sin contratiempos.<strong>\u00a0<\/strong><\/p>\n<p style=\"text-align: justify;\"><strong>\u00bf<\/strong><strong>C\u00f3mo puedo iniciar mi <\/strong><strong>tr\u00e1mite de expedici\u00f3n de documento por reposici\u00f3n<\/strong><strong>?<\/strong><\/p>\n<p style=\"text-align: justify;\">Agendando una cita con uno de nuestros consultores, por favor recuerde que HH Consultores le puede atender en persona o en l\u00ednea.<\/p>\n<p style=\"text-align: justify;\"><strong>\u00bfPuedo iniciar mi <\/strong><strong>tr\u00e1mite de expedici\u00f3n de documento por reposici\u00f3n<\/strong><strong>desde el extranjero?<\/strong><\/p>\n<p style=\"text-align: justify;\">El tr\u00e1mite de reposici\u00f3n no puede ser iniciado desde el extranjero, es necesario que dentro de los tiempos establecidos por la Ley de Migraci\u00f3n, inicie su tr\u00e1mite en una oficina del INM.<\/p>\n<p style=\"text-align: justify;\">Sin embargo, si usted requiere viajar dentro o fuera de M\u00e9xico durante el proceso de su solicitud, HH le puede orientar sobre las alternativas disponibles, para evitar que su solicitud sea rechazada y pueda viajar sin contratiempos.<\/p>\n<p style=\"text-align: justify;\"><strong>\u00bfQu\u00e9 puedo hacer en caso de robo o extrav\u00edo de mi documento migratorio en el extranjero?<\/strong><\/p>\n<p style=\"text-align: justify;\">En estos casos es necesario obtener una visa por reposici\u00f3n de acuerdo a su estatus migratorio, es importante iniciar este procedimiento antes de su regreso a M\u00e9xico.<\/p>\n<p style=\"text-align: justify;\">Si se encuentra en esta situaci\u00f3n, en HH le podemos apoyar con nuestro servicio de consultor\u00eda a distancia, en la que podremos adem\u00e1s de proporcionarle la informaci\u00f3n que necesita, asistirle en iniciar el procedimiento para su tr\u00e1mite de visa por reposici\u00f3n en el extranjero, evitando de esta manera la p\u00e9rdida de su condici\u00f3n migratoria y con ella su historial migratorio.<\/p>\n<p style=\"text-align: justify;\">En HH queremos que sus procesos migratorios sean \u00e1giles, sencillos y confiables.<\/p>\n<p style=\"text-align: justify;\"><strong>\u00bfQu\u00e9 tan frecuente puedo salir de M\u00e9xico con mi documento migratorio obtenido por <\/strong><strong>tr\u00e1mite de expedici\u00f3n de documento por reposici\u00f3n<\/strong><strong>?<\/strong><\/p>\n<p style=\"text-align: justify;\">Ya sea que obtenga por reposici\u00f3n su documento de residente o de visitante con fines de adopci\u00f3n, en todos los casos usted podr\u00e1 entrar y salir de M\u00e9xico cuantas veces lo desee, siempre y cuando su documento migratorio este vigente.<\/p>\n<p style=\"text-align: justify;\">En el caso de reposici\u00f3n de FMM, usted debe permanecer en el pa\u00eds hasta su salida definitiva de M\u00e9xico, o hasta que se haya presentado el tr\u00e1mite correspondiente ante las oficinas del INM (Instituto Nacional de Migraci\u00f3n).<\/p>\n<p style=\"text-align: justify;\">En HH, adem\u00e1s de llevar a cabo su proceso migratorio, una vez que le es entregada su tarjeta, le hacemos saber sobre las obligaciones, derechos y recomendaciones que son de suma importancia y que debe tomar en cuenta con el fin de evitar cualquier imprevisto que pueda afectar su historial migratorio.<\/p>\n<p style=\"text-align: justify;\">Si usted ya cuenta con un documento migratorio y desea obtener mayor informaci\u00f3n sobre el tema, le sugerimos agendar su consultor\u00eda con uno de nuestros especialistas, quienes con gusto le asistir\u00e1n en todas sus dudas.<\/p>\n<p style=\"text-align: justify;\">Recuerdo que puede agendar su cita en l\u00ednea desde su hogar, o donde se encuentre, contar con informaci\u00f3n clara y segura sobre su estatus migratorio ahora es muy f\u00e1cil.\u00a0<strong>\u00a0<\/strong><\/p>\n<p style=\"text-align: justify;\"><strong>\u00bf<\/strong><strong>Cu\u00e1l es el costo por el <\/strong><strong>tr\u00e1mite de expedici\u00f3n de documento por reposici\u00f3n<\/strong><strong>?<\/strong><\/p>\n<p style=\"text-align: justify;\">Sabemos que las condiciones migratorias de cada extranjero son diferentes y que\u00a0 en dados casos, el procedimiento migratorio puede encontrarse en distintas etapas. Por lo que, el costo puede variar de acuerdo a las caracter\u00edsticas de cada caso.<\/p>\n<p style=\"text-align: justify;\">Es por ello, que recomendamos comenzar con una entrevista inicial (40 dlls, mismos que se descuentan del costo total por llevar su caso con nosotros) con la finalidad de obtener la mayor cantidad de informaci\u00f3n posible para determinar si este tipo de tr\u00e1mite es apto para el extranjero.<\/p>\n<p style=\"text-align: justify;\">De lo contrario, se le orientara sobre el proceso que mejor convenga de acuerdo a cada situaci\u00f3n.<\/p>\n<p style=\"text-align: justify;\">HH le ayuda a usted extranjero a regularizar su situaci\u00f3n migratoria, para que pueda disfrutar de M\u00e9xico con la confianza de contar con un estatus migratorio en orden.<\/p>\n<div class=\"fusion-sep-clear\"><\/div><div class=\"fusion-separator fusion-full-width-sep sep-single sep-solid\" style=\"border-color:#4cc08b;border-top-width:1px;margin-left: auto;margin-right: auto;margin-top:;margin-bottom:15px;\"><span class=\"icon-wrapper\" style=\"border-color:#4cc08b;\"><i class=\"fa fa-gavel\" style=\"color:#4cc08b;\"><\/i><\/span><\/div><h2 style=\"text-align: left;\"><a href=\"http:\/\/www.consultoreshh.com\/es\/ley-inmigracion-mexicana\/\">Ley de Inmigraci\u00f3n de M\u00e9xico<\/a><\/h2>\n<div class=\"fusion-clearfix\"><\/div>\n\n\t\t\t\t\t<\/div>\n\t\t\t\t<\/div><div  class=\"fusion-layout-column fusion_builder_column fusion_builder_column_1_2  fusion-one-half fusion-column-first 1_2\"  style='margin-top:0px;margin-bottom:20px;width:50%;width:calc(50% - ( ( 4% ) * 0.5 ) );margin-right: 4%;'>\n\t\t\t\t\t<div class=\"fusion-column-wrapper\" style=\"background-position:left top;background-repeat:no-repeat;-webkit-background-size:cover;-moz-background-size:cover;-o-background-size:cover;background-size:cover;\"  data-bg-url=\"\">\n\t\t\t\t\t\t<p>Visitante sin permiso para realizar actividades remuneradas (Art\u00edculo 52)<br \/>\nVisitante con permiso para realizar actividades remuneradas (Art\u00edculo 52)<br \/>\nVisitante por razones humanitarias (Art\u00edculo 52)<br \/>\nResidente permanente (Art\u00edculo 52)<\/p>\n<div class=\"fusion-clearfix\"><\/div>\n\n\t\t\t\t\t<\/div>\n\t\t\t\t<\/div><div  class=\"fusion-layout-column fusion_builder_column fusion_builder_column_1_2  fusion-one-half fusion-column-last 1_2\"  style='margin-top:0px;margin-bottom:20px;width:50%;width:calc(50% - ( ( 4% ) * 0.5 ) );'>\n\t\t\t\t\t<div class=\"fusion-column-wrapper\" style=\"background-position:left top;background-repeat:no-repeat;-webkit-background-size:cover;-moz-background-size:cover;-o-background-size:cover;background-size:cover;\"  data-bg-url=\"\">\n\t\t\t\t\t\t<p>Visitante con fines de adopci\u00f3n (Art\u00edculo 52)<br \/>\nResidente temporal (Art\u00edculo 52)<br \/>\nResidente temporal estudiante (Art\u00edculo 52)<br \/>\nArt\u00edculo 128<strong><br \/>\n<\/strong><\/p>\n<div class=\"fusion-clearfix\"><\/div>\n\n\t\t\t\t\t<\/div>\n\t\t\t\t<\/div><\/div><\/div>\n","protected":false},"excerpt":{"rendered":"","protected":false},"author":2,"featured_media":0,"parent":0,"menu_order":1,"comment_status":"closed","ping_status":"closed","template":"","meta":{"footnotes":""},"class_list":["post-2022","page","type-page","status-publish","hentry"],"_links":{"self":[{"href":"https:\/\/www.consultoreshh.com\/es\/wp-json\/wp\/v2\/pages\/2022","targetHints":{"allow":["GET"]}}],"collection":[{"href":"https:\/\/www.consultoreshh.com\/es\/wp-json\/wp\/v2\/pages"}],"about":[{"href":"https:\/\/www.consultoreshh.com\/es\/wp-json\/wp\/v2\/types\/page"}],"author":[{"embeddable":true,"href":"https:\/\/www.consultoreshh.com\/es\/wp-json\/wp\/v2\/users\/2"}],"replies":[{"embeddable":true,"href":"https:\/\/www.consultoreshh.com\/es\/wp-json\/wp\/v2\/comments?post=2022"}],"version-history":[{"count":3,"href":"https:\/\/www.consultoreshh.com\/es\/wp-json\/wp\/v2\/pages\/2022\/revisions"}],"predecessor-version":[{"id":2406,"href":"https:\/\/www.consultoreshh.com\/es\/wp-json\/wp\/v2\/pages\/2022\/revisions\/2406"}],"wp:attachment":[{"href":"https:\/\/www.consultoreshh.com\/es\/wp-json\/wp\/v2\/media?parent=2022"}],"curies":[{"name":"wp","href":"https:\/\/api.w.org\/{rel}","templated":true}]}}