{"id":1861,"date":"2018-08-14T19:12:51","date_gmt":"2018-08-14T19:12:51","guid":{"rendered":"http:\/\/www.consultoreshh.com\/?page_id=1861\/"},"modified":"2024-03-14T01:03:11","modified_gmt":"2024-03-14T01:03:11","slug":"solicita-consultoria","status":"publish","type":"page","link":"https:\/\/www.consultoreshh.com\/es\/solicita-consultoria\/","title":{"rendered":"Solicita consultor\u00eda"},"content":{"rendered":"<div  class=\"fusion-fullwidth fullwidth-box hundred-percent-fullwidth\"  style='background-color: rgba(255,255,255,0);background-position: left top;background-repeat: no-repeat;padding-right:0px;padding-left:0px;border-top-width:0px;border-bottom-width:0px;border-color:#eae9e9;border-top-style:solid;border-bottom-style:solid;'><div class=\"fusion-builder-row fusion-row \"><div  class=\"fusion-layout-column fusion_builder_column fusion_builder_column_1_1  fusion-one-full fusion-column-first fusion-column-last 1_1\"  style='margin-top:0px;margin-bottom:20px;'>\n\t\t\t\t\t<div class=\"fusion-column-wrapper\" style=\"background-position:left top;background-repeat:no-repeat;-webkit-background-size:cover;-moz-background-size:cover;-o-background-size:cover;background-size:cover;\"  data-bg-url=\"\">\n\t\t\t\t\t\t<h2 style=\"text-align: left;\">En HH sabemos que es indispensable contar con m\u00e1s de una sola opci\u00f3n que se adapte a\u00a0cada una de las necesidades de nuestros clientes, por lo que ponemos a su alcance el serviciode consultor\u00eda en las siguientes modalidades:<\/h2>\n<h2>\u2022 Presencial<br \/>\n\u2022 En l\u00ednea<\/h2>\n<h1 style=\"text-align: center;\">En l\u00ednea<\/h1>\n<p>Nuestro servicio de consultor\u00eda en l\u00ednea consiste en una sesi\u00f3n de 30-60 minutos por Skype\u00a0con uno de nuestros especialistas. Recomendamos esta alternativa para aquellos clientes que\u00a0no cuentan con tiempo suficiente para acudir presencialmente o bien, requieren de una\u00a0consulta r\u00e1pida acerca de que procedimiento deben seguir. Las consultas a distancia han sido\u00a0de gran ayuda para aquellos que a\u00fan se encuentran radicando en el extranjero y est\u00e1n\u00a0interesados en viajar a M\u00e9xico con fines tur\u00edsticos, acad\u00e9micos y\/o residir en el pa\u00eds.<\/p>\n<p>El prop\u00f3sito de la primera cita es obtener informaci\u00f3n clave que nos permita orientar a nuestros\u00a0clientes acerca de la mejor opci\u00f3n para obtener su legal estancia en M\u00e9xico.<\/p>\n<p>Agendar su cita es muy sencillo, solo tiene que seguir lo siguientes pasos:<\/p>\n<p>1.De click en la opci\u00f3n \u2018\u2019Enviar mensaje\u2019\u2019.<br \/>\n2.Indique la fecha de su preferencia.<br \/>\n3.Ingrese sus datos y el tipo de consultor\u00eda que le interesa.<\/p>\n<p>Si lo desea, tambi\u00e9n puede agendar su cita llamando al 001 619-780-1274 y +52 1 664-108-2371, o enviando un correo a info@consultoreshh.com<\/p>\n<p>*Dentro de las pr\u00f3ximas 24 horas recibir\u00e1 respuesta por parte de nuestro equipo\u00a0confirmando la previa cita, adjunto a ello la informaci\u00f3n necesaria sobre los m\u00e9todos de\u00a0pago.<\/p>\n<div class=\"fusion-clearfix\"><\/div>\n\n\t\t\t\t\t<\/div>\n\t\t\t\t<\/div><div  class=\"fusion-layout-column fusion_builder_column fusion_builder_column_1_1  fusion-one-full fusion-column-first fusion-column-last fusion-column-no-min-height 1_1\"  style='margin-top:0px;margin-bottom:0px;'>\n\t\t\t\t\t<div class=\"fusion-column-wrapper\" style=\"background-position:left top;background-repeat:no-repeat;-webkit-background-size:cover;-moz-background-size:cover;-o-background-size:cover;background-size:cover;\"  data-bg-url=\"\">\n\t\t\t\t\t\t<div class=\"fusion-sep-clear\"><\/div><div class=\"fusion-separator fusion-full-width-sep sep-single sep-solid\" style=\"border-color:#4cc08b;border-top-width:1px;margin-left: auto;margin-right: auto;margin-top:;margin-bottom:15px;\"><span class=\"icon-wrapper\" style=\"border-color:#4cc08b;\"><i class=\"fa fa-gavel\" style=\"color:#4cc08b;\"><\/i><\/span><\/div><h1 style=\"text-align: center;\">Presencial<\/h1>\n<p>El servicio de consultor\u00eda presencial es una alternativa flexible que permite a nuestros clientes\u00a0acudir a nuestras oficinas en Tijuana, u optar por reunirse con uno de nuestros consultores en\u00a0las ciudades de Ensenada, Rosarito, Mexicali, San Diego o Los \u00c1ngeles.<\/p>\n<p>El prop\u00f3sito de la primera cita es obtener informaci\u00f3n clave que nos permita orientar a nuestros\u00a0clientes acerca de la mejor opci\u00f3n para obtener su legal estancia en M\u00e9xico.<\/p>\n<p>Agendar su cita es muy sencillo, solo tiene que seguir lo siguientes pasos:<\/p>\n<p>1.De click en la opci\u00f3n \u2018\u2019Enviar mensaje\u2019\u2019.<br \/>\n2.Indique la fecha de su preferencia.<br \/>\n3.Ingrese sus datos y el tipo de consultor\u00eda que le interesa.<\/p>\n<p>Si lo desea, tambi\u00e9n puede agendar su cita llamando al 001 619-780-1274 y +52 1 664-108-2371, o enviando un correo a info@consultoreshh.com<\/p>\n<p>*Dentro de las pr\u00f3ximas 24 horas recibir\u00e1 respuesta por parte de nuestro equipo\u00a0confirmando la previa cita, adjunto a ello la informaci\u00f3n necesaria sobre los m\u00e9todos de\u00a0pago.<\/p>\n<div class=\"fusion-clearfix\"><\/div>\n\n\t\t\t\t\t<\/div>\n\t\t\t\t<\/div><\/div><\/div>\n","protected":false},"excerpt":{"rendered":"","protected":false},"author":2,"featured_media":0,"parent":0,"menu_order":0,"comment_status":"closed","ping_status":"closed","template":"","meta":{"footnotes":""},"class_list":["post-1861","page","type-page","status-publish","hentry"],"_links":{"self":[{"href":"https:\/\/www.consultoreshh.com\/es\/wp-json\/wp\/v2\/pages\/1861","targetHints":{"allow":["GET"]}}],"collection":[{"href":"https:\/\/www.consultoreshh.com\/es\/wp-json\/wp\/v2\/pages"}],"about":[{"href":"https:\/\/www.consultoreshh.com\/es\/wp-json\/wp\/v2\/types\/page"}],"author":[{"embeddable":true,"href":"https:\/\/www.consultoreshh.com\/es\/wp-json\/wp\/v2\/users\/2"}],"replies":[{"embeddable":true,"href":"https:\/\/www.consultoreshh.com\/es\/wp-json\/wp\/v2\/comments?post=1861"}],"version-history":[{"count":2,"href":"https:\/\/www.consultoreshh.com\/es\/wp-json\/wp\/v2\/pages\/1861\/revisions"}],"predecessor-version":[{"id":1863,"href":"https:\/\/www.consultoreshh.com\/es\/wp-json\/wp\/v2\/pages\/1861\/revisions\/1863"}],"wp:attachment":[{"href":"https:\/\/www.consultoreshh.com\/es\/wp-json\/wp\/v2\/media?parent=1861"}],"curies":[{"name":"wp","href":"https:\/\/api.w.org\/{rel}","templated":true}]}}