{"id":1765,"date":"2018-07-27T22:37:28","date_gmt":"2018-07-27T22:37:28","guid":{"rendered":"http:\/\/www.consultoreshh.com\/?page_id=1765\/"},"modified":"2024-03-14T01:03:11","modified_gmt":"2024-03-14T01:03:11","slug":"articulo-128","status":"publish","type":"page","link":"https:\/\/www.consultoreshh.com\/es\/ley-inmigracion-mexicana\/articulo-128\/","title":{"rendered":"Art\u00edculo 128"},"content":{"rendered":"<div  class=\"fusion-fullwidth fullwidth-box hundred-percent-fullwidth\"  style='background-color: rgba(255,255,255,0);background-position: center center;background-repeat: no-repeat;padding-top:0px;padding-right:0px;padding-bottom:0px;padding-left:0px;border-top-width:0px;border-bottom-width:0px;border-color:#eae9e9;border-top-style:solid;border-bottom-style:solid;'><div class=\"fusion-builder-row fusion-row \"><div  class=\"fusion-layout-column fusion_builder_column fusion_builder_column_1_1  fusion-one-full fusion-column-first fusion-column-last fusion-column-no-min-height 1_1\"  style='margin-top:0px;margin-bottom:0px;'>\n\t\t\t\t\t<div class=\"fusion-column-wrapper\" style=\"background-position:left top;background-repeat:no-repeat;-webkit-background-size:cover;-moz-background-size:cover;-o-background-size:cover;background-size:cover;\"  data-bg-url=\"\">\n\t\t\t\t\t\t<h2 class=\"fusion-header-tagline\" data-fontsize=\"20\" data-lineheight=\"32\">Art\u00edculo 128<\/h2>\n<p style=\"text-align: justify;\">La autoridad de inmigraci\u00f3n emitir\u00e1 una resoluci\u00f3n sobre los procedimientos de inmigraci\u00f3n dentro de un per\u00edodo que no exceda los veinte d\u00edas h\u00e1biles a partir de la fecha en que el solicitante cumpla con todos los requisitos formales de esta ley, sus reglamentos y otras disposiciones administrativas.<\/p>\n<p style=\"text-align: justify;\">Despu\u00e9s de ese tiempo sin que se apruebe la resoluci\u00f3n, se considera que es una resoluci\u00f3n negativa.<\/p>\n<p style=\"text-align: justify;\">Si el individuo lo requiere, la autoridad emitir\u00e1 pruebas de este hecho dentro de los dos d\u00edas h\u00e1biles posteriores a la presentaci\u00f3n.<\/p>\n<div class=\"fusion-sep-clear\"><\/div><div class=\"fusion-separator fusion-full-width-sep sep-single sep-solid\" style=\"border-color:#4cc08b;border-top-width:1px;margin-left: auto;margin-right: auto;margin-top:20px;margin-bottom:20px;\"><span class=\"icon-wrapper\" style=\"border-color:#4cc08b;\"><i class=\"fa fa-gavel\" style=\"color:#4cc08b;\"><\/i><\/span><\/div><h2 class=\"fusion-header-tagline\" data-fontsize=\"20\" data-lineheight=\"32\">Servicios mexicanos de procesamiento y consultor\u00eda migratoria<\/h2>\n<div class=\"fusion-sep-clear\"><\/div><div class=\"fusion-separator fusion-full-width-sep sep-none\" style=\"margin-left: auto;margin-right: auto;margin-top:;\"><\/div><p>Emisi\u00f3n de tarjeta de residencia por sustituci\u00f3n en M\u00e9xico<\/p>\n<div class=\"fusion-clearfix\"><\/div>\n\n\t\t\t\t\t<\/div>\n\t\t\t\t<\/div><\/div><\/div>\n","protected":false},"excerpt":{"rendered":"","protected":false},"author":2,"featured_media":0,"parent":127,"menu_order":3,"comment_status":"closed","ping_status":"closed","template":"","meta":{"footnotes":""},"class_list":["post-1765","page","type-page","status-publish","hentry"],"_links":{"self":[{"href":"https:\/\/www.consultoreshh.com\/es\/wp-json\/wp\/v2\/pages\/1765","targetHints":{"allow":["GET"]}}],"collection":[{"href":"https:\/\/www.consultoreshh.com\/es\/wp-json\/wp\/v2\/pages"}],"about":[{"href":"https:\/\/www.consultoreshh.com\/es\/wp-json\/wp\/v2\/types\/page"}],"author":[{"embeddable":true,"href":"https:\/\/www.consultoreshh.com\/es\/wp-json\/wp\/v2\/users\/2"}],"replies":[{"embeddable":true,"href":"https:\/\/www.consultoreshh.com\/es\/wp-json\/wp\/v2\/comments?post=1765"}],"version-history":[{"count":3,"href":"https:\/\/www.consultoreshh.com\/es\/wp-json\/wp\/v2\/pages\/1765\/revisions"}],"predecessor-version":[{"id":2397,"href":"https:\/\/www.consultoreshh.com\/es\/wp-json\/wp\/v2\/pages\/1765\/revisions\/2397"}],"up":[{"embeddable":true,"href":"https:\/\/www.consultoreshh.com\/es\/wp-json\/wp\/v2\/pages\/127"}],"wp:attachment":[{"href":"https:\/\/www.consultoreshh.com\/es\/wp-json\/wp\/v2\/media?parent=1765"}],"curies":[{"name":"wp","href":"https:\/\/api.w.org\/{rel}","templated":true}]}}