{"id":1754,"date":"2018-07-27T22:07:41","date_gmt":"2018-07-27T22:07:41","guid":{"rendered":"http:\/\/www.consultoreshh.com\/?page_id=1754\/"},"modified":"2024-03-14T01:03:11","modified_gmt":"2024-03-14T01:03:11","slug":"residencia-temporal-y-permanente-articulo-59","status":"publish","type":"page","link":"https:\/\/www.consultoreshh.com\/es\/ley-inmigracion-mexicana\/residencia-temporal-y-permanente-articulo-59\/","title":{"rendered":"Residencia temporal y permanente (Art\u00edculo 59)"},"content":{"rendered":"<div  class=\"fusion-fullwidth fullwidth-box nonhundred-percent-fullwidth\"  style='background-color: rgba(255,255,255,0);background-position: center center;background-repeat: no-repeat;padding-top:0px;padding-right:0px;padding-bottom:0px;padding-left:0px;border-top-width:0px;border-bottom-width:0px;border-color:#eae9e9;border-top-style:solid;border-bottom-style:solid;'><div class=\"fusion-builder-row fusion-row \"><div  class=\"fusion-layout-column fusion_builder_column fusion_builder_column_1_1  fusion-one-full fusion-column-first fusion-column-last 1_1\"  style='margin-top:0px;margin-bottom:0px;'>\n\t\t\t\t\t<div class=\"fusion-column-wrapper\" style=\"background-position:left top;background-repeat:no-repeat;-webkit-background-size:cover;-moz-background-size:cover;-o-background-size:cover;background-size:cover;\"  data-bg-url=\"\">\n\t\t\t\t\t\t<h2>Residencia temporal y permanente (Art\u00edculo 59)<\/h2>\n<p class=\"textbox\" dir=\"ltr\" style=\"text-align: justify;\">Los residentes temporales y permanentes, con excepci\u00f3n de\u00a0aquellos que soliciten asilo\u00a0pol\u00edtico, reconocimiento de la condici\u00f3n de refugiado o determinaci\u00f3n de ap\u00e1tridas, tendr\u00e1n un plazo de\u00a0treinta d\u00edas naturales contados a partir de su ingreso a\u00a0territorio nacional, para gestionar ante el Instituto\u00a0la tarjeta de residencia correspondiente, misma que permanecer\u00e1 vigente por el tiempo que se haya\u00a0autorizado la estancia.<\/p>\n<p class=\"textbox\" dir=\"ltr\" style=\"text-align: justify;\">Con esta tarjeta acreditar\u00e1n su situaci\u00f3n migratoria regular en territorio nacional\u00a0mientras est\u00e9 vigente.<\/p>\n<p class=\"textbox\" dir=\"ltr\" style=\"text-align: justify;\">Los solicitantes de asilo pol\u00edtico, reconocimiento de la condici\u00f3n de refugiado, que sean determinados\u00a0como ap\u00e1tridas o que se les otorgue protecci\u00f3n complementaria, obtendr\u00e1n su tarjeta de residencia\u00a0permanente a la conclusi\u00f3n del procedimiento correspondiente.<\/p>\n<p class=\"textbox\" dir=\"ltr\" style=\"text-align: justify;\">Obtenida la tarjeta de residencia, los residentes temporales y permanentes tendr\u00e1n derecho a obtener\u00a0de la Secretar\u00eda la Clave \u00danica de Registro de Poblaci\u00f3n.<\/p>\n<p class=\"textbox\" dir=\"ltr\" style=\"text-align: justify;\">Los requisitos y procedimientos para obtener la tarjeta de\u00a0residencia correspondiente ser\u00e1n\u00a0establecidos en el Reglamento.<\/p>\n<div class=\"fusion-clearfix\"><\/div>\n\n\t\t\t\t\t<\/div>\n\t\t\t\t<\/div><\/div><\/div>\n","protected":false},"excerpt":{"rendered":"","protected":false},"author":2,"featured_media":0,"parent":127,"menu_order":1,"comment_status":"closed","ping_status":"closed","template":"","meta":{"footnotes":""},"class_list":["post-1754","page","type-page","status-publish","hentry"],"_links":{"self":[{"href":"https:\/\/www.consultoreshh.com\/es\/wp-json\/wp\/v2\/pages\/1754","targetHints":{"allow":["GET"]}}],"collection":[{"href":"https:\/\/www.consultoreshh.com\/es\/wp-json\/wp\/v2\/pages"}],"about":[{"href":"https:\/\/www.consultoreshh.com\/es\/wp-json\/wp\/v2\/types\/page"}],"author":[{"embeddable":true,"href":"https:\/\/www.consultoreshh.com\/es\/wp-json\/wp\/v2\/users\/2"}],"replies":[{"embeddable":true,"href":"https:\/\/www.consultoreshh.com\/es\/wp-json\/wp\/v2\/comments?post=1754"}],"version-history":[{"count":5,"href":"https:\/\/www.consultoreshh.com\/es\/wp-json\/wp\/v2\/pages\/1754\/revisions"}],"predecessor-version":[{"id":2396,"href":"https:\/\/www.consultoreshh.com\/es\/wp-json\/wp\/v2\/pages\/1754\/revisions\/2396"}],"up":[{"embeddable":true,"href":"https:\/\/www.consultoreshh.com\/es\/wp-json\/wp\/v2\/pages\/127"}],"wp:attachment":[{"href":"https:\/\/www.consultoreshh.com\/es\/wp-json\/wp\/v2\/media?parent=1754"}],"curies":[{"name":"wp","href":"https:\/\/api.w.org\/{rel}","templated":true}]}}