{"id":1751,"date":"2018-07-27T21:56:12","date_gmt":"2018-07-27T21:56:12","guid":{"rendered":"http:\/\/www.consultoreshh.com\/?page_id=1751\/"},"modified":"2024-03-14T01:03:11","modified_gmt":"2024-03-14T01:03:11","slug":"visitante-por-razones-humanitarias-articulo-52","status":"publish","type":"page","link":"https:\/\/www.consultoreshh.com\/es\/ley-inmigracion-mexicana\/visitante-por-razones-humanitarias-articulo-52\/","title":{"rendered":"Visitante por razones humanitarias (Art\u00edculo 52)"},"content":{"rendered":"<div  class=\"fusion-fullwidth fullwidth-box nonhundred-percent-fullwidth\"  style='background-color: rgba(255,255,255,0);background-position: center center;background-repeat: no-repeat;padding-top:0px;padding-right:0px;padding-bottom:0px;padding-left:0px;border-top-width:0px;border-bottom-width:0px;border-color:#eae9e9;border-top-style:solid;border-bottom-style:solid;'><div class=\"fusion-builder-row fusion-row \"><div  class=\"fusion-layout-column fusion_builder_column fusion_builder_column_1_1  fusion-one-full fusion-column-first fusion-column-last 1_1\"  style='margin-top:0px;margin-bottom:20px;'>\n\t\t\t\t\t<div class=\"fusion-column-wrapper\" style=\"background-position:left top;background-repeat:no-repeat;-webkit-background-size:cover;-moz-background-size:cover;-o-background-size:cover;background-size:cover;\"  data-bg-url=\"\">\n\t\t\t\t\t\t<h2>Visitante por razones humanitarias (Art\u00edculo 52)<\/h2>\n<p class=\"textbox\" dir=\"ltr\" style=\"text-align: justify;\">Se autorizar\u00e1 esta condici\u00f3n de\u00a0estancia a los\u00a0extranjeros que se encuentren en cualquiera de los siguientes supuestos:<\/p>\n<ul style=\"text-align: justify;\">\n<li class=\"textbox\" dir=\"ltr\">Ser ofendido, v\u00edctima o testigo de alg\u00fan delito cometido en territorio nacional.<\/li>\n<\/ul>\n<p class=\"textbox\" dir=\"ltr\" style=\"text-align: justify;\">Para efectos de esta Ley, sin perjuicio de lo establecido\u00a0en otras disposiciones jur\u00eddicas aplicables, se\u00a0considerar\u00e1 ofendido o v\u00edctima a la persona que sea el\u00a0sujeto pasivo de la conducta delictiva,\u00a0independientemente de que se identifique, aprehenda,\u00a0enjuicie o condene al perpetrador e\u00a0independientemente de la relaci\u00f3n familiar entre el perpetrador y la v\u00edctima.<\/p>\n<p class=\"textbox\" dir=\"ltr\" style=\"text-align: justify;\">Al ofendido, v\u00edctima o testigo de un delito a quien se autorice la condici\u00f3n de estancia de Visitante por Razones Humanitarias, se le autorizar\u00e1 para permanecer en\u00a0el pa\u00eds hasta que concluya el proceso, al t\u00e9rmino del cual\u00a0deber\u00e1n salir del pa\u00eds o solicitar una nueva condici\u00f3n de estancia, con derecho a entrar y\u00a0salir del pa\u00eds cuantas veces lo desee y con permiso para\u00a0trabajar a cambio de una remuneraci\u00f3n en el pa\u00eds. Posteriormente, podr\u00e1 solicitar la condici\u00f3n de estancia de residente permanente;<\/p>\n<ul>\n<li class=\"textbox\" dir=\"ltr\" style=\"text-align: justify;\">Ser ni\u00f1a, ni\u00f1o o adolescente migrante no acompa\u00f1ado, en t\u00e9rminos del art\u00edculo 74 de esta Ley.<\/li>\n<li class=\"textbox\" dir=\"ltr\" style=\"text-align: justify;\">Ser solicitante de asilo pol\u00edtico, de reconocimiento de la condici\u00f3n de refugiado o de protecci\u00f3n complementaria del Estado Mexicano,\u00a0 hasta en tanto no se resuelva su situaci\u00f3n migratoria.<br \/>\nSi la solicitud es positiva se les otorgar\u00e1 la condici\u00f3n de\u00a0estancia de residente\u00a0permanente, en t\u00e9rminos del art\u00edculo 54 de esta Ley.<\/li>\n<\/ul>\n<p class=\"textbox\" dir=\"ltr\" style=\"text-align: justify;\">Tambi\u00e9n la Secretar\u00eda podr\u00e1 autorizar la condici\u00f3n de estancia de visitante por razones humanitarias a\u00a0los extranjeros que no se ubiquen en los supuestos anteriores, cuando exista una causa humanitaria o de\u00a0inter\u00e9s p\u00fablico que haga necesaria su internaci\u00f3n o regularizaci\u00f3n en el pa\u00eds, en cuyo caso contar\u00e1n con\u00a0permiso para trabajar a cambio de una remuneraci\u00f3n.<\/p>\n<div class=\"fusion-clearfix\"><\/div>\n\n\t\t\t\t\t<\/div>\n\t\t\t\t<\/div><\/div><\/div>\n","protected":false},"excerpt":{"rendered":"","protected":false},"author":2,"featured_media":0,"parent":127,"menu_order":2,"comment_status":"closed","ping_status":"closed","template":"","meta":{"footnotes":""},"class_list":["post-1751","page","type-page","status-publish","hentry"],"_links":{"self":[{"href":"https:\/\/www.consultoreshh.com\/es\/wp-json\/wp\/v2\/pages\/1751","targetHints":{"allow":["GET"]}}],"collection":[{"href":"https:\/\/www.consultoreshh.com\/es\/wp-json\/wp\/v2\/pages"}],"about":[{"href":"https:\/\/www.consultoreshh.com\/es\/wp-json\/wp\/v2\/types\/page"}],"author":[{"embeddable":true,"href":"https:\/\/www.consultoreshh.com\/es\/wp-json\/wp\/v2\/users\/2"}],"replies":[{"embeddable":true,"href":"https:\/\/www.consultoreshh.com\/es\/wp-json\/wp\/v2\/comments?post=1751"}],"version-history":[{"count":6,"href":"https:\/\/www.consultoreshh.com\/es\/wp-json\/wp\/v2\/pages\/1751\/revisions"}],"predecessor-version":[{"id":2395,"href":"https:\/\/www.consultoreshh.com\/es\/wp-json\/wp\/v2\/pages\/1751\/revisions\/2395"}],"up":[{"embeddable":true,"href":"https:\/\/www.consultoreshh.com\/es\/wp-json\/wp\/v2\/pages\/127"}],"wp:attachment":[{"href":"https:\/\/www.consultoreshh.com\/es\/wp-json\/wp\/v2\/media?parent=1751"}],"curies":[{"name":"wp","href":"https:\/\/api.w.org\/{rel}","templated":true}]}}