{"id":1731,"date":"2018-07-27T20:43:08","date_gmt":"2018-07-27T20:43:08","guid":{"rendered":"http:\/\/www.consultoreshh.com\/?page_id=1731\/"},"modified":"2024-03-14T01:03:11","modified_gmt":"2024-03-14T01:03:11","slug":"residencia-temporal-articulo-52","status":"publish","type":"page","link":"https:\/\/www.consultoreshh.com\/es\/ley-inmigracion-mexicana\/residencia-temporal-articulo-52\/","title":{"rendered":"Residencia temporal (Art\u00edculo 52)"},"content":{"rendered":"<div  class=\"fusion-fullwidth fullwidth-box nonhundred-percent-fullwidth\"  style='background-color: rgba(255,255,255,0);background-position: center center;background-repeat: no-repeat;padding-top:0px;padding-right:0px;padding-bottom:0px;padding-left:0px;border-top-width:0px;border-bottom-width:0px;border-color:#eae9e9;border-top-style:solid;border-bottom-style:solid;'><div class=\"fusion-builder-row fusion-row \"><div  class=\"fusion-layout-column fusion_builder_column fusion_builder_column_1_1  fusion-one-full fusion-column-first fusion-column-last 1_1\"  style='margin-top:0px;margin-bottom:20px;'>\n\t\t\t\t\t<div class=\"fusion-column-wrapper\" style=\"background-position:left top;background-repeat:no-repeat;-webkit-background-size:cover;-moz-background-size:cover;-o-background-size:cover;background-size:cover;\"  data-bg-url=\"\">\n\t\t\t\t\t\t<h1>Residencia temporal (Art\u00edculo 52)<\/h1>\n<p class=\"textbox\" dir=\"ltr\" style=\"text-align: justify;\">Autoriza al extranjero para permanecer en el\u00a0pa\u00eds por un tiempo no mayor a cuatro a\u00f1os, con la posibilidad de obtener un permiso para trabajar a cambio de una\u00a0remuneraci\u00f3n en el pa\u00eds, sujeto a una oferta de empleo\u00a0con derecho a entrar y salir del territorio nacional\u00a0cuantas veces lo desee y con derecho a la preservaci\u00f3n\u00a0de la unidad familiar por lo que podr\u00e1 ingresar\u00a0con o solicitar posteriormente la internaci\u00f3n de las personas que se se\u00f1alan a continuaci\u00f3n, quienes\u00a0podr\u00e1n residir regularmente en territorio nacional por el tiempo que dure el permiso del residente\u00a0temporal:<\/p>\n<ul style=\"text-align: justify;\">\n<li class=\"textbox\" dir=\"ltr\">Hijos del residente temporal y los hijos del c\u00f3nyuge,\u00a0concubinario o concubina, siempre y cuando\u00a0sean ni\u00f1as, ni\u00f1os y adolescentes y no hayan contra\u00eddo matrimonio, o se encuentren bajo su tutela o\u00a0custodia;<\/li>\n<li class=\"textbox\" dir=\"ltr\">C\u00f3nyuge;<\/li>\n<li class=\"textbox\" dir=\"ltr\">Concubinario, concubina o figura equivalente, acreditando\u00a0dicha situaci\u00f3n jur\u00eddica conforme a los\u00a0supuestos que se\u00f1ala la legislaci\u00f3n mexicana, y<\/li>\n<li class=\"textbox\" dir=\"ltr\">Padre o madre del residente temporal.<\/li>\n<\/ul>\n<p class=\"textbox\" dir=\"ltr\" style=\"text-align: justify;\">Las personas a que se refieren los incisos anteriores ser\u00e1n autorizados para residir regularmente en\u00a0territorio nacional bajo la condici\u00f3n de estancia de residente temporal, con la posibilidad de obtener un\u00a0permiso para trabajar a cambio de una remuneraci\u00f3n en el pa\u00eds sujeto a una oferta de empleo, y con\u00a0derecho a entrar y salir del territorio nacional cuantas veces\u00a0lo deseen.<\/p>\n<p class=\"textbox\" dir=\"ltr\" style=\"text-align: justify;\">En el caso de que el residente temporal cuente con una oferta de empleo, se le otorgar\u00e1 permiso para\u00a0trabajar a cambio de una remuneraci\u00f3n en el pa\u00eds, en la actividad relacionada con dicha oferta de\u00a0empleo.<\/p>\n<div class=\"fusion-clearfix\"><\/div>\n\n\t\t\t\t\t<\/div>\n\t\t\t\t<\/div><\/div><\/div>\n","protected":false},"excerpt":{"rendered":"","protected":false},"author":2,"featured_media":0,"parent":127,"menu_order":12,"comment_status":"closed","ping_status":"closed","template":"","meta":{"footnotes":""},"class_list":["post-1731","page","type-page","status-publish","hentry"],"_links":{"self":[{"href":"https:\/\/www.consultoreshh.com\/es\/wp-json\/wp\/v2\/pages\/1731","targetHints":{"allow":["GET"]}}],"collection":[{"href":"https:\/\/www.consultoreshh.com\/es\/wp-json\/wp\/v2\/pages"}],"about":[{"href":"https:\/\/www.consultoreshh.com\/es\/wp-json\/wp\/v2\/types\/page"}],"author":[{"embeddable":true,"href":"https:\/\/www.consultoreshh.com\/es\/wp-json\/wp\/v2\/users\/2"}],"replies":[{"embeddable":true,"href":"https:\/\/www.consultoreshh.com\/es\/wp-json\/wp\/v2\/comments?post=1731"}],"version-history":[{"count":3,"href":"https:\/\/www.consultoreshh.com\/es\/wp-json\/wp\/v2\/pages\/1731\/revisions"}],"predecessor-version":[{"id":2391,"href":"https:\/\/www.consultoreshh.com\/es\/wp-json\/wp\/v2\/pages\/1731\/revisions\/2391"}],"up":[{"embeddable":true,"href":"https:\/\/www.consultoreshh.com\/es\/wp-json\/wp\/v2\/pages\/127"}],"wp:attachment":[{"href":"https:\/\/www.consultoreshh.com\/es\/wp-json\/wp\/v2\/media?parent=1731"}],"curies":[{"name":"wp","href":"https:\/\/api.w.org\/{rel}","templated":true}]}}