{"id":1693,"date":"2018-07-27T19:20:42","date_gmt":"2018-07-27T19:20:42","guid":{"rendered":"http:\/\/www.consultoreshh.com\/?page_id=1693\/"},"modified":"2024-03-14T01:03:11","modified_gmt":"2024-03-14T01:03:11","slug":"articulo-37","status":"publish","type":"page","link":"https:\/\/www.consultoreshh.com\/es\/ley-inmigracion-mexicana\/articulo-37\/","title":{"rendered":"Art\u00edculo 37"},"content":{"rendered":"<div  class=\"fusion-fullwidth fullwidth-box hundred-percent-fullwidth\"  style='background-color: rgba(255,255,255,0);background-position: center center;background-repeat: no-repeat;padding-top:0px;padding-right:0px;padding-bottom:0px;padding-left:0px;border-top-width:0px;border-bottom-width:0px;border-color:#eae9e9;border-top-style:solid;border-bottom-style:solid;'><div class=\"fusion-builder-row fusion-row \"><div  class=\"fusion-layout-column fusion_builder_column fusion_builder_column_1_1  fusion-one-full fusion-column-first fusion-column-last fusion-column-no-min-height 1_1\"  style='margin-top:0px;margin-bottom:0px;'>\n\t\t\t\t\t<div class=\"fusion-column-wrapper\" style=\"background-position:left top;background-repeat:no-repeat;-webkit-background-size:cover;-moz-background-size:cover;-o-background-size:cover;background-size:cover;\"  data-bg-url=\"\">\n\t\t\t\t\t\t<h1>Art\u00edculo 37<\/h1>\n<p>Para internarse al pa\u00eds, los extranjeros deber\u00e1n:<\/p>\n<ul>\n<li>Presentar en el filtro de revisi\u00f3n migratoria ante el Instituto, los documentos siguientes:<\/li>\n<\/ul>\n<ol>\n<li style=\"text-align: justify;\">Pasaporte o documento de identidad y viaje que sea v\u00e1lido de conformidad con el derecho\u00a0internacional vigente.<\/li>\n<li style=\"text-align: justify;\">Cuando as\u00ed se requiera, visa v\u00e1lidamente expedida y en vigor, en t\u00e9rminos del art\u00edculo 40 de esta Ley.<\/li>\n<li style=\"text-align: justify;\">Tarjeta de residencia o autorizaci\u00f3n en la condici\u00f3n de\u00a0estancia de visitante regional, visitante\u00a0trabajador fronterizo o visitante por razones humanitarias.<\/li>\n<\/ol>\n<div class=\"fusion-sep-clear\"><\/div><div class=\"fusion-separator fusion-full-width-sep sep-single sep-solid\" style=\"border-color:#4cc08b;border-top-width:1px;margin-left: auto;margin-right: auto;margin-top:20px;margin-bottom:20px;\"><span class=\"icon-wrapper\" style=\"border-color:#4cc08b;\"><i class=\"fa fa-gavel\" style=\"color:#4cc08b;\"><\/i><\/span><\/div><h2 class=\"fusion-header-tagline\" data-fontsize=\"20\" data-lineheight=\"32\">Servicios mexicanos de procesamiento y consultor\u00eda migratoria<\/h2>\n<div class=\"fusion-sep-clear\"><\/div><div class=\"fusion-separator fusion-full-width-sep sep-none\" style=\"margin-left: auto;margin-right: auto;margin-top:20px;\"><\/div><p><a href=\"http:\/\/www.consultoreshh.com\/es\/autorizacion-de-visa-por-unidad-familiar\/\">Autorizaci\u00f3n de Visa por Unidad Familiar<\/a><br \/>\n<a href=\"http:\/\/www.consultoreshh.com\/es\/autorizacion-de-visa-por-oferta-de-empleo\/\">Autorizaci\u00f3n de Visa por Oferta de Empleo<\/a><br \/>\n<a href=\"http:\/\/www.consultoreshh.com\/es\/servicios\/permiso-de-salida-y-regreso\/\">Permiso de Salida y Regreso<\/a><\/p>\n<div class=\"fusion-clearfix\"><\/div>\n\n\t\t\t\t\t<\/div>\n\t\t\t\t<\/div><\/div><\/div>\n","protected":false},"excerpt":{"rendered":"","protected":false},"author":2,"featured_media":0,"parent":127,"menu_order":16,"comment_status":"closed","ping_status":"closed","template":"","meta":{"footnotes":""},"class_list":["post-1693","page","type-page","status-publish","hentry"],"_links":{"self":[{"href":"https:\/\/www.consultoreshh.com\/es\/wp-json\/wp\/v2\/pages\/1693","targetHints":{"allow":["GET"]}}],"collection":[{"href":"https:\/\/www.consultoreshh.com\/es\/wp-json\/wp\/v2\/pages"}],"about":[{"href":"https:\/\/www.consultoreshh.com\/es\/wp-json\/wp\/v2\/types\/page"}],"author":[{"embeddable":true,"href":"https:\/\/www.consultoreshh.com\/es\/wp-json\/wp\/v2\/users\/2"}],"replies":[{"embeddable":true,"href":"https:\/\/www.consultoreshh.com\/es\/wp-json\/wp\/v2\/comments?post=1693"}],"version-history":[{"count":9,"href":"https:\/\/www.consultoreshh.com\/es\/wp-json\/wp\/v2\/pages\/1693\/revisions"}],"predecessor-version":[{"id":2388,"href":"https:\/\/www.consultoreshh.com\/es\/wp-json\/wp\/v2\/pages\/1693\/revisions\/2388"}],"up":[{"embeddable":true,"href":"https:\/\/www.consultoreshh.com\/es\/wp-json\/wp\/v2\/pages\/127"}],"wp:attachment":[{"href":"https:\/\/www.consultoreshh.com\/es\/wp-json\/wp\/v2\/media?parent=1693"}],"curies":[{"name":"wp","href":"https:\/\/api.w.org\/{rel}","templated":true}]}}