{"id":1675,"date":"2018-07-23T21:29:49","date_gmt":"2018-07-23T21:29:49","guid":{"rendered":"http:\/\/www.consultoreshh.com\/?page_id=1675\/"},"modified":"2024-03-14T01:03:11","modified_gmt":"2024-03-14T01:03:11","slug":"autorizacion-de-visa-por-oferta-de-empleo","status":"publish","type":"page","link":"https:\/\/www.consultoreshh.com\/es\/servicios\/autorizacion-de-visa-por-oferta-de-empleo\/","title":{"rendered":"Autorizaci\u00f3n de Visa por Oferta de Empleo"},"content":{"rendered":"<div  class=\"fusion-fullwidth fullwidth-box hundred-percent-fullwidth\"  style='background-color: rgba(255,255,255,0);background-position: left top;background-repeat: no-repeat;padding-right:0px;padding-left:0px;border-top-width:0px;border-bottom-width:0px;border-color:#eae9e9;border-top-style:solid;border-bottom-style:solid;'><div class=\"fusion-builder-row fusion-row \"><div  class=\"fusion-layout-column fusion_builder_column fusion_builder_column_1_2  fusion-one-half fusion-column-first 1_2\"  style='margin-top:0px;margin-bottom:20px;width:48%; margin-right: 4%;'>\n\t\t\t\t\t<div class=\"fusion-column-wrapper\" style=\"background-position:left top;background-repeat:no-repeat;-webkit-background-size:cover;-moz-background-size:cover;-o-background-size:cover;background-size:cover;\"  data-bg-url=\"\">\n\t\t\t\t\t\t<p><img loading=\"lazy\" decoding=\"async\" class=\"size-full wp-image-1160 aligncenter\" src=\"http:\/\/consultoreshh.com\/wp-content\/uploads\/2016\/06\/FM3-001.jpg\" alt=\"\" width=\"341\" height=\"228\" srcset=\"https:\/\/www.consultoreshh.com\/wp-content\/uploads\/2016\/06\/FM3-001-300x201.jpg 300w, https:\/\/www.consultoreshh.com\/wp-content\/uploads\/2016\/06\/FM3-001.jpg 341w\" sizes=\"auto, (max-width: 341px) 100vw, 341px\" \/><\/p>\n<div class=\"fusion-clearfix\"><\/div>\n\n\t\t\t\t\t<\/div>\n\t\t\t\t<\/div><div  class=\"fusion-layout-column fusion_builder_column fusion_builder_column_1_2  fusion-one-half fusion-column-last 1_2\"  style='margin-top:0px;margin-bottom:20px;width:48%'>\n\t\t\t\t\t<div class=\"fusion-column-wrapper\" style=\"background-position:left top;background-repeat:no-repeat;-webkit-background-size:cover;-moz-background-size:cover;-o-background-size:cover;background-size:cover;\"  data-bg-url=\"\">\n\t\t\t\t\t\t<h1 style=\"text-align: center;\">Autorizaci\u00f3n de Visa por Oferta de Empleo<\/h1>\n<h2 style=\"text-align: center;\">(FM3-FM2\/Residencia temporal,<strong>Visa de visitante con permiso para realizar actividades remuneradas o Visa de trabajo<\/strong>)<\/h2>\n<p><a href=\"http:\/\/www.consultoreshh.com\/es\/agendar-cita\/\"><img loading=\"lazy\" decoding=\"async\" class=\"wp-image-1826 aligncenter\" src=\"http:\/\/www.consultoreshh.com\/wp-content\/uploads\/2018\/08\/boton-430-300x69.png\" alt=\"\" width=\"178\" height=\"41\" srcset=\"https:\/\/www.consultoreshh.com\/wp-content\/uploads\/2018\/08\/boton-430-200x46.png 200w, https:\/\/www.consultoreshh.com\/wp-content\/uploads\/2018\/08\/boton-430-300x69.png 300w, https:\/\/www.consultoreshh.com\/wp-content\/uploads\/2018\/08\/boton-430-400x92.png 400w, https:\/\/www.consultoreshh.com\/wp-content\/uploads\/2018\/08\/boton-430.png 438w\" sizes=\"auto, (max-width: 178px) 100vw, 178px\" \/><\/a><\/p>\n<div class=\"fusion-clearfix\"><\/div>\n\n\t\t\t\t\t<\/div>\n\t\t\t\t<\/div><div  class=\"fusion-layout-column fusion_builder_column fusion_builder_column_1_1  fusion-one-full fusion-column-first fusion-column-last fusion-column-no-min-height 1_1\"  style='margin-top:0px;margin-bottom:0px;'>\n\t\t\t\t\t<div class=\"fusion-column-wrapper\" style=\"background-position:left top;background-repeat:no-repeat;-webkit-background-size:cover;-moz-background-size:cover;-o-background-size:cover;background-size:cover;\"  data-bg-url=\"\">\n\t\t\t\t\t\t<p style=\"text-align: justify;\">Las personas f\u00edsicas y morales legalmente constituidas en M\u00e9xico, que cuentan con su registro de constancia de empleador vigente, tiene la posibilidad de solicitar ante el INM (Instituto Nacional de Migraci\u00f3n) tr\u00e1mite de autorizaci\u00f3n de visa por oferta de empleo, en favor de un extranjero al cual se le ha ofertado un empleo para realizar en el pa\u00eds.<\/p>\n<p style=\"text-align: justify;\">La autorizaci\u00f3n de visa por oferta empleo permite a los extranjeros, ingresar a M\u00e9xico para realizar una actividad laboral como empleados de una empresa o negocio, a trav\u00e9s del cual podr\u00e1n obtener una remuneraci\u00f3n.<\/p>\n<p style=\"text-align: justify;\">En estos casos las condiciones de estancia autorizadas son las de visitante con permiso para realizar actividades remuneradas y residente temporal con permiso para trabajar, com\u00fanmente conocidas como visa de trabajo, residencia para trabajar o visa de empleo.<\/p>\n<p style=\"text-align: justify;\">La autorizaci\u00f3n de visa es la primera parte del procedimiento migratorio iniciado a favor de la persona extranjera que se pretende internar a M\u00e9xico, por lo que es importante considerar que la autorizaci\u00f3n que emita el INM tendr\u00e1 una vigencia de 30 d\u00edas h\u00e1biles a partir de que se conceda.<\/p>\n<p style=\"text-align: justify;\">Al t\u00e9rmino de esa vigencia, la autorizaci\u00f3n pierde efectos y no podr\u00e1 continuar con el tr\u00e1mite.<\/p>\n<p style=\"text-align: justify;\">Si est\u00e1 interesado en obtener mayor informaci\u00f3n sobre este tr\u00e1mite, visite nuestra secci\u00f3n de preguntas frecuentes.<\/p>\n<p style=\"text-align: justify;\"><img loading=\"lazy\" decoding=\"async\" class=\"alignnone wp-image-1956 size-full\" src=\"http:\/\/www.consultoreshh.com\/wp-content\/uploads\/2018\/09\/separador.jpg\" alt=\"\" width=\"2048\" height=\"91\" srcset=\"https:\/\/www.consultoreshh.com\/wp-content\/uploads\/2018\/09\/separador-200x9.jpg 200w, https:\/\/www.consultoreshh.com\/wp-content\/uploads\/2018\/09\/separador-300x13.jpg 300w, https:\/\/www.consultoreshh.com\/wp-content\/uploads\/2018\/09\/separador-400x18.jpg 400w, https:\/\/www.consultoreshh.com\/wp-content\/uploads\/2018\/09\/separador-600x27.jpg 600w, https:\/\/www.consultoreshh.com\/wp-content\/uploads\/2018\/09\/separador-768x34.jpg 768w, https:\/\/www.consultoreshh.com\/wp-content\/uploads\/2018\/09\/separador-800x36.jpg 800w, https:\/\/www.consultoreshh.com\/wp-content\/uploads\/2018\/09\/separador-1024x46.jpg 1024w, https:\/\/www.consultoreshh.com\/wp-content\/uploads\/2018\/09\/separador-1080x48.jpg 1080w, https:\/\/www.consultoreshh.com\/wp-content\/uploads\/2018\/09\/separador-1200x53.jpg 1200w, https:\/\/www.consultoreshh.com\/wp-content\/uploads\/2018\/09\/separador.jpg 2048w\" sizes=\"auto, (max-width: 2048px) 100vw, 2048px\" \/><\/p>\n<h3 style=\"text-align: justify;\">FAQ\u00b4S Autorizaci\u00f3n de Visa por Oferta de Empleo<\/h3>\n<p style=\"text-align: justify;\"><strong>\u00bfQue necesito para poder realizar un tr\u00e1mite de visa por oferta de empleo?<\/strong><\/p>\n<p style=\"text-align: justify;\">Principalmente, contar con su registro de empleador vigente ante el INM (Instituto Nacional de Migraci\u00f3n), con el cual podr\u00e1 contratar los servicios de personas extranjeras para laborar en su empresa.<\/p>\n<p style=\"text-align: justify;\">Si necesita mayor informaci\u00f3n sobre este procedimiento, agende hoy su consultor\u00eda y uno de nuestros especialistas con gusto le apoyaran.<\/p>\n<p style=\"text-align: justify;\"><strong>\u00bf<\/strong><strong>D\u00f3nde puedo aplicar para un tr\u00e1mite <\/strong><strong>de autorizaci\u00f3n de visa por oferta de empleo<\/strong><strong>?<\/strong><\/p>\n<p style=\"text-align: justify;\">Usted puede ingresar su solicitud de tr\u00e1mite en cualquier oficina del INM (Instituto Nacional de Migraci\u00f3n), acompa\u00f1ada de la documentaci\u00f3n necesaria.<\/p>\n<p style=\"text-align: justify;\">Sin embargo, recomendamos siempre que su solicitud se ingrese en la oficina correspondiente a su domicilio registrado ante el INM,\u00a0 de esta manera,\u00a0 el tiempo en que se resuelva su tr\u00e1mite ser\u00e1 m\u00e1s r\u00e1pido.<\/p>\n<p style=\"text-align: justify;\">HH Consultores lo hace simple y sencillo para usted, agende hoy una consultor\u00eda con nuestro grupo de expertos, quienes\u00a0 le ayudaran en el proceso de gesti\u00f3n de su solicitud, as\u00ed no tendr\u00e1 que perder d\u00edas enteros realizando su tr\u00e1mite.<\/p>\n<p style=\"text-align: justify;\"><strong>\u00bf<\/strong><strong>Cu\u00e1nto tiempo tarda el <\/strong><strong>tr\u00e1mite de visa por oferta de empleo<\/strong><strong>?<\/strong><\/p>\n<p style=\"text-align: justify;\">El tiempo de respuesta puede variar, esto depende de cada caso, inclusive de la oficina del INM en la que presente su tr\u00e1mite, considerando como factor principal que los documentos ingresados en su solicitud, se presenten de forma completa y correcta, de esta manera, el tiempo estimado de respuesta puede ser de 7 a 12 d\u00edas.<\/p>\n<p style=\"text-align: justify;\">Tome en cuenta que en la mayor\u00eda de los casos en los que se desconocen las disposiciones de la Ley de Migraci\u00f3n o no se cuenta con experiencia previa en tr\u00e1mites migratorios, el tiempo en que se resuelva su solicitud puede ser de 13 a 30 d\u00edas.<\/p>\n<p style=\"text-align: justify;\">Si est\u00e1 por iniciar su tr\u00e1mite migratorio, agende hoy una cita con uno de nuestros especialistas para agilizar su tr\u00e1mite y evitar que\u00a0 este le sea negado por falta de informaci\u00f3n acerca del procedimiento.<\/p>\n<p style=\"text-align: justify;\">En HH hacemos de su proceso migratorio una experiencia sin contratiempos.<\/p>\n<p style=\"text-align: justify;\"><strong>\u00bfC\u00f3mo puedo iniciar mi <\/strong><strong>tr\u00e1mite de visa por oferta de empleo<\/strong><strong>?<\/strong><\/p>\n<p style=\"text-align: justify;\">Agendando una cita con uno de nuestros consultores, por favor recuerde que Consultores HH le puede atender en persona o en l\u00ednea.<\/p>\n<p style=\"text-align: justify;\">Para iniciar su tr\u00e1mite, definitivamente le recomendamos asesorarse con un especialista en tr\u00e1mites migratorios, para que puede iniciar su tr\u00e1mite con la seguridad de que este no ser\u00e1 rechazado.<\/p>\n<p style=\"text-align: justify;\"><strong>\u00bfPuedo iniciar mi tr\u00e1mite <\/strong><strong>de visa por oferta de empleo<\/strong><strong> desde el extranjero?<\/strong><\/p>\n<p style=\"text-align: justify;\">En todos los casos, sin excepci\u00f3n el tr\u00e1mite de autorizaci\u00f3n de visa por oferta de empleo debe iniciarse en una oficina del INM (Instituto Nacional de Migraci\u00f3n) en M\u00e9xico. Una vez autorizada por el INM\u00a0 su solicitud de visa, el extranjero candidato, podr\u00e1 agendar cita para su entrevista en una embajada o consulado mexicano.<\/p>\n<p style=\"text-align: justify;\">HH le puede orientar en las distintas etapas del proceso, de igual manera si est\u00e1 interesado en conocer los diferentes tipos de visa que si pueden iniciarse desde el extranjero, le sugerimos agendar hoy su consultor\u00eda, y uno de nuestros especialistas con gusto le apoyara en todas sus dudas.<\/p>\n<p style=\"text-align: justify;\"><strong>\u00bfQu\u00e9 vigencia tiene la visa por oferta de empleo?<\/strong><\/p>\n<p style=\"text-align: justify;\">La visa de visitante con permiso para realizar actividades remuneradas y residente temporal obtenida por oferta de empleo, tiene vigencia de 6 meses a partir de que el consulado la estampa en su pasaporte.<\/p>\n<p style=\"text-align: justify;\">La vigencia de la visa es \u00fanicamente para que el extranjero viaje a M\u00e9xico, al llegar a un aeropuerto o una garita, le ser\u00e1 expedida una forma migratoria m\u00faltiple, com\u00fanmente conocida como FMM, con vigencia de 30 d\u00edas, para que dentro de este tiempo, se presente en una oficina del INM a presentar su tr\u00e1mite de Expedici\u00f3n de Documento por Canje, con el cual obtendr\u00e1 su tarjeta de residente.<\/p>\n<p style=\"text-align: justify;\">Recuerde que en HH podemos apoyarle, durante el proceso de la autorizaci\u00f3n de su visa, as\u00ed como en la obtenci\u00f3n de su documento migratorio, agende hoy su consultor\u00eda con uno de nuestro especialistas para obtener mayor informaci\u00f3n sobre estos procedimientos.<\/p>\n<p style=\"text-align: justify;\"><strong>\u00bfQu\u00e9 puedo hacer si mi visa por oferta de empleo ya venci\u00f3? <\/strong><\/p>\n<p style=\"text-align: justify;\">En estos casos, forzosamente necesitara que la empresa que lo contrata inicie de nueva cuenta su procedimiento en una oficina del INM (Instituto Nacional de Migraci\u00f3n) en M\u00e9xico,<\/p>\n<p style=\"text-align: justify;\">En HH, adem\u00e1s de llevar a cabo la gesti\u00f3n de sus procesos migratorios, nos aseguramos de que\u00a0 cuente con la informaci\u00f3n necesaria en lo que respecta a las obligaciones, derechos y recomendaciones que debe tomar en cuenta, con el fin de evitar que su proceso o historial migratorio se vea afectado por alg\u00fan\u00a0 imprevisto.<\/p>\n<p style=\"text-align: justify;\">Recuerde que pude agendar su consultor\u00eda en l\u00ednea con uno de nuestro especialistas, quienes con gusto le asistir\u00e1n en todas sus dudas, puede hacerlo desde su hogar, o donde se encuentre.<\/p>\n<p style=\"text-align: justify;\">Contar con informaci\u00f3n clara y segura sobre sus procesos migratorios ahora es muy f\u00e1cil.<\/p>\n<p style=\"text-align: justify;\"><strong>\u00bfCu\u00e1ntas veces puedo utilizar mi visa de oferta de empleo?<\/strong><\/p>\n<p style=\"text-align: justify;\">Una vez que ingresa a M\u00e9xico utilizando su visa por oferta de empleo, no podr\u00e1 reutilizarla, ya que esta es v\u00e1lida por una sola entrada.<\/p>\n<p style=\"text-align: justify;\">Recuerde que al llevar su proceso migratorio con HH, usted podr\u00e1 contar con la informaci\u00f3n necesaria para evitar que su proceso se vea afectado.<\/p>\n<p style=\"text-align: justify;\">En caso de que necesite salir de M\u00e9xico, una vez que haya ingresado al pa\u00eds con su visa de oferta de empleo, por favor agende su consultor\u00eda con nuestro equipo, quien le asistir\u00e1 con todos los detalles sobre el proceso que debe realizar.<\/p>\n<p style=\"text-align: justify;\"><strong>\u00bfCu\u00e1l es el costo por el <\/strong><strong>tr\u00e1mite de visa por oferta de empleo<\/strong><strong>?<\/strong><\/p>\n<p style=\"text-align: justify;\">Sabemos que las condiciones migratorias de cada extranjero son diferentes y que\u00a0 en dados casos, el procedimiento migratorio se encuentre en distintas etapas. Por lo que, el costo puede variar de acuerdo a las caracter\u00edsticas de cada caso.<\/p>\n<p style=\"text-align: justify;\">Es por ello, que recomendamos comenzar con una entrevista inicial (40 dlls, mismos que se descuentan del costo total por llevar su caso con nosotros) con la finalidad de obtener la mayor cantidad de informaci\u00f3n posible para determinar si este tipo de tr\u00e1mite es apto para el extranjero.<\/p>\n<p style=\"text-align: justify;\">De lo contrario, se le orientara sobre el proceso que mejor \u00a0convenga de acuerdo a cada situaci\u00f3n.<\/p>\n<p style=\"text-align: justify;\">HH le ayuda a usted extranjero a regularizar su situaci\u00f3n migratoria, para que pueda disfrutar de M\u00e9xico con la confianza de contar con un estatus migratorio en orden.<\/p>\n<div class=\"fusion-sep-clear\"><\/div><div class=\"fusion-separator fusion-full-width-sep sep-single sep-solid\" style=\"border-color:#4cc08b;border-top-width:1px;margin-left: auto;margin-right: auto;margin-top:;margin-bottom:15px;\"><span class=\"icon-wrapper\" style=\"border-color:#4cc08b;\"><i class=\"fa fa-gavel\" style=\"color:#4cc08b;\"><\/i><\/span><\/div><h2 data-fontsize=\"22\" data-lineheight=\"25\"><a href=\"http:\/\/www.consultoreshh.com\/es\/ley-inmigracion-mexicana\/\">Ley de Migraci\u00f3n<\/a><\/h2>\n<div class=\"fusion-clearfix\"><\/div>\n\n\t\t\t\t\t<\/div>\n\t\t\t\t<\/div><div  class=\"fusion-layout-column fusion_builder_column fusion_builder_column_1_2  fusion-one-half fusion-column-first 1_2\"  style='margin-top:0px;margin-bottom:20px;width:48%; margin-right: 4%;'>\n\t\t\t\t\t<div class=\"fusion-column-wrapper\" style=\"background-position:left top;background-repeat:no-repeat;-webkit-background-size:cover;-moz-background-size:cover;-o-background-size:cover;background-size:cover;\"  data-bg-url=\"\">\n\t\t\t\t\t\t<p>Art\u00edculo\u00a037<br \/>\nVisa de visitante con permiso para realizar actividades remuneradas (Art\u00edculo 40)<br \/>\nVisa de residencia permanente (Article 40)<br \/>\nArt\u00edculo 40<\/p>\n<div class=\"fusion-clearfix\"><\/div>\n\n\t\t\t\t\t<\/div>\n\t\t\t\t<\/div><div  class=\"fusion-layout-column fusion_builder_column fusion_builder_column_1_2  fusion-one-half fusion-column-last 1_2\"  style='margin-top:0px;margin-bottom:20px;width:48%'>\n\t\t\t\t\t<div class=\"fusion-column-wrapper\" style=\"background-position:left top;background-repeat:no-repeat;-webkit-background-size:cover;-moz-background-size:cover;-o-background-size:cover;background-size:cover;\"  data-bg-url=\"\">\n\t\t\t\t\t\t<p>Art\u00edculo 41<br \/>\nVisa de visitante con permiso para realizar actividades remuneradas (Art\u00edculo 52)<br \/>\nResidencia Permanente (Art\u00edculo 52).<\/p>\n<div class=\"fusion-clearfix\"><\/div>\n\n\t\t\t\t\t<\/div>\n\t\t\t\t<\/div><\/div><\/div>\n","protected":false},"excerpt":{"rendered":"","protected":false},"author":2,"featured_media":0,"parent":117,"menu_order":12,"comment_status":"closed","ping_status":"closed","template":"","meta":{"footnotes":""},"class_list":["post-1675","page","type-page","status-publish","hentry"],"_links":{"self":[{"href":"https:\/\/www.consultoreshh.com\/es\/wp-json\/wp\/v2\/pages\/1675","targetHints":{"allow":["GET"]}}],"collection":[{"href":"https:\/\/www.consultoreshh.com\/es\/wp-json\/wp\/v2\/pages"}],"about":[{"href":"https:\/\/www.consultoreshh.com\/es\/wp-json\/wp\/v2\/types\/page"}],"author":[{"embeddable":true,"href":"https:\/\/www.consultoreshh.com\/es\/wp-json\/wp\/v2\/users\/2"}],"replies":[{"embeddable":true,"href":"https:\/\/www.consultoreshh.com\/es\/wp-json\/wp\/v2\/comments?post=1675"}],"version-history":[{"count":6,"href":"https:\/\/www.consultoreshh.com\/es\/wp-json\/wp\/v2\/pages\/1675\/revisions"}],"predecessor-version":[{"id":2407,"href":"https:\/\/www.consultoreshh.com\/es\/wp-json\/wp\/v2\/pages\/1675\/revisions\/2407"}],"up":[{"embeddable":true,"href":"https:\/\/www.consultoreshh.com\/es\/wp-json\/wp\/v2\/pages\/117"}],"wp:attachment":[{"href":"https:\/\/www.consultoreshh.com\/es\/wp-json\/wp\/v2\/media?parent=1675"}],"curies":[{"name":"wp","href":"https:\/\/api.w.org\/{rel}","templated":true}]}}