{"id":1644,"date":"2018-06-28T22:10:43","date_gmt":"2018-06-28T22:10:43","guid":{"rendered":"http:\/\/www.consultoreshh.com\/?page_id=1644\/"},"modified":"2024-03-14T01:03:11","modified_gmt":"2024-03-14T01:03:11","slug":"acerca-de-nosotros","status":"publish","type":"page","link":"https:\/\/www.consultoreshh.com\/es\/acerca-de-nosotros\/","title":{"rendered":"Acerca de nosotros"},"content":{"rendered":"<div  class=\"fusion-fullwidth fullwidth-box hundred-percent-fullwidth\"  style='background-color: rgba(255,255,255,0);background-position: left top;background-repeat: no-repeat;padding-right:0px;padding-left:0px;border-top-width:0px;border-bottom-width:0px;border-color:#eae9e9;border-top-style:solid;border-bottom-style:solid;'><div class=\"fusion-builder-row fusion-row \"><div  class=\"fusion-layout-column fusion_builder_column fusion_builder_column_1_1  fusion-one-full fusion-column-first fusion-column-last 1_1\"  style='margin-top:0px;margin-bottom:20px;'>\n\t\t\t\t\t<div class=\"fusion-column-wrapper\" style=\"background-position:left top;background-repeat:no-repeat;-webkit-background-size:cover;-moz-background-size:cover;-o-background-size:cover;background-size:cover;\"  data-bg-url=\"\">\n\t\t\t\t\t\t<h1 style=\"text-align: left;\">Generales<\/h1>\n<div class=\"fusion-clearfix\"><\/div>\n\n\t\t\t\t\t<\/div>\n\t\t\t\t<\/div><div  class=\"fusion-layout-column fusion_builder_column fusion_builder_column_1_1  fusion-one-full fusion-column-first fusion-column-last fusion-column-no-min-height 1_1\"  style='margin-top:0px;margin-bottom:0px;'>\n\t\t\t\t\t<div class=\"fusion-column-wrapper\" style=\"background-position:left top;background-repeat:no-repeat;-webkit-background-size:cover;-moz-background-size:cover;-o-background-size:cover;background-size:cover;\"  data-bg-url=\"\">\n\t\t\t\t\t\t<p>M\u00e9xico se posiciona en un lugar protag\u00f3nico por contar con las tres caras de la migraci\u00f3n, tr\u00e1nsito, origen y destino. En Baja California existe un alto flujo en dichos \u00e1mbitos, esto debido a que dentro del \u00e1rea Cali-Baja se encuentra una de las fronteras m\u00e1s importantes de la Rep\u00fablica Mexicana. Aunado a esto, existen estudios que comprueban que el corredor M\u00e9xico-Estados Unidos es de las fronteras m\u00e1s importantes a nivel mundial.<\/p>\n<p>Como consecuencia de dicho fen\u00f3meno, se han incrementado las peticiones de reunificaciones familiares, compra de viviendas por extranjeros, negocios bi-nacionales, lugares de retiro, asistencia a empresas para la adquisici\u00f3n de talento for\u00e1neo, asesor\u00eda sobre su estad\u00eda en el pa\u00eds, entre otros.<\/p>\n<p>A ra\u00edz de esta necesidad surge la firma H&amp;H Consultores, la cual se especializa en gesti\u00f3n de tr\u00e1mites y consultor\u00edas en materia de migraci\u00f3n mexicana. Nuestros consultores son profesionistas 100% capacitados debido a su trayectoria laboral en dicho \u00e1mbito, lo que nos hace tener un valor agregado sobre la competencia dif\u00edcil de alcanzar.<\/p>\n<p>Tenemos un compromiso con la sociedad de nuestra regi\u00f3n de brindar un servicio donde los valores que nos destaquen al realizar nuestro trabajo sean la \u00e9tica, honradez y sabidur\u00eda.<\/p>\n<div class=\"fusion-sep-clear\"><\/div><div class=\"fusion-separator fusion-full-width-sep sep-single sep-solid\" style=\"border-color:#4cc08b;border-top-width:1px;margin-left: auto;margin-right: auto;margin-top:;margin-bottom:15px;\"><span class=\"icon-wrapper\" style=\"border-color:#4cc08b;\"><i class=\"fa fa-gavel\" style=\"color:#4cc08b;\"><\/i><\/span><\/div><h2 style=\"text-align: left;\">Visi\u00f3n<\/h2>\n<p>Consolidar a H&amp;H Consultores como la mejor opci\u00f3n en servicios migratorios, previendo las necesidades en las que nuestros clientes se puedan ver expuestos.<\/p>\n<h2 style=\"text-align: left;\">Misi\u00f3n<\/h2>\n<p>Brindar consultor\u00eda migratoria basada en conocimiento, experiencia y \u00e9tica, siempre en beneficio de nuestros clientes.<\/p>\n<div class=\"fusion-clearfix\"><\/div>\n\n\t\t\t\t\t<\/div>\n\t\t\t\t<\/div><\/div><\/div>\n","protected":false},"excerpt":{"rendered":"","protected":false},"author":2,"featured_media":0,"parent":0,"menu_order":0,"comment_status":"closed","ping_status":"closed","template":"","meta":{"footnotes":""},"class_list":["post-1644","page","type-page","status-publish","hentry"],"_links":{"self":[{"href":"https:\/\/www.consultoreshh.com\/es\/wp-json\/wp\/v2\/pages\/1644","targetHints":{"allow":["GET"]}}],"collection":[{"href":"https:\/\/www.consultoreshh.com\/es\/wp-json\/wp\/v2\/pages"}],"about":[{"href":"https:\/\/www.consultoreshh.com\/es\/wp-json\/wp\/v2\/types\/page"}],"author":[{"embeddable":true,"href":"https:\/\/www.consultoreshh.com\/es\/wp-json\/wp\/v2\/users\/2"}],"replies":[{"embeddable":true,"href":"https:\/\/www.consultoreshh.com\/es\/wp-json\/wp\/v2\/comments?post=1644"}],"version-history":[{"count":1,"href":"https:\/\/www.consultoreshh.com\/es\/wp-json\/wp\/v2\/pages\/1644\/revisions"}],"predecessor-version":[{"id":1645,"href":"https:\/\/www.consultoreshh.com\/es\/wp-json\/wp\/v2\/pages\/1644\/revisions\/1645"}],"wp:attachment":[{"href":"https:\/\/www.consultoreshh.com\/es\/wp-json\/wp\/v2\/media?parent=1644"}],"curies":[{"name":"wp","href":"https:\/\/api.w.org\/{rel}","templated":true}]}}