{"id":1637,"date":"2018-06-28T21:09:56","date_gmt":"2018-06-28T21:09:56","guid":{"rendered":"http:\/\/www.consultoreshh.com\/?page_id=1637\/"},"modified":"2024-03-14T01:03:11","modified_gmt":"2024-03-14T01:03:11","slug":"cambio-de-residente-temporal-estudiante-a-residente-temporal","status":"publish","type":"page","link":"https:\/\/www.consultoreshh.com\/es\/servicios\/cambio-de-residente-temporal-estudiante-a-residente-temporal\/","title":{"rendered":"Cambio de Residente Temporal Estudiante a Residente Temporal"},"content":{"rendered":"<div  class=\"fusion-fullwidth fullwidth-box hundred-percent-fullwidth\"  style='background-color: rgba(255,255,255,0);background-position: left top;background-repeat: no-repeat;padding-right:0px;padding-left:0px;border-top-width:0px;border-bottom-width:0px;border-color:#eae9e9;border-top-style:solid;border-bottom-style:solid;'><div class=\"fusion-builder-row fusion-row \"><div  class=\"fusion-layout-column fusion_builder_column fusion_builder_column_1_2  fusion-one-half fusion-column-first 1_2\"  style='margin-top:0px;margin-bottom:20px;width:48%; margin-right: 4%;'>\n\t\t\t\t\t<div class=\"fusion-column-wrapper\" style=\"background-position:left top;background-repeat:no-repeat;-webkit-background-size:cover;-moz-background-size:cover;-o-background-size:cover;background-size:cover;\"  data-bg-url=\"\">\n\t\t\t\t\t\t<p><img loading=\"lazy\" decoding=\"async\" class=\" wp-image-1539 aligncenter\" src=\"http:\/\/www.consultoreshh.com\/wp-content\/uploads\/2018\/06\/residencia-temporal-300x180.jpg\" alt=\"\" width=\"332\" height=\"199\" srcset=\"https:\/\/www.consultoreshh.com\/wp-content\/uploads\/2018\/06\/residencia-temporal-200x120.jpg 200w, https:\/\/www.consultoreshh.com\/wp-content\/uploads\/2018\/06\/residencia-temporal-300x180.jpg 300w, https:\/\/www.consultoreshh.com\/wp-content\/uploads\/2018\/06\/residencia-temporal-400x240.jpg 400w, https:\/\/www.consultoreshh.com\/wp-content\/uploads\/2018\/06\/residencia-temporal-600x360.jpg 600w, https:\/\/www.consultoreshh.com\/wp-content\/uploads\/2018\/06\/residencia-temporal-768x461.jpg 768w, https:\/\/www.consultoreshh.com\/wp-content\/uploads\/2018\/06\/residencia-temporal-800x480.jpg 800w, https:\/\/www.consultoreshh.com\/wp-content\/uploads\/2018\/06\/residencia-temporal-1024x614.jpg 1024w, https:\/\/www.consultoreshh.com\/wp-content\/uploads\/2018\/06\/residencia-temporal.jpg 1100w\" sizes=\"auto, (max-width: 332px) 100vw, 332px\" \/><\/p>\n<div class=\"fusion-clearfix\"><\/div>\n\n\t\t\t\t\t<\/div>\n\t\t\t\t<\/div><div  class=\"fusion-layout-column fusion_builder_column fusion_builder_column_1_2  fusion-one-half fusion-column-last 1_2\"  style='margin-top:0px;margin-bottom:20px;width:48%'>\n\t\t\t\t\t<div class=\"fusion-column-wrapper\" style=\"background-position:left top;background-repeat:no-repeat;-webkit-background-size:cover;-moz-background-size:cover;-o-background-size:cover;background-size:cover;\"  data-bg-url=\"\">\n\t\t\t\t\t\t<h1 style=\"text-align: center;\">Cambio de Residente Temporal Estudiante a Residente Temporal<\/h1>\n<h2 style=\"text-align: center;\">(FM2\/FM3 Visa de trabajo, permiso de trabajo, visa de inversionista<strong>)<\/strong><\/h2>\n<p><a href=\"http:\/\/www.consultoreshh.com\/es\/agendar-cita\"><img loading=\"lazy\" decoding=\"async\" class=\"wp-image-1826 aligncenter\" src=\"http:\/\/www.consultoreshh.com\/wp-content\/uploads\/2018\/08\/boton-430-300x69.png\" alt=\"\" width=\"178\" height=\"41\" srcset=\"https:\/\/www.consultoreshh.com\/wp-content\/uploads\/2018\/08\/boton-430-200x46.png 200w, https:\/\/www.consultoreshh.com\/wp-content\/uploads\/2018\/08\/boton-430-300x69.png 300w, https:\/\/www.consultoreshh.com\/wp-content\/uploads\/2018\/08\/boton-430-400x92.png 400w, https:\/\/www.consultoreshh.com\/wp-content\/uploads\/2018\/08\/boton-430.png 438w\" sizes=\"auto, (max-width: 178px) 100vw, 178px\" \/><\/a><\/p>\n<div class=\"fusion-clearfix\"><\/div>\n\n\t\t\t\t\t<\/div>\n\t\t\t\t<\/div><div  class=\"fusion-layout-column fusion_builder_column fusion_builder_column_1_1  fusion-one-full fusion-column-first fusion-column-last fusion-column-no-min-height 1_1\"  style='margin-top:0px;margin-bottom:0px;'>\n\t\t\t\t\t<div class=\"fusion-column-wrapper\" style=\"background-position:left top;background-repeat:no-repeat;-webkit-background-size:cover;-moz-background-size:cover;-o-background-size:cover;background-size:cover;\"  data-bg-url=\"\">\n\t\t\t\t\t\t<p style=\"text-align: justify;\">Los extranjeros que cuentan con la condici\u00f3n de residente temporal estudiante vigente que deseen continuar residiendo en M\u00e9xico, tienen la posibilidad de solicitar su tr\u00e1mite de cambio de condici\u00f3n a residente temporal, lo cual podr\u00e1n realizar al t\u00e9rmino de sus estudios, debiendo acreditar los requisitos establecidos en la Ley de Migraci\u00f3n.<\/p>\n<p style=\"text-align: justify;\">Se debe tomar en cuenta que la condici\u00f3n de estancia de residente temporal estudiante no genera ninguna antig\u00fcedad para efectos de adquirir la residencia permanente, por lo que forzosamente se deber\u00e1 iniciar el cambio de condici\u00f3n a residente temporal bajo uno de los siguientes supuestos aplicables:<\/p>\n<ol style=\"text-align: justify;\">\n<li>Solvencia econ\u00f3mica<\/li>\n<li>Carta invitaci\u00f3n<\/li>\n<li>Inversionista<\/li>\n<li>Contar con bienes Inmuebles en M\u00e9xico<\/li>\n<li>Oferta de empleo<\/li>\n<\/ol>\n<p style=\"text-align: justify;\">La condici\u00f3n de estancia de residente temporal adquirida a trav\u00e9s de este tr\u00e1mite puede ser com\u00fanmente conocida como FM2, FM3, visa de trabajo, permiso de trabajo, visa de inversionista, dependiendo en gran parte, del supuesto por el cual se obtuvo.<\/p>\n<p style=\"text-align: justify;\">Si est\u00e1 interesado en obtener mayor informaci\u00f3n sobre este tr\u00e1mite, visite nuestra secci\u00f3n de preguntas frecuentes para el tr\u00e1mite de cambio de residente temporal estudiante a residente temporal.<\/p>\n<p style=\"text-align: justify;\"><img loading=\"lazy\" decoding=\"async\" class=\"alignnone wp-image-1956 size-full\" src=\"http:\/\/www.consultoreshh.com\/wp-content\/uploads\/2018\/09\/separador.jpg\" alt=\"\" width=\"2048\" height=\"91\" srcset=\"https:\/\/www.consultoreshh.com\/wp-content\/uploads\/2018\/09\/separador-200x9.jpg 200w, https:\/\/www.consultoreshh.com\/wp-content\/uploads\/2018\/09\/separador-300x13.jpg 300w, https:\/\/www.consultoreshh.com\/wp-content\/uploads\/2018\/09\/separador-400x18.jpg 400w, https:\/\/www.consultoreshh.com\/wp-content\/uploads\/2018\/09\/separador-600x27.jpg 600w, https:\/\/www.consultoreshh.com\/wp-content\/uploads\/2018\/09\/separador-768x34.jpg 768w, https:\/\/www.consultoreshh.com\/wp-content\/uploads\/2018\/09\/separador-800x36.jpg 800w, https:\/\/www.consultoreshh.com\/wp-content\/uploads\/2018\/09\/separador-1024x46.jpg 1024w, https:\/\/www.consultoreshh.com\/wp-content\/uploads\/2018\/09\/separador-1080x48.jpg 1080w, https:\/\/www.consultoreshh.com\/wp-content\/uploads\/2018\/09\/separador-1200x53.jpg 1200w, https:\/\/www.consultoreshh.com\/wp-content\/uploads\/2018\/09\/separador.jpg 2048w\" sizes=\"auto, (max-width: 2048px) 100vw, 2048px\" \/><\/p>\n<h3 style=\"text-align: justify;\">FAQ\u00b4S Cambio de Condici\u00f3n de Residente Temporal Estudiante a Residente Temporal<\/h3>\n<p style=\"text-align: justify;\"><strong>\u00bfQue necesito para poder realizar un tr\u00e1mite de cambio de residente temporal estudiante a residente temporal?<\/strong><\/p>\n<p style=\"text-align: justify;\">Para ser candidato de este tr\u00e1mite, debe tener su documento vigente de residente temporal estudiante, haber concluido los estudios y acreditar los requisitos de alguna de las alternativas para obtener la residencia temporal por esta v\u00eda:<\/p>\n<ul style=\"text-align: justify;\">\n<li>Oferta de empleo por parte de una persona moral o f\u00edsica legalmente constituida en M\u00e9xico.<\/li>\n<li>Solvencia econ\u00f3mica.<\/li>\n<li>Carta invitaci\u00f3n.<\/li>\n<li>Inversionista, o<\/li>\n<li>Por contar con bienes inmuebles en M\u00e9xico.<\/li>\n<\/ul>\n<p style=\"text-align: justify;\">Si necesita mayor informaci\u00f3n sobre este procedimiento, agende el d\u00eda de hoy una consultor\u00eda con nosotros, y con gusto le orientaremos sobre las alternativas disponibles para usted.<\/p>\n<p style=\"text-align: justify;\"><strong>\u00bf<\/strong><strong>D\u00f3nde puedo aplicar para un tr\u00e1mite <\/strong><strong>de cambio de condici\u00f3n de residente temporal estudiante a residente temporal<\/strong><strong>?<\/strong><\/p>\n<p style=\"text-align: justify;\">Usted puede ingresar su solicitud de tr\u00e1mite en cualquier oficina del INM(Instituto Nacional de Migraci\u00f3n), acompa\u00f1ada de la documentaci\u00f3n necesaria.<\/p>\n<p style=\"text-align: justify;\">Sin embargo, recomendamos siempre que su solicitud sea ingresada en la oficina correspondiente a su domicilio registrado ante el INM,\u00a0 de esta manera\u00a0 el tiempo en que se resuelva su tr\u00e1mite ser\u00e1 m\u00e1s r\u00e1pido.<\/p>\n<p style=\"text-align: justify;\">HH Consultores lo hace simple y sencillo para usted, agende hoy una consultor\u00eda con nuestro grupo de expertos, quienes\u00a0 le ayudaran en el proceso de gesti\u00f3n de su solicitud, as\u00ed no tendr\u00e1 que perder d\u00edas enteros realizando su tr\u00e1mite.<\/p>\n<p style=\"text-align: justify;\"><strong>\u00bf<\/strong><strong>Cu\u00e1nto tiempo tarda el <\/strong><strong>tr\u00e1mite de cambio de condici\u00f3n de residente temporal estudiante a residente temporal<\/strong><strong>?<\/strong><\/p>\n<p style=\"text-align: justify;\">El tiempo de respuesta puede variar, esto depende de cada caso, inclusive de la oficina del INM en la que presente su tr\u00e1mite, as\u00ed como de los documentos ingresados en su solicitud, si se presenta de forma correcta, el tiempo estimado de respuesta es de 5 a 10 d\u00edas.<\/p>\n<p style=\"text-align: justify;\">Es importante tomar en cuenta que en la mayor\u00eda de los casos en los que se desconocen las disposiciones de la Ley de Migraci\u00f3n o no se cuenta con experiencia previa en tr\u00e1mites migratorios, el tiempo en que se resuelva su solicitud puede ser de 10 a 30 d\u00edas.<\/p>\n<p style=\"text-align: justify;\"><strong>\u00bf<\/strong><strong>C\u00f3mo puedo iniciar mi <\/strong><strong>tr\u00e1mite de cambio de residente temporal estudiante a residente temporal<\/strong><strong>?<\/strong><\/p>\n<p style=\"text-align: justify;\">Agendando una cita con uno de nuestros consultores, por favor recuerde que Consultores H&amp;H le puede atender en persona o en l\u00ednea.<\/p>\n<p style=\"text-align: justify;\"><strong>\u00bfPuedo iniciar mi tr\u00e1mite de cambio de residente temporal estudiante a residente temporal desde el extranjero?<\/strong><\/p>\n<p style=\"text-align: justify;\">Desafortunadamente este tr\u00e1mite no puede ser iniciado desde el extranjero, los candidatos a este procedimiento deben encontrarse en M\u00e9xico con la condici\u00f3n de estancia de residente temporal estudiante para poder realizar el cambio de estatus migratorio.<\/p>\n<p style=\"text-align: justify;\">Si usted requiere viajar dentro o fuera de M\u00e9xico durante el proceso de su solicitud, HH le puede orientar sobre las alternativas disponibles, para evitar que su solicitud sea rechazada y pueda viajar sin contratiempos.<\/p>\n<p style=\"text-align: justify;\"><strong>\u00bfPor cu\u00e1nto tiempo es v\u00e1lido mi documento de residente temporal obtenido por tr\u00e1mite de cambio de residente temporal estudiante a residente temporal?<\/strong><\/p>\n<p style=\"text-align: justify;\">La vigencia de su documento puede ser por 1, 2, 3 o hasta 4 a\u00f1os<\/p>\n<p style=\"text-align: justify;\">Siempre recomendamos a nuestros clientes, cuando tienen la posibilidad de obtener su documento con vigencia mayor a 1 a\u00f1o, solicitar as\u00ed su documento, de esta manera, evitara tener que realizar su tr\u00e1mite de renovaci\u00f3n a\u00f1o con a\u00f1o.<\/p>\n<p style=\"text-align: justify;\">Si est\u00e1 interesado en conocer m\u00e1s informaci\u00f3n sobre los requerimientos para obtener su documento con vigencia de m\u00e1s de 1 a\u00f1o, en HH podemos orientarle sobre el proceso y las ventajas de aplicar por una vigencia de mayor tiempo.<\/p>\n<p style=\"text-align: justify;\"><strong>\u00bfQu\u00e9 tan frecuente puedo salir de M\u00e9xico con mi documento<\/strong><strong> de residente temporal, obtenido por tr\u00e1mite de cambio de residente temporal estudiante a residente temporal?<\/strong><\/p>\n<p style=\"text-align: justify;\">Usted puede salir del pa\u00eds cuantas veces lo desee, siempre y cuando su documento migratorio este vigente.<\/p>\n<p style=\"text-align: justify;\">En HH, adem\u00e1s de llevar a cabo su proceso migratorio, una vez que le es entregada su tarjeta, le hacemos saber sobre las obligaciones, derechos y recomendaciones que debe tomar en cuenta, con el fin de evitar que durante su historial migratorio se presente alg\u00fan imprevisto, puesto que sabemos que la mayor\u00eda de los extranjeros que llegan a M\u00e9xico, generalmente permanecen m\u00e1s de un a\u00f1o, o bien pretenden obtener su estancia permanente en el pa\u00eds, por lo que es de suma importancia contar con la informaci\u00f3n necesaria para que su historial migratorio no se vea afectado.<\/p>\n<p style=\"text-align: justify;\">Recuerde que pude agendar su consultor\u00eda en l\u00ednea con uno de nuestro especialistas, quienes con gusto le asistir\u00e1n en todas sus dudas, puede hacerlo desde su hogar, o donde se encuentre.<\/p>\n<p style=\"text-align: justify;\">Contar con informaci\u00f3n clara y segura sobre su estatus migratorio ahora es muy f\u00e1cil.<\/p>\n<p style=\"text-align: justify;\"><strong>\u00bfPuedo solicitar el ingreso a M\u00e9xico de toda mi familia despu\u00e9s de haber adquirido mi condici\u00f3n de estancia por tr\u00e1mite de cambio de residente temporal estudiante a residente temporal?<\/strong><\/p>\n<p style=\"text-align: justify;\">Claro, usted puede solicitar en cualquier momento el ingreso de su familiar, le sugerimos agendar hoy su consultor\u00eda para conocer mayor informaci\u00f3n sobre los distintos procesos para el ingreso de sus seres queridos.<\/p>\n<p style=\"text-align: justify;\"><strong>\u00bf<\/strong><strong>Cu\u00e1l es el costo por el <\/strong><strong>tr\u00e1mite de cambio de residente temporal estudiante a residente temporal<\/strong><strong>?<\/strong><\/p>\n<p style=\"text-align: justify;\">Sabemos que las condiciones migratorias de cada extranjero son diferentes y que\u00a0 en dados casos, el procedimiento migratorio se encuentre en distintas etapas. Por lo que, el costo puede variar de acuerdo a las caracter\u00edsticas de cada caso.<\/p>\n<p style=\"text-align: justify;\">Es por ello, que recomendamos comenzar con una entrevista inicial (40 dlls, mismos que se descuentan del costo total por llevar su caso con nosotros) con la finalidad de obtener la mayor cantidad de informaci\u00f3n posible para determinar si este tipo de tr\u00e1mite es apto para el extranjero.<\/p>\n<p style=\"text-align: justify;\">De lo contrario, se le orientara sobre el proceso que mejor convenga de acuerdo a cada situaci\u00f3n.<\/p>\n<p style=\"text-align: justify;\">HH le ayuda a usted extranjero a regularizar su situaci\u00f3n migratoria, para que pueda disfrutar de M\u00e9xico con la confianza de contar con un estatus migratorio en orden.<\/p>\n<div class=\"fusion-sep-clear\"><\/div><div class=\"fusion-separator fusion-full-width-sep sep-single sep-solid\" style=\"border-color:#4cc08b;border-top-width:1px;margin-left: auto;margin-right: auto;margin-top:;margin-bottom:15px;\"><span class=\"icon-wrapper\" style=\"border-color:#4cc08b;\"><i class=\"fa fa-gavel\" style=\"color:#4cc08b;\"><\/i><\/span><\/div><h3><a href=\"http:\/\/www.consultoreshh.com\/es\/ley-inmigracion-mexicana\/\">Ley de migraci\u00f3n<\/a><\/h3>\n<div class=\"fusion-clearfix\"><\/div>\n\n\t\t\t\t\t<\/div>\n\t\t\t\t<\/div><div  class=\"fusion-layout-column fusion_builder_column fusion_builder_column_1_2  fusion-one-half fusion-column-first 1_2\"  style='margin-top:0px;margin-bottom:20px;width:50%;width:calc(50% - ( ( 4% ) * 0.5 ) );margin-right: 4%;'>\n\t\t\t\t\t<div class=\"fusion-column-wrapper\" style=\"background-position:left top;background-repeat:no-repeat;-webkit-background-size:cover;-moz-background-size:cover;-o-background-size:cover;background-size:cover;\"  data-bg-url=\"\">\n\t\t\t\t\t\t<p>Residente temporal (Art\u00edculo 52)<br \/>\nResidente temporal estudiante (Art\u00edculo 52)<br \/>\nLos visitantes (Art\u00edculo 53)<strong><br \/>\n<\/strong><\/p>\n<div class=\"fusion-clearfix\"><\/div>\n\n\t\t\t\t\t<\/div>\n\t\t\t\t<\/div><div  class=\"fusion-layout-column fusion_builder_column fusion_builder_column_1_2  fusion-one-half fusion-column-last 1_2\"  style='margin-top:0px;margin-bottom:20px;width:50%;width:calc(50% - ( ( 4% ) * 0.5 ) );'>\n\t\t\t\t\t<div class=\"fusion-column-wrapper\" style=\"background-position:left top;background-repeat:no-repeat;-webkit-background-size:cover;-moz-background-size:cover;-o-background-size:cover;background-size:cover;\"  data-bg-url=\"\">\n\t\t\t\t\t\t<div class=\"fusion-clearfix\"><\/div>\n\n\t\t\t\t\t<\/div>\n\t\t\t\t<\/div><\/div><\/div>\n","protected":false},"excerpt":{"rendered":"","protected":false},"author":2,"featured_media":0,"parent":117,"menu_order":22,"comment_status":"closed","ping_status":"closed","template":"","meta":{"footnotes":""},"class_list":["post-1637","page","type-page","status-publish","hentry"],"_links":{"self":[{"href":"https:\/\/www.consultoreshh.com\/es\/wp-json\/wp\/v2\/pages\/1637","targetHints":{"allow":["GET"]}}],"collection":[{"href":"https:\/\/www.consultoreshh.com\/es\/wp-json\/wp\/v2\/pages"}],"about":[{"href":"https:\/\/www.consultoreshh.com\/es\/wp-json\/wp\/v2\/types\/page"}],"author":[{"embeddable":true,"href":"https:\/\/www.consultoreshh.com\/es\/wp-json\/wp\/v2\/users\/2"}],"replies":[{"embeddable":true,"href":"https:\/\/www.consultoreshh.com\/es\/wp-json\/wp\/v2\/comments?post=1637"}],"version-history":[{"count":6,"href":"https:\/\/www.consultoreshh.com\/es\/wp-json\/wp\/v2\/pages\/1637\/revisions"}],"predecessor-version":[{"id":2368,"href":"https:\/\/www.consultoreshh.com\/es\/wp-json\/wp\/v2\/pages\/1637\/revisions\/2368"}],"up":[{"embeddable":true,"href":"https:\/\/www.consultoreshh.com\/es\/wp-json\/wp\/v2\/pages\/117"}],"wp:attachment":[{"href":"https:\/\/www.consultoreshh.com\/es\/wp-json\/wp\/v2\/media?parent=1637"}],"curies":[{"name":"wp","href":"https:\/\/api.w.org\/{rel}","templated":true}]}}