{"id":1605,"date":"2018-06-18T22:50:19","date_gmt":"2018-06-18T22:50:19","guid":{"rendered":"http:\/\/www.consultoreshh.com\/?page_id=1605\/"},"modified":"2024-03-14T01:03:11","modified_gmt":"2024-03-14T01:03:11","slug":"apec-tarjeta-de-viaje","status":"publish","type":"page","link":"https:\/\/www.consultoreshh.com\/es\/servicios\/apec-tarjeta-de-viaje\/","title":{"rendered":"APEC Tarjeta de Viaje"},"content":{"rendered":"<div  class=\"fusion-fullwidth fullwidth-box hundred-percent-fullwidth\"  style='background-color: rgba(255,255,255,0);background-position: left top;background-repeat: no-repeat;padding-right:0px;padding-left:0px;border-top-width:0px;border-bottom-width:0px;border-color:#eae9e9;border-top-style:solid;border-bottom-style:solid;'><div class=\"fusion-builder-row fusion-row \"><div  class=\"fusion-layout-column fusion_builder_column fusion_builder_column_1_2  fusion-one-half fusion-column-first 1_2\"  style='margin-top:0px;margin-bottom:20px;width:48%; margin-right: 4%;'>\n\t\t\t\t\t<div class=\"fusion-column-wrapper\" style=\"background-position:left top;background-repeat:no-repeat;-webkit-background-size:cover;-moz-background-size:cover;-o-background-size:cover;background-size:cover;\"  data-bg-url=\"\">\n\t\t\t\t\t\t<p><img loading=\"lazy\" decoding=\"async\" class=\"size-full wp-image-1167 aligncenter\" src=\"http:\/\/consultoreshh.com\/wp-content\/uploads\/2016\/06\/FM3-006.jpg\" alt=\"\" width=\"341\" height=\"228\" srcset=\"https:\/\/www.consultoreshh.com\/wp-content\/uploads\/2016\/06\/FM3-006-300x201.jpg 300w, https:\/\/www.consultoreshh.com\/wp-content\/uploads\/2016\/06\/FM3-006.jpg 341w\" sizes=\"auto, (max-width: 341px) 100vw, 341px\" \/><\/p>\n<div class=\"fusion-clearfix\"><\/div>\n\n\t\t\t\t\t<\/div>\n\t\t\t\t<\/div><div  class=\"fusion-layout-column fusion_builder_column fusion_builder_column_1_2  fusion-one-half fusion-column-last 1_2\"  style='margin-top:0px;margin-bottom:20px;width:48%'>\n\t\t\t\t\t<div class=\"fusion-column-wrapper\" style=\"background-position:left top;background-repeat:no-repeat;-webkit-background-size:cover;-moz-background-size:cover;-o-background-size:cover;background-size:cover;\"  data-bg-url=\"\">\n\t\t\t\t\t\t<h1 style=\"text-align: center;\">APEC Tarjeta ABTC para Personas de Negocios<\/h1>\n<h2 style=\"text-align: center;\">(Foro de Cooperaci\u00f3n Econ\u00f3mica Asia-Pac\u00edfico)<\/h2>\n<p><a href=\"http:\/\/www.consultoreshh.com\/es\/agendar-cita\"><img loading=\"lazy\" decoding=\"async\" class=\"wp-image-1826 aligncenter\" src=\"http:\/\/www.consultoreshh.com\/wp-content\/uploads\/2018\/08\/boton-430-300x69.png\" alt=\"\" width=\"178\" height=\"41\" srcset=\"https:\/\/www.consultoreshh.com\/wp-content\/uploads\/2018\/08\/boton-430-200x46.png 200w, https:\/\/www.consultoreshh.com\/wp-content\/uploads\/2018\/08\/boton-430-300x69.png 300w, https:\/\/www.consultoreshh.com\/wp-content\/uploads\/2018\/08\/boton-430-400x92.png 400w, https:\/\/www.consultoreshh.com\/wp-content\/uploads\/2018\/08\/boton-430.png 438w\" sizes=\"auto, (max-width: 178px) 100vw, 178px\" \/><\/a><\/p>\n<div class=\"fusion-clearfix\"><\/div>\n\n\t\t\t\t\t<\/div>\n\t\t\t\t<\/div><div  class=\"fusion-layout-column fusion_builder_column fusion_builder_column_1_1  fusion-one-full fusion-column-first fusion-column-last fusion-column-no-min-height 1_1\"  style='margin-top:0px;margin-bottom:0px;'>\n\t\t\t\t\t<div class=\"fusion-column-wrapper\" style=\"background-position:left top;background-repeat:no-repeat;-webkit-background-size:cover;-moz-background-size:cover;-o-background-size:cover;background-size:cover;\"  data-bg-url=\"\">\n\t\t\t\t\t\t<p style=\"text-align: justify;\">Aplicable al mexicano que realice o pretenda realizar actividades relacionadas con el comercio y la inversi\u00f3n en la regi\u00f3n Asia-Pac\u00edfico y desee ingresar como persona de negocios a cualquiera de las econom\u00edas participantes.<\/p>\n<p style=\"text-align: justify;\">La tarjeta APEC(Foro de Cooperaci\u00f3n Econ\u00f3mica Asia-Pac\u00edfico), puede ser solicitada en las siguientes modalidades:<\/p>\n<ul style=\"text-align: justify;\">\n<li><strong>Tarjeta ABTC definitiva: <\/strong>Cuando el total de las econom\u00edas participantes aprueban la solicitud del interesado.<\/li>\n<li><strong>ABTC provisional:<\/strong>Aplicable al solicitante de una tarjeta ABTC cuando no ha obtenido la aprobaci\u00f3n de todas las econom\u00edas que conforman APEC y requiera una tarjeta provisional en la que conste la autorizaci\u00f3n de aquellas econom\u00edas que ya aprobaron su solicitud.<\/li>\n<li><strong>Reposici\u00f3n de tarjeta ABTC: <\/strong>Aplicable al mexicano en caso de robo o extrav\u00edo de su tarjeta ABTC, vencimiento de la misma, o bien, porque alguna de las econom\u00edas retiro su aprobaci\u00f3n.<\/li>\n<\/ul>\n<p style=\"text-align: justify;\">La tarjeta ABTC tiene como beneficio funcionar como documento multi-visa para ingresar en las econom\u00edas participantes.<\/p>\n<p style=\"text-align: justify;\">Si est\u00e1 interesado en obtener mayor informaci\u00f3n sobre este tr\u00e1mite, visite nuestra secci\u00f3n de preguntas frecuentes para el tr\u00e1mite de APEC Tarjeta ABTC para Personas de Negocios.<\/p>\n<p style=\"text-align: justify;\"><img loading=\"lazy\" decoding=\"async\" class=\"alignnone wp-image-1956 size-full\" src=\"http:\/\/www.consultoreshh.com\/wp-content\/uploads\/2018\/09\/separador.jpg\" alt=\"\" width=\"2048\" height=\"91\" srcset=\"https:\/\/www.consultoreshh.com\/wp-content\/uploads\/2018\/09\/separador-200x9.jpg 200w, https:\/\/www.consultoreshh.com\/wp-content\/uploads\/2018\/09\/separador-300x13.jpg 300w, https:\/\/www.consultoreshh.com\/wp-content\/uploads\/2018\/09\/separador-400x18.jpg 400w, https:\/\/www.consultoreshh.com\/wp-content\/uploads\/2018\/09\/separador-600x27.jpg 600w, https:\/\/www.consultoreshh.com\/wp-content\/uploads\/2018\/09\/separador-768x34.jpg 768w, https:\/\/www.consultoreshh.com\/wp-content\/uploads\/2018\/09\/separador-800x36.jpg 800w, https:\/\/www.consultoreshh.com\/wp-content\/uploads\/2018\/09\/separador-1024x46.jpg 1024w, https:\/\/www.consultoreshh.com\/wp-content\/uploads\/2018\/09\/separador-1080x48.jpg 1080w, https:\/\/www.consultoreshh.com\/wp-content\/uploads\/2018\/09\/separador-1200x53.jpg 1200w, https:\/\/www.consultoreshh.com\/wp-content\/uploads\/2018\/09\/separador.jpg 2048w\" sizes=\"auto, (max-width: 2048px) 100vw, 2048px\" \/><\/p>\n<h3 style=\"text-align: justify;\">FAQ\u00b4STarjeta ABTC para Personas de Negocios<\/h3>\n<p style=\"text-align: justify;\"><strong>\u00bfQue necesito para poder solicitar una tarjeta ABTC<\/strong><strong>para personas de negocios<\/strong><strong>?<\/strong><\/p>\n<p style=\"text-align: justify;\">Para poder solicitar una tarjeta ABTC, necesita contar con la nacionalidad mexicana, acreditar m\u00ednimo 2 viajes al a\u00f1o a algunos de los pa\u00edses que conforman el Foro de Cooperaci\u00f3n Econ\u00f3mica Asia-Pac\u00edfico (APEC), presentar su solicitud de tr\u00e1mite, y principalmente acreditar las actividades econ\u00f3micas del solicitante.<\/p>\n<p style=\"text-align: justify;\">Si est\u00e1 interesado en obtener mayor informaci\u00f3n sobre este procedimiento, agende hoy su consultor\u00eda con nuestro grupo de expertos, quienes le proporcionaran mayores detalles al respecto.<\/p>\n<p style=\"text-align: justify;\"><strong>\u00bfD\u00f3nde puedo aplicar para un tr\u00e1mite <\/strong><strong>de solicitud de tarjeta ABTC<\/strong><strong>para personas de negocios<\/strong><strong>?<\/strong><\/p>\n<p style=\"text-align: justify;\">Usted puede ingresar su solicitud de tr\u00e1mite en cualquier oficina del INM(Instituto Nacional de Migraci\u00f3n), acompa\u00f1ada de la documentaci\u00f3n necesaria.<\/p>\n<p style=\"text-align: justify;\">Sin embargo, recomendamos siempre que su solicitud se ingrese en la oficina correspondiente a su domicilio registrado ante el INM,\u00a0 de esta manera\u00a0 el tiempo en que se resuelve su tr\u00e1mite es m\u00e1s r\u00e1pido.<\/p>\n<p style=\"text-align: justify;\">HH Consultoreslo hace simple y sencillo para usted, agende hoy una consultor\u00eda con nuestro grupo de expertos, quienes\u00a0 le ayudaran en el proceso de gesti\u00f3n de su solicitud, as\u00ed no tendr\u00e1 que perder d\u00edas enteros realizando su tr\u00e1mite.<\/p>\n<p style=\"text-align: justify;\"><strong>\u00bfCu\u00e1nto tiempo tarda el tr\u00e1mite de solicitud de<\/strong><strong>tarjeta ABTC<\/strong><strong> para personas de negocios<\/strong><strong>?<\/strong><\/p>\n<p style=\"text-align: justify;\">El tiempo de respuesta puede variar, esto depende principalmente de que los documentos ingresados en su solicitud se presentan de forma completa y correcta, de ser as\u00ed, su solicitud puede ser resuelta en 90 d\u00edas.<\/p>\n<p style=\"text-align: justify;\">Tome en cuenta que en la mayor\u00eda de los casos en los que se desconocen las disposiciones de la Ley de Migraci\u00f3n o no se cuenta con experiencia previa en tr\u00e1mites migratorios, el tiempo en que se resuelva su solicitud puede ser mayor a los 90 d\u00edas.<\/p>\n<p style=\"text-align: justify;\">Si est\u00e1 por iniciar su tr\u00e1mite migratorio, agende hoy una cita con uno de nuestros especialistas para agilizar su tr\u00e1mite y evitar que\u00a0 este le sea negado por falta de informaci\u00f3n acerca del procedimiento.<\/p>\n<p style=\"text-align: justify;\">En HH hacemos de su proceso migratorio una experiencia sin contratiempos.<\/p>\n<p style=\"text-align: justify;\"><strong>\u00bfC\u00f3mo puedo iniciar mi tr\u00e1mite<\/strong><strong>de <\/strong><strong>tarjeta ABTC<\/strong><strong> para personas de negocios<\/strong><strong>?<\/strong><\/p>\n<p style=\"text-align: justify;\">Agendando una cita con uno de nuestros consultores, por favor recuerde que Consultores HH le puede atender en persona o en l\u00ednea.<\/p>\n<p style=\"text-align: justify;\">Para iniciar su tr\u00e1mite, definitivamente le recomendamos asesorarse con un especialista en tr\u00e1mites migratorios, para que puede iniciar su tr\u00e1mite con la seguridad de que este no ser\u00e1 rechazado.<\/p>\n<p style=\"text-align: justify;\"><strong>\u00bfQu\u00e9 beneficio obtengo con mi tarjeta ABTC\u00a0<\/strong><strong>para personas de negocios<\/strong><strong>?<\/strong><\/p>\n<p style=\"text-align: justify;\">La tarjeta ABTC, funciona como un documento multivisa, con el cual podr\u00e1 ingresar a los pa\u00edses\u00a0 que conforman el Foro de Cooperaci\u00f3n Econ\u00f3mica Asia-Pac\u00edfico (APEC), de esta manera evitara realizar continuamente el proceso de obtenci\u00f3n de visa cuando requiera viajar,\u00a0 adem\u00e1s de permitirle tener acceso a carriles preferenciales en los puntos de revisi\u00f3n migratoria en los puertos de entrada de los diferentes pa\u00edses.<\/p>\n<p style=\"text-align: justify;\">Si est\u00e1 interesado en conocer mayor informaci\u00f3n sobre este tr\u00e1mite, agende su consultor\u00eda hoy, y uno de nuestros especialistas le asistir\u00e1 con todos los detalles.<\/p>\n<p style=\"text-align: justify;\"><strong>\u00bfQu\u00e9 vigencia tiene mi tarjeta ABTC<\/strong><strong>para personas de negocios<\/strong><strong>?<\/strong><\/p>\n<p style=\"text-align: justify;\">La vigencia de la tarjeta ABTC es por 5 a\u00f1os, la cual podr\u00e1 utilizar cuantas veces lo desee siempre y cuando contin\u00fae vigente.<\/p>\n<p style=\"text-align: justify;\">En HH le ofrecemos una alternativa en consultor\u00eda migratoria segura y confiable, con amplia experiencia en guiar a las personas de negocios durante sus procesos migratorios, agende hoy su consultor\u00eda para obtener mayor informaci\u00f3n sobre este tr\u00e1mite.<\/p>\n<p style=\"text-align: justify;\"><strong>\u00bfPuedo solicitar mi tarjeta ABTC desde el extranjero?<\/strong><\/p>\n<p style=\"text-align: justify;\">Si usted es nacional de un pa\u00eds inscrito en APECpuede solicitar su tarjeta ABTC,lo cual tendr\u00e1 que realizar en su pa\u00eds de origen, en el caso de los mexicanos no pueden hacerlo desde el extranjero,\u00fanicamente ante las oficinas del INM (Instituto Nacional de Migraci\u00f3n).<\/p>\n<p style=\"text-align: justify;\">Recuerde que HH puede realizar la gesti\u00f3n de su tr\u00e1mite migratorio, de esta manera no es necesario que se presente personalmente en las oficinas del INM a presentar su solicitud, dando seguimiento en l\u00ednea para que se mantenga enterado del estado de su proceso migratorio.<\/p>\n<p style=\"text-align: justify;\"><strong>\u00bfCu\u00e1l es el costo por el tr\u00e1mite de solicitud de tarjeta ABTC?<\/strong><\/p>\n<p style=\"text-align: justify;\">Sabemos que las condiciones migratorias de cada extranjero son diferentes y que\u00a0 en dados casos, el procedimiento migratorio se encuentre en distintas etapas. Por lo que, el costo puede variar de acuerdo a las caracter\u00edsticas de cada caso.<\/p>\n<p style=\"text-align: justify;\">Es por ello, que recomendamos comenzar con una entrevista inicial (40 dlls, mismos que se descuentan del costo total por llevar su caso con nosotros) con la finalidad de obtener la mayor cantidad de informaci\u00f3n posible para determinar si este tipo de tr\u00e1mite es aplicable para usted y que requiere para poder iniciarlo.<\/p>\n<p style=\"text-align: justify;\">HH le ayuda para que su viajes a las distintas econom\u00edas de APEC, sea una experiencia sin complicaciones, gozando de los beneficios de su tarjeta ABTC, evit\u00e1ndole su tr\u00e1mite de visa, e incluso las prolongadas esperas al momento de documentarse por los diferentes puntos de revisi\u00f3n migratorias de los distintos pa\u00edses.<\/p>\n<div class=\"fusion-sep-clear\"><\/div><div class=\"fusion-separator fusion-full-width-sep sep-single sep-solid\" style=\"border-color:#4cc08b;border-top-width:1px;margin-left: auto;margin-right: auto;margin-top:;margin-bottom:15px;\"><span class=\"icon-wrapper\" style=\"border-color:#4cc08b;\"><i class=\"fa fa-gavel\" style=\"color:#4cc08b;\"><\/i><\/span><\/div><h2 style=\"text-align: left;\"><a href=\"http:\/\/www.consultoreshh.com\/es\/ley-inmigracion-mexicana\/\">Ley de Migraci\u00f3n<\/a><\/h2>\n<div class=\"fusion-clearfix\"><\/div>\n\n\t\t\t\t\t<\/div>\n\t\t\t\t<\/div><div  class=\"fusion-layout-column fusion_builder_column fusion_builder_column_1_2  fusion-one-half fusion-column-first 1_2\"  style='margin-top:0px;margin-bottom:20px;width:48%; margin-right: 4%;'>\n\t\t\t\t\t<div class=\"fusion-column-wrapper\" style=\"background-position:left top;background-repeat:no-repeat;-webkit-background-size:cover;-moz-background-size:cover;-o-background-size:cover;background-size:cover;\"  data-bg-url=\"\">\n\t\t\t\t\t\t<p>Art\u00edculo 83.<br \/>\nArt\u00edculo 84.<\/p>\n<div class=\"fusion-clearfix\"><\/div>\n\n\t\t\t\t\t<\/div>\n\t\t\t\t<\/div><div  class=\"fusion-layout-column fusion_builder_column fusion_builder_column_1_2  fusion-one-half fusion-column-last 1_2\"  style='margin-top:0px;margin-bottom:20px;width:48%'>\n\t\t\t\t\t<div class=\"fusion-column-wrapper\" style=\"background-position:left top;background-repeat:no-repeat;-webkit-background-size:cover;-moz-background-size:cover;-o-background-size:cover;background-size:cover;\"  data-bg-url=\"\">\n\t\t\t\t\t\t<p>Art\u00edculo 85.<\/p>\n<div class=\"fusion-clearfix\"><\/div>\n\n\t\t\t\t\t<\/div>\n\t\t\t\t<\/div><\/div><\/div>\n","protected":false},"excerpt":{"rendered":"","protected":false},"author":2,"featured_media":0,"parent":117,"menu_order":6,"comment_status":"closed","ping_status":"closed","template":"","meta":{"footnotes":""},"class_list":["post-1605","page","type-page","status-publish","hentry"],"_links":{"self":[{"href":"https:\/\/www.consultoreshh.com\/es\/wp-json\/wp\/v2\/pages\/1605","targetHints":{"allow":["GET"]}}],"collection":[{"href":"https:\/\/www.consultoreshh.com\/es\/wp-json\/wp\/v2\/pages"}],"about":[{"href":"https:\/\/www.consultoreshh.com\/es\/wp-json\/wp\/v2\/types\/page"}],"author":[{"embeddable":true,"href":"https:\/\/www.consultoreshh.com\/es\/wp-json\/wp\/v2\/users\/2"}],"replies":[{"embeddable":true,"href":"https:\/\/www.consultoreshh.com\/es\/wp-json\/wp\/v2\/comments?post=1605"}],"version-history":[{"count":4,"href":"https:\/\/www.consultoreshh.com\/es\/wp-json\/wp\/v2\/pages\/1605\/revisions"}],"predecessor-version":[{"id":2096,"href":"https:\/\/www.consultoreshh.com\/es\/wp-json\/wp\/v2\/pages\/1605\/revisions\/2096"}],"up":[{"embeddable":true,"href":"https:\/\/www.consultoreshh.com\/es\/wp-json\/wp\/v2\/pages\/117"}],"wp:attachment":[{"href":"https:\/\/www.consultoreshh.com\/es\/wp-json\/wp\/v2\/media?parent=1605"}],"curies":[{"name":"wp","href":"https:\/\/api.w.org\/{rel}","templated":true}]}}