{"id":1531,"date":"2018-06-09T19:04:06","date_gmt":"2018-06-09T19:04:06","guid":{"rendered":"http:\/\/www.consultoreshh.com\/?page_id=1531\/"},"modified":"2024-03-14T01:03:11","modified_gmt":"2024-03-14T01:03:11","slug":"cambio-de-visitante-por-razones-humanitarias-a-residente-temporal","status":"publish","type":"page","link":"https:\/\/www.consultoreshh.com\/es\/cambio-de-visitante-por-razones-humanitarias-a-residente-temporal\/","title":{"rendered":"Cambio de Visitante por Razones Humanitarias a Residente Temporal"},"content":{"rendered":"<div  class=\"fusion-fullwidth fullwidth-box hundred-percent-fullwidth\"  style='background-color: rgba(255,255,255,0);background-position: left top;background-repeat: no-repeat;padding-right:0px;padding-left:0px;border-top-width:0px;border-bottom-width:0px;border-color:#eae9e9;border-top-style:solid;border-bottom-style:solid;'><div class=\"fusion-builder-row fusion-row \"><div  class=\"fusion-layout-column fusion_builder_column fusion_builder_column_1_2  fusion-one-half fusion-column-first 1_2\"  style='margin-top:0px;margin-bottom:20px;width:48%; margin-right: 4%;'>\n\t\t\t\t\t<div class=\"fusion-column-wrapper\" style=\"background-position:left top;background-repeat:no-repeat;-webkit-background-size:cover;-moz-background-size:cover;-o-background-size:cover;background-size:cover;\"  data-bg-url=\"\">\n\t\t\t\t\t\t<p><img loading=\"lazy\" decoding=\"async\" class=\" wp-image-1528 aligncenter\" src=\"http:\/\/www.consultoreshh.com\/wp-content\/uploads\/2018\/06\/visitantes-300x199.jpg\" alt=\"\" width=\"336\" height=\"223\" srcset=\"https:\/\/www.consultoreshh.com\/wp-content\/uploads\/2018\/06\/visitantes-200x133.jpg 200w, https:\/\/www.consultoreshh.com\/wp-content\/uploads\/2018\/06\/visitantes-300x199.jpg 300w, https:\/\/www.consultoreshh.com\/wp-content\/uploads\/2018\/06\/visitantes-400x266.jpg 400w, https:\/\/www.consultoreshh.com\/wp-content\/uploads\/2018\/06\/visitantes-600x398.jpg 600w, https:\/\/www.consultoreshh.com\/wp-content\/uploads\/2018\/06\/visitantes.jpg 729w\" sizes=\"auto, (max-width: 336px) 100vw, 336px\" \/><\/p>\n<div class=\"fusion-clearfix\"><\/div>\n\n\t\t\t\t\t<\/div>\n\t\t\t\t<\/div><div  class=\"fusion-layout-column fusion_builder_column fusion_builder_column_1_2  fusion-one-half fusion-column-last 1_2\"  style='margin-top:0px;margin-bottom:20px;width:48%'>\n\t\t\t\t\t<div class=\"fusion-column-wrapper\" style=\"background-position:left top;background-repeat:no-repeat;-webkit-background-size:cover;-moz-background-size:cover;-o-background-size:cover;background-size:cover;\"  data-bg-url=\"\">\n\t\t\t\t\t\t<h1 style=\"text-align: center;\">Cambio de Visitante por Razones Humanitarias a Residente Temporal<\/h1>\n<h2 style=\"text-align: center;\">(FM2\/FM3 visa de trabajo, permiso de trabajo, visa de inversionista, residencia o visa humanitaria<strong>)<\/strong><\/h2>\n<p><a href=\"http:\/\/www.consultoreshh.com\/es\/agendar-cita\"><img loading=\"lazy\" decoding=\"async\" class=\"wp-image-1826 aligncenter\" src=\"http:\/\/www.consultoreshh.com\/wp-content\/uploads\/2018\/08\/boton-430-300x69.png\" alt=\"\" width=\"178\" height=\"41\" srcset=\"https:\/\/www.consultoreshh.com\/wp-content\/uploads\/2018\/08\/boton-430-200x46.png 200w, https:\/\/www.consultoreshh.com\/wp-content\/uploads\/2018\/08\/boton-430-300x69.png 300w, https:\/\/www.consultoreshh.com\/wp-content\/uploads\/2018\/08\/boton-430-400x92.png 400w, https:\/\/www.consultoreshh.com\/wp-content\/uploads\/2018\/08\/boton-430.png 438w\" sizes=\"auto, (max-width: 178px) 100vw, 178px\" \/><\/a><\/p>\n<div class=\"fusion-clearfix\"><\/div>\n\n\t\t\t\t\t<\/div>\n\t\t\t\t<\/div><div  class=\"fusion-layout-column fusion_builder_column fusion_builder_column_1_1  fusion-one-full fusion-column-first fusion-column-last fusion-column-no-min-height 1_1\"  style='margin-top:0px;margin-bottom:0px;'>\n\t\t\t\t\t<div class=\"fusion-column-wrapper\" style=\"background-position:left top;background-repeat:no-repeat;-webkit-background-size:cover;-moz-background-size:cover;-o-background-size:cover;background-size:cover;\"  data-bg-url=\"\">\n\t\t\t\t\t\t<p style=\"text-align: justify;\">Los extranjeros que cuenten una condici\u00f3n de estancia de visitante por razones humanitarias vigente y deseen residir en el pa\u00eds, podr\u00e1n al t\u00e9rmino del proceso por el cual se les autoriz\u00f3 su condici\u00f3n de visitante, solicitar tr\u00e1mite de cambio de condici\u00f3n a residente temporal.<\/p>\n<p style=\"text-align: justify;\">Es importante tomar en cuenta que los extranjeros con estancia de visitante por razones humanitarias no generan antig\u00fcedad en su historial migratorio hasta que adquieren la residencia temporal, la cual puede ser autorizada al acreditar los requisitos correspondientes de alguno de los supuestos contemplados en la Ley de Migraci\u00f3n, siendo aplicable por:<\/p>\n<ol style=\"text-align: justify;\">\n<li>Solvencia econ\u00f3mica.<\/li>\n<li>Carta invitaci\u00f3n.<\/li>\n<li>Inversionista<\/li>\n<li>Contar con bienes Inmuebles en M\u00e9xico, y<\/li>\n<li>Oferta de empleo.<\/li>\n<\/ol>\n<p style=\"text-align: justify;\">La condici\u00f3n de estancia de residente temporal adquirida a trav\u00e9s de este tr\u00e1mite puede ser com\u00fanmente conocida como FM2, FM3, visa de trabajo, permiso de trabajo, visa de inversionista, residencia o visa humanitaria, dependiendo en gran parte, del supuesto por el cual se obtuvo.<\/p>\n<p style=\"text-align: justify;\">Si est\u00e1 interesado en obtener mayor informaci\u00f3n sobre este tr\u00e1mite, visite nuestra secci\u00f3n de preguntas frecuentes para el tr\u00e1mite de cambio de visitante por razones humanitarias a residente temporal.<\/p>\n<p style=\"text-align: justify;\"><img loading=\"lazy\" decoding=\"async\" class=\"alignnone wp-image-1956 size-full\" src=\"http:\/\/www.consultoreshh.com\/wp-content\/uploads\/2018\/09\/separador.jpg\" alt=\"\" width=\"2048\" height=\"91\" srcset=\"https:\/\/www.consultoreshh.com\/wp-content\/uploads\/2018\/09\/separador-200x9.jpg 200w, https:\/\/www.consultoreshh.com\/wp-content\/uploads\/2018\/09\/separador-300x13.jpg 300w, https:\/\/www.consultoreshh.com\/wp-content\/uploads\/2018\/09\/separador-400x18.jpg 400w, https:\/\/www.consultoreshh.com\/wp-content\/uploads\/2018\/09\/separador-600x27.jpg 600w, https:\/\/www.consultoreshh.com\/wp-content\/uploads\/2018\/09\/separador-768x34.jpg 768w, https:\/\/www.consultoreshh.com\/wp-content\/uploads\/2018\/09\/separador-800x36.jpg 800w, https:\/\/www.consultoreshh.com\/wp-content\/uploads\/2018\/09\/separador-1024x46.jpg 1024w, https:\/\/www.consultoreshh.com\/wp-content\/uploads\/2018\/09\/separador-1080x48.jpg 1080w, https:\/\/www.consultoreshh.com\/wp-content\/uploads\/2018\/09\/separador-1200x53.jpg 1200w, https:\/\/www.consultoreshh.com\/wp-content\/uploads\/2018\/09\/separador.jpg 2048w\" sizes=\"auto, (max-width: 2048px) 100vw, 2048px\" \/><\/p>\n<h3 style=\"text-align: justify;\">FAQ\u00b4S Cambio de Visitante por Razones Humanitarias a Residente Temporal<\/h3>\n<p style=\"text-align: justify;\"><strong>\u00bfQue necesito para poder realizar un tr\u00e1mite de cambio de condici\u00f3n de visitante por razones humanitarias a residente temporal?<\/strong><\/p>\n<p style=\"text-align: justify;\">Para poder aplicar a la condici\u00f3n de residente temporal, debe contar con su documento vigente de\u00a0 visitante por razones humanitarias, haber concluido el proceso que origino la autorizaci\u00f3n de su condici\u00f3n migratoria y acreditar los requisitos de alguno de los siguientes supuestos:<\/p>\n<ul style=\"text-align: justify;\">\n<li>Solvencia econ\u00f3mica.<\/li>\n<li>Carta invitaci\u00f3n.<\/li>\n<li>Por contar con bienes inmuebles en M\u00e9xico.<\/li>\n<li>Oferta de empleo.<\/li>\n<\/ul>\n<p style=\"text-align: justify;\">Agende un consultor\u00eda con nuestro equipo, para conocer mayor informaci\u00f3n sobre las v\u00edas disponibles para\u00a0 obtener la condici\u00f3n de residente temporal por cambio de condici\u00f3n.<\/p>\n<p style=\"text-align: justify;\"><strong>\u00bf<\/strong><strong>D\u00f3nde puedo aplicar para un tr\u00e1mite de <\/strong><strong>cambio de condici\u00f3n de visitante por razones humanitarias a residente temporal<\/strong><strong>?<\/strong><\/p>\n<p style=\"text-align: justify;\">Usted puede ingresar su solicitud de tr\u00e1mite en cualquier oficina del INM(Instituto Nacional de Migraci\u00f3n), acompa\u00f1ada de la documentaci\u00f3n necesaria.<\/p>\n<p style=\"text-align: justify;\">Sin embargo, recomendamos siempre que su solicitud sea ingresada en la oficina correspondiente a su domicilio registrado ante el INM,\u00a0 de esta manera\u00a0 el tiempo en que se resuelva su tr\u00e1mite ser\u00e1 m\u00e1s r\u00e1pido<\/p>\n<p style=\"text-align: justify;\">HH Consultores puede asesorarle en este tipo de procedimientos, para que pueda cambiar su condici\u00f3n de estancia a residente temporal y obtenga su documento migratorio cuanto antes. De esta manera podr\u00e1 empezar a crear su historial migratorio, para que al t\u00e9rmino de 4 a\u00f1os como residente temporal adquiera su residencia permanente en M\u00e9xico.<\/p>\n<p style=\"text-align: justify;\"><strong>\u00bf<\/strong><strong>Cu\u00e1nto tiempo tarda el <\/strong><strong>tr\u00e1mite de cambio de condici\u00f3n de visitante por razones humanitarias a residente temporal<\/strong><strong>?<\/strong><\/p>\n<p style=\"text-align: justify;\">El tiempo de respuesta de este tr\u00e1mite puede variar, depende principalmente de que los documentos se ingresen de manera completa y correcta ante el INM(Instituto Nacional de Migraci\u00f3n), de ser as\u00ed, su tr\u00e1mite puede ser resuelto de 5 a 10 d\u00edas.<\/p>\n<p style=\"text-align: justify;\">Es importante tomar en cuenta que en la mayor\u00eda de los casos en los que se desconocen las disposiciones de la Ley de Migraci\u00f3n o no se cuenta con experiencia previa en tr\u00e1mites migratorios, el tiempo en que se resuelva su solicitud puede ser de 15 a 30 d\u00edas.<\/p>\n<p style=\"text-align: justify;\">Si est\u00e1 por iniciar su tr\u00e1mite migratorio, agende hoy una cita con uno de nuestros especialistas para agilizar su tr\u00e1mite y evitar que\u00a0 este le sea negado por falta de informaci\u00f3n acerca del procedimiento.<\/p>\n<p style=\"text-align: justify;\">En HH hacemos de su proceso migratorio una experiencia sin contratiempos.<\/p>\n<p style=\"text-align: justify;\"><strong>\u00bf<\/strong><strong>C\u00f3mo puedo iniciar mi <\/strong><strong>tr\u00e1mite de cambio de condici\u00f3n de visitante por razones humanitarias a residente temporal<\/strong><strong>?<\/strong><\/p>\n<p style=\"text-align: justify;\">Agendando una cita con uno de nuestros consultores, por favor recuerde que Consultores H&amp;H le puede atender en persona o en l\u00ednea.<\/p>\n<p style=\"text-align: justify;\"><strong>\u00bfPuedo iniciar mi tr\u00e1mite de cambio de condici\u00f3n de visitante por razones humanitarias a residente temporal desde el extranjero?<\/strong><\/p>\n<p style=\"text-align: justify;\">Desafortunadamente este tr\u00e1mite no puede ser iniciado desde el extranjero, los candidatos a este procedimiento deben encontrarse en M\u00e9xico con la condici\u00f3n de estancia de visitante por razones humanitarias para poder realizar el cambio de estatus migratorio.<\/p>\n<p style=\"text-align: justify;\">Si usted requiere viajar dentro o fuera de M\u00e9xico durante el proceso de su solicitud, HH le puede orientar sobre las alternativas disponibles, para evitar que su solitud sea rechazada y pueda viajar sin contratiempos.<\/p>\n<p style=\"text-align: justify;\"><strong>\u00bfPor cu\u00e1nto tiempo es v\u00e1lido mi documento de residente temporal obtenido por cambio de condici\u00f3n de visitante por razones humanitarias?<\/strong><\/p>\n<p style=\"text-align: justify;\">La vigencia de su documento puede ser por 1, 2, 3 o hasta 4 a\u00f1os.<\/p>\n<p style=\"text-align: justify;\">Si est\u00e1 interesado en conocer mayor informaci\u00f3n sobre los requerimientos para obtener su documento con vigencia de m\u00e1s de 1 a\u00f1o, en HH podemos orientarle sobre el proceso y las ventajas de aplicar por una vigencia de mayor tiempo.<\/p>\n<p style=\"text-align: justify;\"><strong>\u00bfPuedo trabajar con mi documento de residente temporal obtenido por cambio de condici\u00f3n de visitante por razones humanitarias?<\/strong><\/p>\n<p style=\"text-align: justify;\">Uno de los supuestos que le permiten cambiar a residente temporal, es la de oferta de empleo, por lo que su documento en este caso contara con el permiso para que usted pueda realizar una actividad a cambio de una remuneraci\u00f3n en el pa\u00eds.<\/p>\n<p style=\"text-align: justify;\"><strong>\u00bfQu\u00e9 tan frecuente puedo salir de M\u00e9xico con mi documento<\/strong><strong> de residente temporal, obtenido por cambio de condici\u00f3n de visitante por razones humanitarias?<\/strong><\/p>\n<p style=\"text-align: justify;\">Usted puede salir del pa\u00eds cuantas veces lo desee, siempre y cuando su documento migratorio este vigente.<\/p>\n<p style=\"text-align: justify;\">En HH, adem\u00e1s de llevar a cabo su proceso migratorio, una vez que le es entregada su tarjeta, le hacemos saber sobre las obligaciones, derechos y recomendaciones que debe considerar, con el fin de evitar cualquier\u00a0 imprevisto que ponga en riesgo su historial migratorio, sabemos que la mayor\u00eda de los extranjeros que llegan a M\u00e9xico, generalmente pretenden obtener su estancia permanente en el pa\u00eds, por lo que es de suma importancia contar con la informaci\u00f3n necesaria para que su historial migratorio no se vea afectado.<\/p>\n<p style=\"text-align: justify;\">Si usted ya cuenta con su documento migratorio, si\u00e9ntase libre de contactar a uno de nuestros consultores, quienes con gusto le orientaran m\u00e1s detalles al respecto.<\/p>\n<p style=\"text-align: justify;\"><strong>\u00bf<\/strong><strong>Cu\u00e1l es el costo por el <\/strong><strong>tr\u00e1mite de cambio de condici\u00f3n de visitante por razones humanitarias a residente temporal<\/strong><strong>?<\/strong><\/p>\n<p style=\"text-align: justify;\">Espec\u00edficamente en casos de razones humanitarias, HH tiene consideradas un n\u00famero de consultor\u00edas gratuitas y precios reducidos, agende su consultor\u00eda ahora e indique\u00a0 estar\u00a0 interesado en obtener este beneficio.<\/p>\n<p style=\"text-align: justify;\">De igual manera, si es de su inter\u00e9s,\u00a0 puede tambi\u00e9n solicitar su consultor\u00eda bajo el proceso regular, en el que recomendamos comenzar con una entrevista inicial (40dlls, mismos que se descuentan del costo total por llevar su caso con nosotros) con la finalidad de obtener la mayor cantidad de informaci\u00f3n posible para determinar si este tipo de tr\u00e1mite es apto para el extranjero.<\/p>\n<p style=\"text-align: justify;\">De lo contrario, se le orientara sobre el proceso que mejor convenga de acuerdo a cada situaci\u00f3n.<\/p>\n<p style=\"text-align: justify;\">HH le ayuda a usted extranjero a regularizar su situaci\u00f3n migratoria, para que pueda disfrutar de M\u00e9xico con la confianza de contar con un estatus migratorio en orden.<\/p>\n<p style=\"text-align: justify;\"><strong>\u00a0<\/strong><\/p>\n<div class=\"fusion-sep-clear\"><\/div><div class=\"fusion-separator fusion-full-width-sep sep-single sep-solid\" style=\"border-color:#4cc08b;border-top-width:1px;margin-left: auto;margin-right: auto;margin-top:;margin-bottom:15px;\"><span class=\"icon-wrapper\" style=\"border-color:#4cc08b;\"><i class=\"fa fa-gavel\" style=\"color:#4cc08b;\"><\/i><\/span><\/div><h3 style=\"text-align: left;\"><a href=\"http:\/\/www.consultoreshh.com\/es\/ley-inmigracion-mexicana\/\">Ley de migraci\u00f3n<\/a><\/h3>\n<div class=\"fusion-clearfix\"><\/div>\n\n\t\t\t\t\t<\/div>\n\t\t\t\t<\/div><div  class=\"fusion-layout-column fusion_builder_column fusion_builder_column_1_2  fusion-one-half fusion-column-first 1_2\"  style='margin-top:0px;margin-bottom:20px;width:50%;width:calc(50% - ( ( 4% ) * 0.5 ) );margin-right: 4%;'>\n\t\t\t\t\t<div class=\"fusion-column-wrapper\" style=\"background-position:left top;background-repeat:no-repeat;-webkit-background-size:cover;-moz-background-size:cover;-o-background-size:cover;background-size:cover;\"  data-bg-url=\"\">\n\t\t\t\t\t\t<p>Visitante por razones humanitarias (Art\u00edculo 52)<br \/>\nResidente temporal (Art\u00edculo 52)<br \/>\nArt\u00edculo 53<strong><br \/>\n<\/strong><\/p>\n<div class=\"fusion-clearfix\"><\/div>\n\n\t\t\t\t\t<\/div>\n\t\t\t\t<\/div><div  class=\"fusion-layout-column fusion_builder_column fusion_builder_column_1_2  fusion-one-half fusion-column-last 1_2\"  style='margin-top:0px;margin-bottom:20px;width:50%;width:calc(50% - ( ( 4% ) * 0.5 ) );'>\n\t\t\t\t\t<div class=\"fusion-column-wrapper\" style=\"background-position:left top;background-repeat:no-repeat;-webkit-background-size:cover;-moz-background-size:cover;-o-background-size:cover;background-size:cover;\"  data-bg-url=\"\">\n\t\t\t\t\t\t<div class=\"fusion-clearfix\"><\/div>\n\n\t\t\t\t\t<\/div>\n\t\t\t\t<\/div><\/div><\/div>\n","protected":false},"excerpt":{"rendered":"","protected":false},"author":2,"featured_media":0,"parent":0,"menu_order":0,"comment_status":"closed","ping_status":"closed","template":"","meta":{"footnotes":""},"class_list":["post-1531","page","type-page","status-publish","hentry"],"_links":{"self":[{"href":"https:\/\/www.consultoreshh.com\/es\/wp-json\/wp\/v2\/pages\/1531","targetHints":{"allow":["GET"]}}],"collection":[{"href":"https:\/\/www.consultoreshh.com\/es\/wp-json\/wp\/v2\/pages"}],"about":[{"href":"https:\/\/www.consultoreshh.com\/es\/wp-json\/wp\/v2\/types\/page"}],"author":[{"embeddable":true,"href":"https:\/\/www.consultoreshh.com\/es\/wp-json\/wp\/v2\/users\/2"}],"replies":[{"embeddable":true,"href":"https:\/\/www.consultoreshh.com\/es\/wp-json\/wp\/v2\/comments?post=1531"}],"version-history":[{"count":5,"href":"https:\/\/www.consultoreshh.com\/es\/wp-json\/wp\/v2\/pages\/1531\/revisions"}],"predecessor-version":[{"id":2366,"href":"https:\/\/www.consultoreshh.com\/es\/wp-json\/wp\/v2\/pages\/1531\/revisions\/2366"}],"wp:attachment":[{"href":"https:\/\/www.consultoreshh.com\/es\/wp-json\/wp\/v2\/media?parent=1531"}],"curies":[{"name":"wp","href":"https:\/\/api.w.org\/{rel}","templated":true}]}}