{"id":1491,"date":"2018-06-08T21:44:01","date_gmt":"2018-06-08T21:44:01","guid":{"rendered":"http:\/\/www.consultoreshh.com\/?page_id=1491\/"},"modified":"2024-03-14T01:03:12","modified_gmt":"2024-03-14T01:03:12","slug":"actualizacion-de-constancia-de-inscripcion-del-empleador","status":"publish","type":"page","link":"https:\/\/www.consultoreshh.com\/es\/servicios\/actualizacion-de-constancia-de-inscripcion-del-empleador\/","title":{"rendered":"Actualizaci\u00f3n de Constancia de Inscripci\u00f3n del Empleador"},"content":{"rendered":"<div  class=\"fusion-fullwidth fullwidth-box hundred-percent-fullwidth\"  style='background-color: rgba(255,255,255,0);background-position: left top;background-repeat: no-repeat;padding-right:0px;padding-left:0px;border-top-width:0px;border-bottom-width:0px;border-color:#eae9e9;border-top-style:solid;border-bottom-style:solid;'><div class=\"fusion-builder-row fusion-row \"><div  class=\"fusion-layout-column fusion_builder_column fusion_builder_column_1_2  fusion-one-half fusion-column-first 1_2\"  style='margin-top:0px;margin-bottom:20px;width:48%; margin-right: 4%;'>\n\t\t\t\t\t<div class=\"fusion-column-wrapper\" style=\"background-position:left top;background-repeat:no-repeat;-webkit-background-size:cover;-moz-background-size:cover;-o-background-size:cover;background-size:cover;\"  data-bg-url=\"\">\n\t\t\t\t\t\t<p><img loading=\"lazy\" decoding=\"async\" class=\"size-full wp-image-1167 aligncenter\" src=\"http:\/\/consultoreshh.com\/wp-content\/uploads\/2016\/06\/FM3-006.jpg\" alt=\"\" width=\"341\" height=\"228\" srcset=\"https:\/\/www.consultoreshh.com\/wp-content\/uploads\/2016\/06\/FM3-006-300x201.jpg 300w, https:\/\/www.consultoreshh.com\/wp-content\/uploads\/2016\/06\/FM3-006.jpg 341w\" sizes=\"auto, (max-width: 341px) 100vw, 341px\" \/><\/p>\n<div class=\"fusion-clearfix\"><\/div>\n\n\t\t\t\t\t<\/div>\n\t\t\t\t<\/div><div  class=\"fusion-layout-column fusion_builder_column fusion_builder_column_1_2  fusion-one-half fusion-column-last 1_2\"  style='margin-top:0px;margin-bottom:20px;width:48%'>\n\t\t\t\t\t<div class=\"fusion-column-wrapper\" style=\"background-position:left top;background-repeat:no-repeat;-webkit-background-size:cover;-moz-background-size:cover;-o-background-size:cover;background-size:cover;\"  data-bg-url=\"\">\n\t\t\t\t\t\t<h1 style=\"text-align: center;\">Actualizaci\u00f3n de Constancia de Inscripci\u00f3n del Empleador<\/h1>\n<p><a href=\"http:\/\/www.consultoreshh.com\/es\/agendar-cita\/\"><img loading=\"lazy\" decoding=\"async\" class=\"wp-image-1814 aligncenter\" src=\"http:\/\/www.consultoreshh.com\/wp-content\/uploads\/2018\/08\/boton.png\" alt=\"\" width=\"178\" height=\"41\" srcset=\"https:\/\/www.consultoreshh.com\/wp-content\/uploads\/2018\/08\/boton-200x46.png 200w, https:\/\/www.consultoreshh.com\/wp-content\/uploads\/2018\/08\/boton.png 222w\" sizes=\"auto, (max-width: 178px) 100vw, 178px\" \/><\/a><\/p>\n<div class=\"fusion-clearfix\"><\/div>\n\n\t\t\t\t\t<\/div>\n\t\t\t\t<\/div><div  class=\"fusion-layout-column fusion_builder_column fusion_builder_column_1_1  fusion-one-full fusion-column-first fusion-column-last fusion-column-no-min-height 1_1\"  style='margin-top:0px;margin-bottom:0px;'>\n\t\t\t\t\t<div class=\"fusion-column-wrapper\" style=\"background-position:left top;background-repeat:no-repeat;-webkit-background-size:cover;-moz-background-size:cover;-o-background-size:cover;background-size:cover;\"  data-bg-url=\"\">\n\t\t\t\t\t\t<p style=\"text-align: justify;\">Las personas f\u00edsicas o morales que hayan obtenido previamente la constancia de inscripci\u00f3n de empleador, deben realizar las actualizaciones correspondientes sobre cambios de domicilio, apertura de sucursales, cambios o agregar representantes legales, o en su caso la declaraci\u00f3n anual de impuestos, de no haber surgido ninguna modificaci\u00f3n en la informaci\u00f3n de la empresa registrada ante el INM (Instituto Nacional de Migraci\u00f3n).<\/p>\n<p style=\"text-align: justify;\">Los empleadores deber\u00e1n notificar dentro de los treinta d\u00edas naturales a que ocurran los cambios de domicilio, de representante o apoderado legal, adjuntando los instrumentos p\u00fablicos correspondientes.<\/p>\n<p style=\"text-align: justify;\">Es importante considerar que en el supuesto de la actualizaci\u00f3n anual de la declaraci\u00f3n de impuestos, permite confirmar que la empresa se encuentra operando normalmente.<\/p>\n<p style=\"text-align: justify;\">Y que de contar con su registro actualizado podr\u00e1 continuar realizando tr\u00e1mites ante el INM, cuando requiera ofertar un empleo a una persona extranjera.<\/p>\n<p style=\"text-align: justify;\">Si est\u00e1 interesado en obtener mayor informaci\u00f3n sobre este tr\u00e1mite, visite nuestra secci\u00f3n de preguntas frecuentes para el tr\u00e1mite de actualizaci\u00f3n de constancia de inscripci\u00f3n del empleador.<\/p>\n<p style=\"text-align: justify;\"><img loading=\"lazy\" decoding=\"async\" class=\"alignnone wp-image-1956 size-full\" src=\"http:\/\/www.consultoreshh.com\/wp-content\/uploads\/2018\/09\/separador.jpg\" alt=\"\" width=\"2048\" height=\"91\" srcset=\"https:\/\/www.consultoreshh.com\/wp-content\/uploads\/2018\/09\/separador-200x9.jpg 200w, https:\/\/www.consultoreshh.com\/wp-content\/uploads\/2018\/09\/separador-300x13.jpg 300w, https:\/\/www.consultoreshh.com\/wp-content\/uploads\/2018\/09\/separador-400x18.jpg 400w, https:\/\/www.consultoreshh.com\/wp-content\/uploads\/2018\/09\/separador-600x27.jpg 600w, https:\/\/www.consultoreshh.com\/wp-content\/uploads\/2018\/09\/separador-768x34.jpg 768w, https:\/\/www.consultoreshh.com\/wp-content\/uploads\/2018\/09\/separador-800x36.jpg 800w, https:\/\/www.consultoreshh.com\/wp-content\/uploads\/2018\/09\/separador-1024x46.jpg 1024w, https:\/\/www.consultoreshh.com\/wp-content\/uploads\/2018\/09\/separador-1080x48.jpg 1080w, https:\/\/www.consultoreshh.com\/wp-content\/uploads\/2018\/09\/separador-1200x53.jpg 1200w, https:\/\/www.consultoreshh.com\/wp-content\/uploads\/2018\/09\/separador.jpg 2048w\" sizes=\"auto, (max-width: 2048px) 100vw, 2048px\" \/><\/p>\n<h3 style=\"text-align: justify;\">FAQ\u00b4S Actualizaci\u00f3n de Constancia de Inscripci\u00f3n del Empleador<\/h3>\n<p style=\"text-align: justify;\"><strong>\u00bfQue necesito para poder realizar un tr\u00e1mite de actualizaci\u00f3n de constancia de inscripci\u00f3n del empleador?<\/strong><\/p>\n<p style=\"text-align: justify;\">En caso de que realice la actualizaci\u00f3n de su registro por cumplir con la temporalidad de un a\u00f1o, principalmente necesita contar con el comprobante de su \u00faltima declaraci\u00f3n de impuestos.<\/p>\n<p style=\"text-align: justify;\">En los casos en que se encuentre realiz\u00e1ndolo por haber hecho modificaciones en la informaci\u00f3n de su empresa, necesitara contar con los documentos que acrediten dichos cambios.<strong>\u00a0<\/strong><\/p>\n<p style=\"text-align: justify;\"><strong>\u00bf<\/strong><strong>D\u00f3nde puedo aplicar para un tr\u00e1mite\u00a0<\/strong><strong>de actualizaci\u00f3n de constancia deinscripci\u00f3n del empleador<\/strong><strong>?<\/strong><\/p>\n<p style=\"text-align: justify;\">Usted puede ingresar su solicitud de tr\u00e1mite en cualquier oficina del INM(Instituto Nacional de Migraci\u00f3n), acompa\u00f1ada de la documentaci\u00f3n necesaria.<\/p>\n<p style=\"text-align: justify;\">Sin embargo, recomendamos siempre que su solicitud se ingrese en la oficina correspondiente a su domicilio registrado ante el INM,\u00a0 de esta manera\u00a0 el tiempo en que se resuelva su tr\u00e1mite ser\u00e1 m\u00e1s r\u00e1pido.<\/p>\n<p style=\"text-align: justify;\">HH Consultores lo hace simple y sencillo para usted, agende hoy una consultor\u00eda con nuestro grupo de expertos, quienes\u00a0 le ayudaran en el proceso de su solicitud, as\u00ed no tendr\u00e1 que perder d\u00edas enteros realizando su tr\u00e1mite.<\/p>\n<p style=\"text-align: justify;\"><strong>\u00bf<\/strong><strong>Cu\u00e1nto tiempo tarda el\u00a0<\/strong><strong>tr\u00e1mite de actualizaci\u00f3n de constancia deinscripci\u00f3n delempleador<\/strong><strong>?<\/strong><\/p>\n<p style=\"text-align: justify;\">El tiempo de respuesta puede variar, esto depende de cada caso, inclusive de la oficina del INM (Instituto Nacional de Migraci\u00f3n)en la que presente su tr\u00e1mite, considerando que los documentos dentro de su solicitud sean ingresados de forma completa y correcta, el tiempo estimado en el mejor de los escenarios puede ser de 3 a 5 d\u00edas.<\/p>\n<p style=\"text-align: justify;\">Sin embargo, tome en cuenta que en la mayor\u00eda de los casos en los que se desconocen las disposiciones de la Ley de Migraci\u00f3n o no se cuenta con experiencia previa en tr\u00e1mites migratorios, el tiempo en que se resuelva su solicitud puede ser de 10 a 30 d\u00edas.<\/p>\n<p style=\"text-align: justify;\">Si est\u00e1 por iniciar su tr\u00e1mite migratorio, agende hoy una cita con uno de nuestros especialistas para agilizar su tr\u00e1mite y evitar que\u00a0 este le sea negado por falta de informaci\u00f3n acerca del procedimiento.<\/p>\n<p style=\"text-align: justify;\">En HH hacemos de su proceso migratorio una experiencia sin contratiempos.<\/p>\n<p style=\"text-align: justify;\"><strong>\u00bfC\u00f3mo puedo iniciar mi\u00a0<\/strong><strong>tr\u00e1mite de actualizaci\u00f3n de constancia de inscripci\u00f3n del empleador<\/strong><strong>?<\/strong><\/p>\n<p style=\"text-align: justify;\">Agendando una cita con uno de nuestros consultores, por favor recuerde que Consultores HH le puede atender en persona o de manera virtual.<\/p>\n<p style=\"text-align: justify;\">Para iniciar su tr\u00e1mite, definitivamente le recomendamos asesorarse con un especialista en tr\u00e1mites migratorios, para que puede iniciar su tr\u00e1mite con la seguridad de que este no ser\u00e1 rechazado.<\/p>\n<p style=\"text-align: justify;\"><strong>\u00bfPara qu\u00e9 me sirve actualizar mi constancia de inscripci\u00f3n del empleador?<\/strong><\/p>\n<p style=\"text-align: justify;\">Actualizar su registro de empleador, le permitir\u00e1 continuar llevando a cabo sin contratiempos, la contrataci\u00f3n de los servicios de personas extranjeras, ya sea solicitando su ingreso por medio de un tr\u00e1mite de autorizaci\u00f3n de visa, cuando el candidato al empleo se encuentra fuera de M\u00e9xico, o bien, cuando este ya se encuentre viviendo en el pa\u00eds, de esta manera la informaci\u00f3n de su empresa se mantiene vigente ante el INM (Instituto Nacional de Migraci\u00f3n).<\/p>\n<p style=\"text-align: justify;\">En los casos de tr\u00e1mites de autorizaci\u00f3n de visa por oferta de empleo, es indispensable contar con su registro vigente, ya que de este requisito depende gran parte la autorizaci\u00f3n de su tr\u00e1mite de visa, ya que a trav\u00e9s de su registro de empleador, se comprueba\u00a0 que su empresa o negocio contin\u00faa legalmente constituida en M\u00e9xico.<\/p>\n<p style=\"text-align: justify;\">En HH podemos apoyarle durante el proceso completo de registrar su empresa y realizar las actualizaciones correspondientes, as\u00ed como, en los tr\u00e1mites de autorizaci\u00f3n de visa que necesite presentar.<\/p>\n<p style=\"text-align: justify;\">Agende hoy una consultor\u00eda con nuestro grupo de expertos, quienes con gusto le apoyaran en todas sus dudas.<\/p>\n<p style=\"text-align: justify;\"><strong>\u00bfPuedo solicitar mi tr\u00e1mite de actualizaci\u00f3n de\u00a0<\/strong><strong>constancia de inscripci\u00f3n del empleador<\/strong><strong>\u00a0desde el extranjero?<\/strong><\/p>\n<p style=\"text-align: justify;\">En este caso, no puede solicitar su tr\u00e1mite desde el extranjero, requiere obligatoriamente encontrarse en M\u00e9xico.<\/p>\n<p style=\"text-align: justify;\">Recuerde que HH puede realizar la gesti\u00f3n de su tr\u00e1mite migratorio, de esta manera no es necesario que se presente personalmente en las oficinas del INM (Instituto Nacional de Migraci\u00f3n) a presentar su solicitud, de tal manera que no tendr\u00e1 que preocuparse por su proceso migratorio.<\/p>\n<p style=\"text-align: justify;\"><strong>\u00bfQu\u00e9 vigencia tiene la constancia de inscripci\u00f3n del empleador?<\/strong><\/p>\n<p style=\"text-align: justify;\">La vigencia de la constancia de empleador es por un a\u00f1o.<\/p>\n<p style=\"text-align: justify;\"><strong>\u00bfSi actualizo mi registro por haber hecho cambios en mi informaci\u00f3n, que vigencia tendr\u00e1 ahora mi\u00a0<\/strong><strong>constancia de inscripci\u00f3n del empleador<\/strong><strong>?<\/strong><\/p>\n<p style=\"text-align: justify;\">En estos casos, aun cuando su nuevo registro cuente con fecha de expedici\u00f3n reciente, se deber\u00e1 de presentar la actualizaci\u00f3n de acuerdo a la fecha de expedici\u00f3n inicial, acompa\u00f1ada del comprobante de su \u00faltima declaraci\u00f3n de impuestos.<\/p>\n<p style=\"text-align: justify;\">Si esta por presentar su tr\u00e1mite, agende hoy su consultor\u00eda con HH, para obtener mayor informaci\u00f3n sobre estos procedimientos, es importante, al igual que los extranjeros,\u00a0 que los empleadores lleven un buen historial dentro de su expediente, lo cual le beneficiara en tr\u00e1mites futuros.<\/p>\n<p style=\"text-align: justify;\"><strong>\u00bfCu\u00e1l es el costo por el\u00a0<\/strong><strong>tr\u00e1mite de actualizaci\u00f3n de constancia de empleador<\/strong><strong>?<\/strong><\/p>\n<p style=\"text-align: justify;\">Sabemos que las condiciones migratorias de cada extranjero son diferentes y que en dados casos, el procedimiento migratorio se encuentre en distintas etapas.<\/p>\n<p style=\"text-align: justify;\">Por lo que, el costo puede variar de acuerdo a las caracter\u00edsticas de cada caso.<\/p>\n<p style=\"text-align: justify;\">Es por ello, que recomendamos comenzar con una entrevista inicial (40 dlls, mismos que se descuentan del costo total por llevar su caso con nosotros) con la finalidad de obtener la mayor cantidad de informaci\u00f3n posible para determinar si este tipo de tr\u00e1mite es apto para el extranjero.<\/p>\n<p style=\"text-align: justify;\">De lo contrario, se le orientara sobre el proceso que mejor convenga de acuerdo a cada situaci\u00f3n.<\/p>\n<p style=\"text-align: justify;\">HH le ayuda a usted extranjero a regularizar su situaci\u00f3n migratoria, para que pueda disfrutar de M\u00e9xico con la confianza de contar con un estatus migratorio en orden.<\/p>\n<div class=\"fusion-sep-clear\"><\/div><div class=\"fusion-separator fusion-full-width-sep sep-single sep-solid\" style=\"border-color:#4cc08b;border-top-width:1px;margin-left: auto;margin-right: auto;margin-top:;margin-bottom:15px;\"><span class=\"icon-wrapper\" style=\"border-color:#4cc08b;\"><i class=\"fa fa-gavel\" style=\"color:#4cc08b;\"><\/i><\/span><\/div><h2 style=\"text-align: left;\"><a href=\"http:\/\/www.consultoreshh.com\/es\/ley-inmigracion-mexicana\/\">Ley de Migraci\u00f3n<\/a><\/h2>\n<div class=\"fusion-clearfix\"><\/div>\n\n\t\t\t\t\t<\/div>\n\t\t\t\t<\/div><div  class=\"fusion-layout-column fusion_builder_column fusion_builder_column_1_2  fusion-one-half fusion-column-first 1_2\"  style='margin-top:0px;margin-bottom:20px;width:48%; margin-right: 4%;'>\n\t\t\t\t\t<div class=\"fusion-column-wrapper\" style=\"background-position:left top;background-repeat:no-repeat;-webkit-background-size:cover;-moz-background-size:cover;-o-background-size:cover;background-size:cover;\"  data-bg-url=\"\">\n\t\t\t\t\t\t<p>Art\u00edculo 166.<\/p>\n<div class=\"fusion-clearfix\"><\/div>\n\n\t\t\t\t\t<\/div>\n\t\t\t\t<\/div><div  class=\"fusion-layout-column fusion_builder_column fusion_builder_column_1_2  fusion-one-half fusion-column-last 1_2\"  style='margin-top:0px;margin-bottom:20px;width:48%'>\n\t\t\t\t\t<div class=\"fusion-column-wrapper\" style=\"background-position:left top;background-repeat:no-repeat;-webkit-background-size:cover;-moz-background-size:cover;-o-background-size:cover;background-size:cover;\"  data-bg-url=\"\">\n\t\t\t\t\t\t<div class=\"fusion-clearfix\"><\/div>\n\n\t\t\t\t\t<\/div>\n\t\t\t\t<\/div><\/div><\/div>\n","protected":false},"excerpt":{"rendered":"","protected":false},"author":2,"featured_media":0,"parent":117,"menu_order":0,"comment_status":"closed","ping_status":"closed","template":"","meta":{"footnotes":""},"class_list":["post-1491","page","type-page","status-publish","hentry"],"_links":{"self":[{"href":"https:\/\/www.consultoreshh.com\/es\/wp-json\/wp\/v2\/pages\/1491","targetHints":{"allow":["GET"]}}],"collection":[{"href":"https:\/\/www.consultoreshh.com\/es\/wp-json\/wp\/v2\/pages"}],"about":[{"href":"https:\/\/www.consultoreshh.com\/es\/wp-json\/wp\/v2\/types\/page"}],"author":[{"embeddable":true,"href":"https:\/\/www.consultoreshh.com\/es\/wp-json\/wp\/v2\/users\/2"}],"replies":[{"embeddable":true,"href":"https:\/\/www.consultoreshh.com\/es\/wp-json\/wp\/v2\/comments?post=1491"}],"version-history":[{"count":8,"href":"https:\/\/www.consultoreshh.com\/es\/wp-json\/wp\/v2\/pages\/1491\/revisions"}],"predecessor-version":[{"id":2377,"href":"https:\/\/www.consultoreshh.com\/es\/wp-json\/wp\/v2\/pages\/1491\/revisions\/2377"}],"up":[{"embeddable":true,"href":"https:\/\/www.consultoreshh.com\/es\/wp-json\/wp\/v2\/pages\/117"}],"wp:attachment":[{"href":"https:\/\/www.consultoreshh.com\/es\/wp-json\/wp\/v2\/media?parent=1491"}],"curies":[{"name":"wp","href":"https:\/\/api.w.org\/{rel}","templated":true}]}}