{"id":1483,"date":"2018-06-08T21:19:35","date_gmt":"2018-06-08T21:19:35","guid":{"rendered":"http:\/\/www.consultoreshh.com\/?page_id=1483\/"},"modified":"2024-03-14T01:03:12","modified_gmt":"2024-03-14T01:03:12","slug":"regularizacion-por-tener-documento-vencido-o-realizar-actividades-no-autorizadas","status":"publish","type":"page","link":"https:\/\/www.consultoreshh.com\/es\/servicios\/regularizacion-por-tener-documento-vencido-o-realizar-actividades-no-autorizadas\/","title":{"rendered":"Regularizaci\u00f3n por Tener Documento Vencido o Realizar Actividades No Autorizadas"},"content":{"rendered":"<div  class=\"fusion-fullwidth fullwidth-box hundred-percent-fullwidth\"  style='background-color: rgba(255,255,255,0);background-position: left top;background-repeat: no-repeat;padding-right:0px;padding-left:0px;border-top-width:0px;border-bottom-width:0px;border-color:#eae9e9;border-top-style:solid;border-bottom-style:solid;'><div class=\"fusion-builder-row fusion-row \"><div  class=\"fusion-layout-column fusion_builder_column fusion_builder_column_1_2  fusion-one-half fusion-column-first 1_2\"  style='margin-top:0px;margin-bottom:20px;width:48%; margin-right: 4%;'>\n\t\t\t\t\t<div class=\"fusion-column-wrapper\" style=\"background-position:left top;background-repeat:no-repeat;-webkit-background-size:cover;-moz-background-size:cover;-o-background-size:cover;background-size:cover;\"  data-bg-url=\"\">\n\t\t\t\t\t\t<p><img loading=\"lazy\" decoding=\"async\" class=\"size-full wp-image-1160 aligncenter\" src=\"http:\/\/consultoreshh.com\/wp-content\/uploads\/2016\/06\/FM3-001.jpg\" alt=\"\" width=\"341\" height=\"228\" srcset=\"https:\/\/www.consultoreshh.com\/wp-content\/uploads\/2016\/06\/FM3-001-300x201.jpg 300w, https:\/\/www.consultoreshh.com\/wp-content\/uploads\/2016\/06\/FM3-001.jpg 341w\" sizes=\"auto, (max-width: 341px) 100vw, 341px\" \/><\/p>\n<div class=\"fusion-clearfix\"><\/div>\n\n\t\t\t\t\t<\/div>\n\t\t\t\t<\/div><div  class=\"fusion-layout-column fusion_builder_column fusion_builder_column_1_2  fusion-one-half fusion-column-last 1_2\"  style='margin-top:0px;margin-bottom:20px;width:48%'>\n\t\t\t\t\t<div class=\"fusion-column-wrapper\" style=\"background-position:left top;background-repeat:no-repeat;-webkit-background-size:cover;-moz-background-size:cover;-o-background-size:cover;background-size:cover;\"  data-bg-url=\"\">\n\t\t\t\t\t\t<h1 style=\"text-align: center;\">Regularizaci\u00f3n por Tener Documento Vencido o Realizar Actividades No Autorizadas<\/h1>\n<h2 style=\"text-align: center;\">(FM3\/Residencia Temporal o Visa de Trabajo)<\/h2>\n<p><a href=\"http:\/\/www.consultoreshh.com\/es\/agendar-cita\"><img loading=\"lazy\" decoding=\"async\" class=\"wp-image-1826 aligncenter\" src=\"http:\/\/www.consultoreshh.com\/wp-content\/uploads\/2018\/08\/boton-430-300x69.png\" alt=\"\" width=\"178\" height=\"41\" srcset=\"https:\/\/www.consultoreshh.com\/wp-content\/uploads\/2018\/08\/boton-430-200x46.png 200w, https:\/\/www.consultoreshh.com\/wp-content\/uploads\/2018\/08\/boton-430-300x69.png 300w, https:\/\/www.consultoreshh.com\/wp-content\/uploads\/2018\/08\/boton-430-400x92.png 400w, https:\/\/www.consultoreshh.com\/wp-content\/uploads\/2018\/08\/boton-430.png 438w\" sizes=\"auto, (max-width: 178px) 100vw, 178px\" \/><\/a><\/p>\n<div class=\"fusion-clearfix\"><\/div>\n\n\t\t\t\t\t<\/div>\n\t\t\t\t<\/div><div  class=\"fusion-layout-column fusion_builder_column fusion_builder_column_1_1  fusion-one-full fusion-column-first fusion-column-last fusion-column-no-min-height 1_1\"  style='margin-top:0px;margin-bottom:0px;'>\n\t\t\t\t\t<div class=\"fusion-column-wrapper\" style=\"background-position:left top;background-repeat:no-repeat;-webkit-background-size:cover;-moz-background-size:cover;-o-background-size:cover;background-size:cover;\"  data-bg-url=\"\">\n\t\t\t\t\t\t<p style=\"text-align: justify;\">Todos los extranjeros sin excepci\u00f3n deben contar con un documento migratorio vigente que respalde su estancia regular (tambi\u00e9n conocida como estancia legal) en M\u00e9xico, as\u00ed como las actividades bajo las cuales le fue autorizada su permanencia en el pa\u00eds.<\/p>\n<p style=\"text-align: justify;\">Cuando los extranjeros no cuentan con un documento migratorio vigente, o han dejado de realizar las actividades que les fueron autorizadas tienen la posibilidad de solicitar ante el INM (Instituto Nacional de Migraci\u00f3n), tr\u00e1mite de regularizaci\u00f3n de situaci\u00f3n migratoria por documento vencido o realizar actividades no autorizadas.<\/p>\n<p style=\"text-align: justify;\">En estos casos, siempre que sea solicitada un regularizaci\u00f3n de situaci\u00f3n migratoria el extranjero inicia nuevamente su historial migratorio para efectos de adquirir en su momento su residencia permanente, por lo que sumamente importante considerar no dejar vencer su documento una vez realizado su tr\u00e1mite de regularizaci\u00f3n.<\/p>\n<p style=\"text-align: justify;\">Los requisitos que deben presentarse dependen principalmente del supuesto por el cual se est\u00e1 regularizando, siendo aplicable los siguientes:<\/p>\n<ol style=\"text-align: justify;\">\n<li>Oferta de empleo<\/li>\n<li>Solvencia econ\u00f3mica<\/li>\n<li>Carta de invitaci\u00f3n<\/li>\n<li>Bienes inmuebles en territorio nacional<\/li>\n<li>Inversionista<\/li>\n<li>Estudiante<\/li>\n<\/ol>\n<p style=\"text-align: justify;\">La residencia temporal y residente temporal estudiante adquirida a trav\u00e9s de este tr\u00e1mite son com\u00fanmente conocidas como FM3, FM2, visa de estudiante, visa de trabajo, visa de jubilado, pensionado o retirado, visa de inversionista.<\/p>\n<p style=\"text-align: justify;\">Si est\u00e1 interesado en obtener mayor informaci\u00f3n sobre este tr\u00e1mite, visite nuestra secci\u00f3n de preguntas frecuentes para el tr\u00e1mite de regularizaci\u00f3n por tener documento vencido o realizar actividades no autorizadas.<\/p>\n<p style=\"text-align: justify;\"><img loading=\"lazy\" decoding=\"async\" class=\"alignnone wp-image-1956 size-full\" src=\"http:\/\/www.consultoreshh.com\/wp-content\/uploads\/2018\/09\/separador.jpg\" alt=\"\" width=\"2048\" height=\"91\" srcset=\"https:\/\/www.consultoreshh.com\/wp-content\/uploads\/2018\/09\/separador-200x9.jpg 200w, https:\/\/www.consultoreshh.com\/wp-content\/uploads\/2018\/09\/separador-300x13.jpg 300w, https:\/\/www.consultoreshh.com\/wp-content\/uploads\/2018\/09\/separador-400x18.jpg 400w, https:\/\/www.consultoreshh.com\/wp-content\/uploads\/2018\/09\/separador-600x27.jpg 600w, https:\/\/www.consultoreshh.com\/wp-content\/uploads\/2018\/09\/separador-768x34.jpg 768w, https:\/\/www.consultoreshh.com\/wp-content\/uploads\/2018\/09\/separador-800x36.jpg 800w, https:\/\/www.consultoreshh.com\/wp-content\/uploads\/2018\/09\/separador-1024x46.jpg 1024w, https:\/\/www.consultoreshh.com\/wp-content\/uploads\/2018\/09\/separador-1080x48.jpg 1080w, https:\/\/www.consultoreshh.com\/wp-content\/uploads\/2018\/09\/separador-1200x53.jpg 1200w, https:\/\/www.consultoreshh.com\/wp-content\/uploads\/2018\/09\/separador.jpg 2048w\" sizes=\"auto, (max-width: 2048px) 100vw, 2048px\" \/><\/p>\n<h3 style=\"text-align: justify;\">FAQ\u00b4S Regularizaci\u00f3n por tener Documento Vencido o realizar Actividades Distintas a las Autorizadas.<\/h3>\n<p style=\"text-align: justify;\"><strong>\u00bfQue necesito para poder realizar un tr\u00e1mite de regularizaci\u00f3n de situaci\u00f3n migratoria por documento vencido o realizar actividades no autorizadas?<\/strong><\/p>\n<p style=\"text-align: justify;\">Para poder realizar este tipo de tr\u00e1mite, espec\u00edficamente por documento vencido, este no debe exceder m\u00e1s de 60 d\u00edas a partir de la fecha de vencimiento, tambi\u00e9n pueden solicitarlo cuando han dejado de realizar las actividades que les fueron autorizadas en un inicio, en estos casos el documento puede estar a\u00fan vigente.<\/p>\n<p style=\"text-align: justify;\"><strong>\u00bf<\/strong><strong>D\u00f3nde puedo aplicar para un tr\u00e1mite <\/strong><strong>de regularizaci\u00f3n de situaci\u00f3n migratoria por documento vencido o realizar actividades no autorizadas<\/strong><strong>?<\/strong><\/p>\n<p style=\"text-align: justify;\">Usted puede ingresar su solicitud de tr\u00e1mite en cualquier oficina del INM(Instituto Nacional de Migraci\u00f3n), acompa\u00f1ada de la documentaci\u00f3n necesaria.<\/p>\n<p style=\"text-align: justify;\">Sin embargo, recomendamos siempre que su solicitud se ingrese en la oficina correspondiente a su domicilio registrado ante el INM, de esta manera\u00a0 el tiempo en que se resuelva su tr\u00e1mite ser\u00e1 m\u00e1s r\u00e1pido.<\/p>\n<p style=\"text-align: justify;\">HH Consultores lo hace simple y sencillo para usted, agende hoy una consultor\u00eda con nuestro grupo de expertos, quienes\u00a0 le ayudaran en el proceso de gesti\u00f3n de su solicitud, as\u00ed no tendr\u00e1 que perder d\u00edas enteros realizando su tr\u00e1mite.<\/p>\n<p style=\"text-align: justify;\"><strong>\u00bf<\/strong><strong>Cu\u00e1nto tiempo tarda el <\/strong><strong>tr\u00e1mite de regularizaci\u00f3n de situaci\u00f3n migratoria por documento vencido o realizar actividades no autorizadas<\/strong><strong>?<\/strong><\/p>\n<p style=\"text-align: justify;\">El tiempo de respuesta puede variar, esto depende de cada caso, inclusive de la oficina del INM en la que presente su tr\u00e1mite.<\/p>\n<p style=\"text-align: justify;\">Considerando que este es uno de los tr\u00e1mites que toma mayor tiempo resolverse, y con la certeza de\u00a0 que los documentos sean ingresados de forma completa y correcta, el tiempo estimado puede ser de 7 a 10 d\u00edas.<\/p>\n<p style=\"text-align: justify;\">Tome en cuenta que en la mayor\u00eda de los casos en los que se desconocen las disposiciones de la Ley de Migraci\u00f3n o no se cuenta con experiencia previa en tr\u00e1mites migratorios, el tiempo en que se resuelva su solicitud puede ser de 10 a 30 d\u00edas.<\/p>\n<p style=\"text-align: justify;\">Si est\u00e1 por iniciar su tr\u00e1mite migratorio, agende hoy una cita con uno de nuestros especialistas para agilizar su tr\u00e1mite y evitar que\u00a0 este le sea negado por falta de informaci\u00f3n acerca del procedimiento.<\/p>\n<p style=\"text-align: justify;\">En HH hacemos de su proceso migratorio una experiencia sin contratiempos.<\/p>\n<p style=\"text-align: justify;\"><strong>\u00bfC\u00f3mo puedo iniciar mi <\/strong><strong>tr\u00e1mite de regularizaci\u00f3n de situaci\u00f3n migratoria por documento vencido o realizar actividades no autorizadas<\/strong><strong>?<\/strong><\/p>\n<p style=\"text-align: justify;\">Agendando una cita con uno de nuestros consultores, por favor recuerde que Consultores H&amp;H le puede atender en persona o de manera virtual.<\/p>\n<p style=\"text-align: justify;\">Para iniciar su tr\u00e1mite, definitivamente le recomendamos asesorarse con un especialista en tr\u00e1mites migratorios, para que puede iniciar su tr\u00e1mite con la seguridad de que este no ser\u00e1 rechazado.<\/p>\n<p style=\"text-align: justify;\"><strong>\u00bfPuedo iniciar mi tr\u00e1mite de regularizaci\u00f3n migratoria\u00a0<\/strong><strong>por documento vencido o realizar actividades no autorizadas\u00a0<\/strong><strong>desde el extranjero?<\/strong><\/p>\n<p style=\"text-align: justify;\">No, para que\u00a0 usted pueda iniciar su tr\u00e1mite de regularizaci\u00f3n por tener documento vencido o realizar Actividades distintas a las autorizadas, requiere obligatoriamente encontrarse en M\u00e9xico.<\/p>\n<p style=\"text-align: justify;\">Si desea regularizar su situaci\u00f3n migratoria, solicite el d\u00eda de hoy su consultor\u00eda con nuestro especialista, para que conozca las alternativas que tiene para obtener su documento migratorio cuanto antes.<\/p>\n<p style=\"text-align: justify;\"><strong>\u00bfPor cu\u00e1nto tiempo es v\u00e1lido mi documento?<\/strong><\/p>\n<p style=\"text-align: justify;\">La vigencia de su documento puede ser obtenida por 1, 2, 3 o hasta 4 a\u00f1os.<\/p>\n<p style=\"text-align: justify;\">Si est\u00e1 interesado en adquirir su documento con vigencia de m\u00e1s de un a\u00f1o, en HH\u00a0 le podemos asistir, sobre los requerimientos para hacerlo.<\/p>\n<p style=\"text-align: justify;\"><strong>\u00bfPuedo salir de M\u00e9xico con mi documento migratorio obtenido por <\/strong><strong>regularizaci\u00f3n migratoria\u00a0<\/strong><strong>por documento vencido o realizar actividades no autorizadas<\/strong><strong>?<\/strong><\/p>\n<p style=\"text-align: justify;\">Usted puede entrar y salir de M\u00e9xico cuantas veces lo desee, siempre y cuando su documento este vigente.<\/p>\n<p style=\"text-align: justify;\">En HH, adem\u00e1s de llevar a cabo su proceso migratorio, una vez que le es entregada su tarjeta, le hacemos saber sobre las obligaciones, derechos y recomendaciones que debe tomar en cuenta, con el fin de evitar que durante su historial migratorio se presente alg\u00fan imprevisto, puesto que sabemos que la mayor\u00eda de los extranjeros que llegan a M\u00e9xico, generalmente permanecen m\u00e1s de un a\u00f1o, o bien pretenden obtener su estancia permanente en el pa\u00eds, por lo que es de suma importancia contar con la informaci\u00f3n necesaria para que su historial migratorio no se vea afectado.<\/p>\n<p style=\"text-align: justify;\">Recuerde que pude agendar su consultor\u00eda en l\u00ednea con uno de nuestro especialistas, quienes con gusto le asistir\u00e1n en todas sus dudas, puede hacerlo desde su hogar, o donde se encuentre.<\/p>\n<p style=\"text-align: justify;\">Contar con informaci\u00f3n clara y segura sobre su estatus migratorio ahora es muy f\u00e1cil.<\/p>\n<p style=\"text-align: justify;\"><strong>\u00bfPuedo trabajar con mi documento migratorio obtenido por <\/strong><strong>regularizaci\u00f3n migratoria\u00a0<\/strong><strong>por documento vencido o realizar actividades no autorizadas<\/strong><strong>?<\/strong><\/p>\n<p style=\"text-align: justify;\">El tr\u00e1mite de regularizaci\u00f3n por documento vencido o realizar actividades distintas a las autorizadas, contempla escenarios diferentes por los cuales usted puede aplicar para este tr\u00e1mite, debiendo presentar los requisitos correspondientes para cada uno de ellos.<\/p>\n<p style=\"text-align: justify;\">Por lo que depender\u00e1 de la v\u00eda por la cual solicite su tr\u00e1mite si cuenta\u00a0 o no, con el permiso impl\u00edcito en la condici\u00f3n de estancia que le sea autorizada.<\/p>\n<p style=\"text-align: justify;\">Sin embargo, si usted est\u00e1 interesado en adquirir el permiso para trabajar, en HH podemos apoyarle en el proceso de su solicitud, orient\u00e1ndole sobre las alternativas por la cuales podr\u00e1 contar con el permiso para trabajar, por lo que le sugerimos agendar su consultor\u00eda hoy, para iniciar con su tr\u00e1mite cuanto antes.<\/p>\n<p style=\"text-align: justify;\"><strong>\u00bfCu\u00e1l es el costo por el\u00a0<\/strong><strong>tr\u00e1mite de regularizaci\u00f3n de situaci\u00f3n migratoria por documento vencido o realizar actividades no autorizadas<\/strong><strong>?<\/strong><\/p>\n<p style=\"text-align: justify;\">Sabemos que las condiciones migratorias de cada extranjero son diferentes y que\u00a0 en dados casos, el procedimiento migratorio se encuentre en distintas etapas. Por lo que, el costo puede variar de acuerdo a las caracter\u00edsticas de cada caso.<\/p>\n<p style=\"text-align: justify;\">Es por ello, que recomendamos comenzar con una entrevista inicial (40 dlls, mismos que se descuentan del costo total por llevar su caso con nosotros) con la finalidad de obtener la mayor cantidad de informaci\u00f3n posible para determinar si este tipo de tr\u00e1mite es apto para el extranjero.<\/p>\n<p style=\"text-align: justify;\">De lo contrario, se le orientara sobre el proceso que mejor convenga de acuerdo a cada situaci\u00f3n.<\/p>\n<p style=\"text-align: justify;\">HH le ayuda a usted extranjero a regularizar su situaci\u00f3n migratoria, para que pueda disfrutar de M\u00e9xico con la confianza de contar con un estatus migratorio en orden.<\/p>\n<div class=\"fusion-sep-clear\"><\/div><div class=\"fusion-separator fusion-full-width-sep sep-single sep-solid\" style=\"border-color:#4cc08b;border-top-width:1px;margin-left: auto;margin-right: auto;margin-top:;margin-bottom:15px;\"><span class=\"icon-wrapper\" style=\"border-color:#4cc08b;\"><i class=\"fa fa-gavel\" style=\"color:#4cc08b;\"><\/i><\/span><\/div><h2 style=\"text-align: left;\"><a href=\"http:\/\/www.consultoreshh.com\/es\/ley-inmigracion-mexicana\/\">Ley de Migraci\u00f3n<\/a><\/h2>\n<div class=\"fusion-clearfix\"><\/div>\n\n\t\t\t\t\t<\/div>\n\t\t\t\t<\/div><div  class=\"fusion-layout-column fusion_builder_column fusion_builder_column_1_2  fusion-one-half fusion-column-first 1_2\"  style='margin-top:0px;margin-bottom:20px;width:48%; margin-right: 4%;'>\n\t\t\t\t\t<div class=\"fusion-column-wrapper\" style=\"background-position:left top;background-repeat:no-repeat;-webkit-background-size:cover;-moz-background-size:cover;-o-background-size:cover;background-size:cover;\"  data-bg-url=\"\">\n\t\t\t\t\t\t<p>Residencia Temporal (Art\u00edculo 52).<br \/>\nResidencia Temporal de Estudiante (Art\u00edculo 52).<\/p>\n<div class=\"fusion-clearfix\"><\/div>\n\n\t\t\t\t\t<\/div>\n\t\t\t\t<\/div><div  class=\"fusion-layout-column fusion_builder_column fusion_builder_column_1_2  fusion-one-half fusion-column-last 1_2\"  style='margin-top:0px;margin-bottom:20px;width:48%'>\n\t\t\t\t\t<div class=\"fusion-column-wrapper\" style=\"background-position:left top;background-repeat:no-repeat;-webkit-background-size:cover;-moz-background-size:cover;-o-background-size:cover;background-size:cover;\"  data-bg-url=\"\">\n\t\t\t\t\t\t<p>Art\u00edculo 132.<br \/>\nArt\u00edculo 134.<br \/>\nArt\u00edculo 136.<\/p>\n<div class=\"fusion-clearfix\"><\/div>\n\n\t\t\t\t\t<\/div>\n\t\t\t\t<\/div><\/div><\/div>\n","protected":false},"excerpt":{"rendered":"","protected":false},"author":2,"featured_media":0,"parent":117,"menu_order":16,"comment_status":"closed","ping_status":"closed","template":"","meta":{"footnotes":""},"class_list":["post-1483","page","type-page","status-publish","hentry"],"_links":{"self":[{"href":"https:\/\/www.consultoreshh.com\/es\/wp-json\/wp\/v2\/pages\/1483","targetHints":{"allow":["GET"]}}],"collection":[{"href":"https:\/\/www.consultoreshh.com\/es\/wp-json\/wp\/v2\/pages"}],"about":[{"href":"https:\/\/www.consultoreshh.com\/es\/wp-json\/wp\/v2\/types\/page"}],"author":[{"embeddable":true,"href":"https:\/\/www.consultoreshh.com\/es\/wp-json\/wp\/v2\/users\/2"}],"replies":[{"embeddable":true,"href":"https:\/\/www.consultoreshh.com\/es\/wp-json\/wp\/v2\/comments?post=1483"}],"version-history":[{"count":7,"href":"https:\/\/www.consultoreshh.com\/es\/wp-json\/wp\/v2\/pages\/1483\/revisions"}],"predecessor-version":[{"id":2378,"href":"https:\/\/www.consultoreshh.com\/es\/wp-json\/wp\/v2\/pages\/1483\/revisions\/2378"}],"up":[{"embeddable":true,"href":"https:\/\/www.consultoreshh.com\/es\/wp-json\/wp\/v2\/pages\/117"}],"wp:attachment":[{"href":"https:\/\/www.consultoreshh.com\/es\/wp-json\/wp\/v2\/media?parent=1483"}],"curies":[{"name":"wp","href":"https:\/\/api.w.org\/{rel}","templated":true}]}}