{"id":1481,"date":"2018-06-08T20:24:40","date_gmt":"2018-06-08T20:24:40","guid":{"rendered":"http:\/\/www.consultoreshh.com\/?page_id=1481\/"},"modified":"2024-03-14T01:03:12","modified_gmt":"2024-03-14T01:03:12","slug":"regularizacion-por-razones-humanitarias","status":"publish","type":"page","link":"https:\/\/www.consultoreshh.com\/es\/servicios\/regularizacion-por-razones-humanitarias\/","title":{"rendered":"Regularizaci\u00f3n por Razones Humanitarias"},"content":{"rendered":"<div  class=\"fusion-fullwidth fullwidth-box hundred-percent-fullwidth\"  style='background-color: rgba(255,255,255,0);background-position: left top;background-repeat: no-repeat;padding-right:0px;padding-left:0px;border-top-width:0px;border-bottom-width:0px;border-color:#eae9e9;border-top-style:solid;border-bottom-style:solid;'><div class=\"fusion-builder-row fusion-row \"><div  class=\"fusion-layout-column fusion_builder_column fusion_builder_column_1_2  fusion-one-half fusion-column-first 1_2\"  style='margin-top:0px;margin-bottom:20px;width:48%; margin-right: 4%;'>\n\t\t\t\t\t<div class=\"fusion-column-wrapper\" style=\"background-position:left top;background-repeat:no-repeat;-webkit-background-size:cover;-moz-background-size:cover;-o-background-size:cover;background-size:cover;\"  data-bg-url=\"\">\n\t\t\t\t\t\t<p><img loading=\"lazy\" decoding=\"async\" class=\"size-full wp-image-1167 aligncenter\" src=\"http:\/\/consultoreshh.com\/wp-content\/uploads\/2016\/06\/FM3-006.jpg\" alt=\"\" width=\"341\" height=\"228\" srcset=\"https:\/\/www.consultoreshh.com\/wp-content\/uploads\/2016\/06\/FM3-006-300x201.jpg 300w, https:\/\/www.consultoreshh.com\/wp-content\/uploads\/2016\/06\/FM3-006.jpg 341w\" sizes=\"auto, (max-width: 341px) 100vw, 341px\" \/><\/p>\n<div class=\"fusion-clearfix\"><\/div>\n\n\t\t\t\t\t<\/div>\n\t\t\t\t<\/div><div  class=\"fusion-layout-column fusion_builder_column fusion_builder_column_1_2  fusion-one-half fusion-column-last 1_2\"  style='margin-top:0px;margin-bottom:20px;width:48%'>\n\t\t\t\t\t<div class=\"fusion-column-wrapper\" style=\"background-position:left top;background-repeat:no-repeat;-webkit-background-size:cover;-moz-background-size:cover;-o-background-size:cover;background-size:cover;\"  data-bg-url=\"\">\n\t\t\t\t\t\t<h1 style=\"text-align: center;\">Regularizaci\u00f3n por Razones Humanitarias<\/h1>\n<h2 style=\"text-align: center;\">(FM3\/FM2 Residencia Temporal, Visa de Trabajo o Visa Humanitaria en M\u00e9xico)<\/h2>\n<p><a href=\"http:\/\/www.consultoreshh.com\/es\/agendar-cita\"><img loading=\"lazy\" decoding=\"async\" class=\"wp-image-1826 aligncenter\" src=\"http:\/\/www.consultoreshh.com\/wp-content\/uploads\/2018\/08\/boton-430-300x69.png\" alt=\"\" width=\"178\" height=\"41\" srcset=\"https:\/\/www.consultoreshh.com\/wp-content\/uploads\/2018\/08\/boton-430-200x46.png 200w, https:\/\/www.consultoreshh.com\/wp-content\/uploads\/2018\/08\/boton-430-300x69.png 300w, https:\/\/www.consultoreshh.com\/wp-content\/uploads\/2018\/08\/boton-430-400x92.png 400w, https:\/\/www.consultoreshh.com\/wp-content\/uploads\/2018\/08\/boton-430.png 438w\" sizes=\"auto, (max-width: 178px) 100vw, 178px\" \/><\/a><\/p>\n<div class=\"fusion-clearfix\"><\/div>\n\n\t\t\t\t\t<\/div>\n\t\t\t\t<\/div><div  class=\"fusion-layout-column fusion_builder_column fusion_builder_column_1_1  fusion-one-full fusion-column-first fusion-column-last fusion-column-no-min-height 1_1\"  style='margin-top:0px;margin-bottom:0px;'>\n\t\t\t\t\t<div class=\"fusion-column-wrapper\" style=\"background-position:left top;background-repeat:no-repeat;-webkit-background-size:cover;-moz-background-size:cover;-o-background-size:cover;background-size:cover;\"  data-bg-url=\"\">\n\t\t\t\t\t\t<p style=\"text-align: justify;\">Todos los extranjeros sin excepci\u00f3n deben contar con un documento migratorio vigente que respalde su estancia regular (tambi\u00e9n conocida como estancia legal) en M\u00e9xico.<\/p>\n<p style=\"text-align: justify;\">Cuando los extranjeros no cuentan con un documento migratorio, tienen la posibilidad de solicitar ante el INM (Instituto Nacional de Migraci\u00f3n), tr\u00e1mite de regularizaci\u00f3n de situaci\u00f3n migratoria, en este caso en espec\u00edfico por razones humanitarias.<\/p>\n<p style=\"text-align: justify;\">Los supuestos de razones o causas humanitarias est\u00e1n dirigidos a extranjeros que han llegado a M\u00e9xico sin ning\u00fan documento migratorio, y que se encuentran en condiciones de vulnerabilidad, debiendo acreditar en este tr\u00e1mite tal circunstancia, siendo aplicable las siguientes:<\/p>\n<ol style=\"text-align: justify;\">\n<li>Ser identificado como v\u00edctima o testigo de alg\u00fan delito grave cometido en territorio nacional;<\/li>\n<li>Ser ni\u00f1a, ni\u00f1o o adolescente que se encuentre sujeto a un procedimiento de sustracci\u00f3n y restituci\u00f3n internacional;<\/li>\n<li>Que su grado de vulnerabilidad dificulte o haga imposible su deportaci\u00f3n o retorno asistido, como los casos que se indican de manera enunciativa mas no limitativa:<\/li>\n<li>Ni\u00f1as, ni\u00f1os, y adolescentes migrantes no acompa\u00f1ados cuando as\u00ed convenga a su inter\u00e9s superior y en tanto se ofrecen alternativas jur\u00eddicas o humanitarias temporales o permanentes, al retorno asistido;<\/li>\n<li>Mujeres embarazadas, adultos mayores, personas con discapacidad o ind\u00edgenas;<\/li>\n<\/ol>\n<p style=\"text-align: justify;\"><strong>iii.<\/strong>\u00a0\u00a0\u00a0Personas extranjeras que acrediten sufrir una alteraci\u00f3n grave a la salud y el traslado a su pa\u00eds implique riesgo a su vida, o<\/p>\n<ol style=\"text-align: justify;\">\n<li>Personas extranjeras en situaci\u00f3n de peligro a su vida o integridad por violencia o desastre natural.<\/li>\n<li>Solicitantes de la condici\u00f3n de refugiado, de asilo pol\u00edtico o que inicien procedimiento para la determinaci\u00f3n de ap\u00e1trida, hasta en tanto concluye el procedimiento respectivo.<\/li>\n<\/ol>\n<p style=\"text-align: justify;\">La condici\u00f3n de estancia de visitante por razones humanitarias es com\u00fanmente conocida como visa humanitaria, permiso humanitario o en otros casos como residencia humanitaria, aclarando que la condici\u00f3n de visitante no es considerada una residencia.<\/p>\n<p style=\"text-align: justify;\">Si est\u00e1 interesado en obtener mayor informaci\u00f3n sobre este tr\u00e1mite, visite nuestra secci\u00f3n de preguntas frecuentes para el tr\u00e1mite de regularizaci\u00f3n por razones humanitarias.<\/p>\n<p style=\"text-align: justify;\"><img loading=\"lazy\" decoding=\"async\" class=\"alignnone wp-image-1956 size-full\" src=\"http:\/\/www.consultoreshh.com\/wp-content\/uploads\/2018\/09\/separador.jpg\" alt=\"\" width=\"2048\" height=\"91\" srcset=\"https:\/\/www.consultoreshh.com\/wp-content\/uploads\/2018\/09\/separador-200x9.jpg 200w, https:\/\/www.consultoreshh.com\/wp-content\/uploads\/2018\/09\/separador-300x13.jpg 300w, https:\/\/www.consultoreshh.com\/wp-content\/uploads\/2018\/09\/separador-400x18.jpg 400w, https:\/\/www.consultoreshh.com\/wp-content\/uploads\/2018\/09\/separador-600x27.jpg 600w, https:\/\/www.consultoreshh.com\/wp-content\/uploads\/2018\/09\/separador-768x34.jpg 768w, https:\/\/www.consultoreshh.com\/wp-content\/uploads\/2018\/09\/separador-800x36.jpg 800w, https:\/\/www.consultoreshh.com\/wp-content\/uploads\/2018\/09\/separador-1024x46.jpg 1024w, https:\/\/www.consultoreshh.com\/wp-content\/uploads\/2018\/09\/separador-1080x48.jpg 1080w, https:\/\/www.consultoreshh.com\/wp-content\/uploads\/2018\/09\/separador-1200x53.jpg 1200w, https:\/\/www.consultoreshh.com\/wp-content\/uploads\/2018\/09\/separador.jpg 2048w\" sizes=\"auto, (max-width: 2048px) 100vw, 2048px\" \/><\/p>\n<h3 style=\"text-align: justify;\">FAQ\u00b4S Regularizaci\u00f3n por Razones Humanitarias<\/h3>\n<p style=\"text-align: justify;\"><strong>\u00bfQue necesito para poder realizar un tr\u00e1mite de regularizaci\u00f3n de situaci\u00f3n migratoria por razones humanitarias?<\/strong><\/p>\n<p style=\"text-align: justify;\">Los candidatos para estos tr\u00e1mites son aquellos extranjeros que no cuentan con un documento migratorio para vivir en M\u00e9xico, los que podr\u00e1n solicitar su regularizaci\u00f3n cuando se encuentren solicitando el reconocimiento de la condici\u00f3n de refugiado, ap\u00e1trida, asilo pol\u00edtico, o bien se acredite encontrarse en alguno de los escenarios catalogado como grupos vulnerables o cualquier otro de los supuestos de razones humanitarias que contempla la Ley de Migraci\u00f3n.<\/p>\n<p style=\"text-align: justify;\">Si es su deseo solicitar un tr\u00e1mite de regularizaci\u00f3n por razones humanitarias, por favor agende su consultor\u00eda el d\u00eda hoy para obtener mayor informaci\u00f3n sobre las especificaciones para obtener su documento migratorio por esta v\u00eda.<\/p>\n<p style=\"text-align: justify;\"><strong>\u00bf<\/strong><strong>D\u00f3nde puedo aplicar para un tr\u00e1mite <\/strong><strong>de regularizaci\u00f3n de situaci\u00f3n migratoria por razones humanitarias<\/strong><strong>?<\/strong><\/p>\n<p style=\"text-align: justify;\">Usted puede ingresar su solicitud de tr\u00e1mite en cualquier oficina del INM(Instituto Nacional de Migraci\u00f3n), acompa\u00f1ada de la documentaci\u00f3n necesaria.<\/p>\n<p style=\"text-align: justify;\">HH Consultores le puede asesorar en este tipo de procedimientos, para que pueda cambiar su condici\u00f3n de estancia y obtenga su documento migratorio cuanto antes.<\/p>\n<p style=\"text-align: justify;\"><strong>\u00bf<\/strong><strong>Cu\u00e1nto tiempo tarda el <\/strong><strong>tr\u00e1mite de regularizaci\u00f3n de situaci\u00f3n migratoria por razones humanitarias<\/strong><strong>?<\/strong><\/p>\n<p style=\"text-align: justify;\">Los tr\u00e1mites de regularizaci\u00f3n de situaci\u00f3n migratoria es uno de los tr\u00e1mites que demoran m\u00e1s tiempo en resolver, en comparaci\u00f3n con otros tr\u00e1mites, por lo que su solicitud puede llevarse de 10 a 15 d\u00edas, por lo que ingresar toda su documentaci\u00f3n completa y de manera correcta puede ayudar a que su tr\u00e1mite se resuelva en menos tiempo.<\/p>\n<p style=\"text-align: justify;\">Es importante tomar en cuenta que en la mayor\u00eda de los casos en los que se desconocen las disposiciones de la Ley de Migraci\u00f3n o no se cuenta con experiencia previa en tr\u00e1mites migratorios, el tiempo en que se resuelva su solicitud puede ser de 15 a 30 d\u00edas.<\/p>\n<p style=\"text-align: justify;\">Si est\u00e1 por iniciar su tr\u00e1mite migratorio, agende hoy una cita con uno de nuestros especialistas para agilizar su tr\u00e1mite y evitar que\u00a0 este le sea negado por falta de informaci\u00f3n acerca del procedimiento.<\/p>\n<p style=\"text-align: justify;\">En HH hacemos de su proceso migratorio una experiencia sin contratiempos.<\/p>\n<p style=\"text-align: justify;\"><strong>\u00bf<\/strong><strong>C\u00f3mo puedo iniciar mi <\/strong><strong>tr\u00e1mite de regularizaci\u00f3n de situaci\u00f3n migratoria por razones humanitarias<\/strong><strong>?<\/strong><\/p>\n<p style=\"text-align: justify;\">Agendando una cita con uno de nuestros consultores, por favor recuerde que Consultores HH le puede atender en persona o en l\u00ednea.<\/p>\n<p style=\"text-align: justify;\"><strong>\u00a0<\/strong><strong>\u00bfPuedo iniciar mi tr\u00e1mite de regularizaci\u00f3n por razones humanitarias desde el extranjero?<\/strong><\/p>\n<p style=\"text-align: justify;\">No, para que\u00a0 usted pueda iniciar su tr\u00e1mite de regularizaci\u00f3n por razones humanitarias, requiere obligatoriamente, encontrarse en M\u00e9xico, de manera irregular, esto quiere decir que tiene que estar viviendo en M\u00e9xico sin un documento migratorio.<\/p>\n<p style=\"text-align: justify;\">Si desea regularizarse, p\u00f3ngase en contacto cuanto antes con nuestro equipo de consultores para conocer las alternativas que tiene para obtener su documento migratorio cuanto antes.<\/p>\n<p style=\"text-align: justify;\"><strong>\u00bfPor cu\u00e1nto tiempo es v\u00e1lido mi documento obtenido por regularizaci\u00f3n por razones humanitarias?<\/strong><\/p>\n<p style=\"text-align: justify;\">El documento obtenido de este tr\u00e1mite, es el de visitante por razones humanitarias, el cual le ser\u00e1 otorgado por vigencia de 1 a\u00f1o, el cual podr\u00e1 renovar a\u00f1o con a\u00f1o, hasta que el proceso que origino la autorizaci\u00f3n de su condici\u00f3n migratoria haya concluido, por lo que podr\u00e1 posteriormente solicitar su cambio de condici\u00f3n de estancia.<\/p>\n<p style=\"text-align: justify;\">Si desea conocer m\u00e1s informaci\u00f3n sobre el proceso migratorio que debe seguir para aplicar a la regularizaci\u00f3n por razones humanitarias y posteriormente cambiar su condici\u00f3n de estancia a residente temporal, para iniciar a generar su historial migratorio, con el cual podr\u00e1 obtener la residencia permanente, agende su consultor\u00eda hoy, y uno de nuestro especialistas con gusto le asistir\u00e1.<strong>\u00a0<\/strong><\/p>\n<p style=\"text-align: justify;\"><strong>\u00bfPuedo salir de M\u00e9xico con mi documento de visitante por razones humanitarias obtenido del tr\u00e1mite de regularizaci\u00f3n por razones humanitarias?<\/strong><\/p>\n<p style=\"text-align: justify;\">Con su documento de visitante por razones humanitarias, usted puede salir del pa\u00eds sin restricciones, siempre y cuando se encuentre vigente.<\/p>\n<p style=\"text-align: justify;\"><strong>\u00bfPuedo trabajar con mi documento de visitante por razones humanitarias obtenido del tr\u00e1mite de regularizaci\u00f3n por razones humanitarias?<\/strong><\/p>\n<p style=\"text-align: justify;\">Aunque su documento no indique que cuenta con permiso para trabajar, este est\u00e1 incluido en su condici\u00f3n de visitante por razones humanitarias.<\/p>\n<p style=\"text-align: justify;\">Si usted ya cuenta con su documento, y desea conocer mayor informaci\u00f3n sobre sus obligaciones, derechos y recomendaciones para llevar un su proceso migratorio adecuado, si\u00e9ntase con la confianza de agendar una consultor\u00eda con nuestro grupo de expertos, quienes con gusto le ayudaran.<\/p>\n<p style=\"text-align: justify;\"><strong>\u00bf<\/strong><strong>Cu\u00e1l es el costo por el <\/strong><strong>tr\u00e1mite de regularizaci\u00f3n de situaci\u00f3n migratoria por razones humanitarias<\/strong><strong>?<\/strong><\/p>\n<p style=\"text-align: justify;\">Espec\u00edficamente en los casos de razones humanitarias, HH tiene consideradas un n\u00famero de consultor\u00edas gratuitas, agende su consultor\u00eda ahora e indique\u00a0 estar\u00a0 interesado en obtener este beneficio.<\/p>\n<p style=\"text-align: justify;\">De igual manera, si es de su inter\u00e9s,\u00a0 puede tambi\u00e9n solicitar su consultor\u00eda bajo el proceso regular, en el que recomendamos comenzar con una entrevista inicial (40 dlls, mismos que se descuentan del costo total por llevar su caso con nosotros) con la finalidad de obtener la mayor cantidad de informaci\u00f3n posible para determinar si este tipo de tr\u00e1mite es apto para el extranjero.<\/p>\n<p style=\"text-align: justify;\">De lo contrario, se le orientara sobre el proceso que mejor convenga de acuerdo a cada situaci\u00f3n.<\/p>\n<p style=\"text-align: justify;\">HH le ayuda a usted extranjero a regularizar su estatus migratorio, para que pueda obtener cuanto antes su documento migratorio en M\u00e9xico, sin que esto sea una preocupaci\u00f3n.<\/p>\n<div class=\"fusion-sep-clear\"><\/div><div class=\"fusion-separator fusion-full-width-sep sep-single sep-solid\" style=\"border-color:#4cc08b;border-top-width:1px;margin-left: auto;margin-right: auto;margin-top:;margin-bottom:15px;\"><span class=\"icon-wrapper\" style=\"border-color:#4cc08b;\"><i class=\"fa fa-gavel\" style=\"color:#4cc08b;\"><\/i><\/span><\/div><h3><a href=\"http:\/\/www.consultoreshh.com\/es\/ley-inmigracion-mexicana\/\">Ley de Migraci\u00f3n<\/a><\/h3>\n<div class=\"fusion-clearfix\"><\/div>\n\n\t\t\t\t\t<\/div>\n\t\t\t\t<\/div><div  class=\"fusion-layout-column fusion_builder_column fusion_builder_column_1_2  fusion-one-half fusion-column-first 1_2\"  style='margin-top:0px;margin-bottom:20px;width:48%; margin-right: 4%;'>\n\t\t\t\t\t<div class=\"fusion-column-wrapper\" style=\"background-position:left top;background-repeat:no-repeat;-webkit-background-size:cover;-moz-background-size:cover;-o-background-size:cover;background-size:cover;\"  data-bg-url=\"\">\n\t\t\t\t\t\t<p><strong>Art\u00edculo 3<br \/>\nArt\u00edculo 132<br \/>\nArt\u00edculo 133<br \/>\n<\/strong><\/p>\n<div class=\"fusion-clearfix\"><\/div>\n\n\t\t\t\t\t<\/div>\n\t\t\t\t<\/div><div  class=\"fusion-layout-column fusion_builder_column fusion_builder_column_1_2  fusion-one-half fusion-column-last 1_2\"  style='margin-top:0px;margin-bottom:20px;width:48%'>\n\t\t\t\t\t<div class=\"fusion-column-wrapper\" style=\"background-position:left top;background-repeat:no-repeat;-webkit-background-size:cover;-moz-background-size:cover;-o-background-size:cover;background-size:cover;\"  data-bg-url=\"\">\n\t\t\t\t\t\t<p><strong>Visitante por razones humanitarias (Art\u00edculo 52)<br \/>\n<\/strong><strong>Art\u00edculo 136<\/strong><strong><br \/>\n<\/strong><\/p>\n<div class=\"fusion-clearfix\"><\/div>\n\n\t\t\t\t\t<\/div>\n\t\t\t\t<\/div><\/div><\/div>\n","protected":false},"excerpt":{"rendered":"","protected":false},"author":2,"featured_media":0,"parent":117,"menu_order":14,"comment_status":"closed","ping_status":"closed","template":"","meta":{"footnotes":""},"class_list":["post-1481","page","type-page","status-publish","hentry"],"_links":{"self":[{"href":"https:\/\/www.consultoreshh.com\/es\/wp-json\/wp\/v2\/pages\/1481","targetHints":{"allow":["GET"]}}],"collection":[{"href":"https:\/\/www.consultoreshh.com\/es\/wp-json\/wp\/v2\/pages"}],"about":[{"href":"https:\/\/www.consultoreshh.com\/es\/wp-json\/wp\/v2\/types\/page"}],"author":[{"embeddable":true,"href":"https:\/\/www.consultoreshh.com\/es\/wp-json\/wp\/v2\/users\/2"}],"replies":[{"embeddable":true,"href":"https:\/\/www.consultoreshh.com\/es\/wp-json\/wp\/v2\/comments?post=1481"}],"version-history":[{"count":7,"href":"https:\/\/www.consultoreshh.com\/es\/wp-json\/wp\/v2\/pages\/1481\/revisions"}],"predecessor-version":[{"id":2380,"href":"https:\/\/www.consultoreshh.com\/es\/wp-json\/wp\/v2\/pages\/1481\/revisions\/2380"}],"up":[{"embeddable":true,"href":"https:\/\/www.consultoreshh.com\/es\/wp-json\/wp\/v2\/pages\/117"}],"wp:attachment":[{"href":"https:\/\/www.consultoreshh.com\/es\/wp-json\/wp\/v2\/media?parent=1481"}],"curies":[{"name":"wp","href":"https:\/\/api.w.org\/{rel}","templated":true}]}}