{"id":1479,"date":"2018-06-08T19:46:05","date_gmt":"2018-06-08T19:46:05","guid":{"rendered":"http:\/\/www.consultoreshh.com\/?page_id=1479\/"},"modified":"2024-03-14T01:03:12","modified_gmt":"2024-03-14T01:03:12","slug":"cambio-a-visitante-por-razones-humanitarias","status":"publish","type":"page","link":"https:\/\/www.consultoreshh.com\/es\/servicios\/cambio-a-visitante-por-razones-humanitarias\/","title":{"rendered":"Cambio a Visitante por Razones Humanitarias"},"content":{"rendered":"<div  class=\"fusion-fullwidth fullwidth-box hundred-percent-fullwidth\"  style='background-color: rgba(255,255,255,0);background-position: left top;background-repeat: no-repeat;padding-right:0px;padding-left:0px;border-top-width:0px;border-bottom-width:0px;border-color:#eae9e9;border-top-style:solid;border-bottom-style:solid;'><div class=\"fusion-builder-row fusion-row \"><div  class=\"fusion-layout-column fusion_builder_column fusion_builder_column_1_2  fusion-one-half fusion-column-first 1_2\"  style='margin-top:0px;margin-bottom:20px;width:48%; margin-right: 4%;'>\n\t\t\t\t\t<div class=\"fusion-column-wrapper\" style=\"background-position:left top;background-repeat:no-repeat;-webkit-background-size:cover;-moz-background-size:cover;-o-background-size:cover;background-size:cover;\"  data-bg-url=\"\">\n\t\t\t\t\t\t<p><img loading=\"lazy\" decoding=\"async\" class=\"size-full wp-image-1170 aligncenter\" src=\"http:\/\/consultoreshh.com\/wp-content\/uploads\/2016\/06\/FM3-007.jpg\" alt=\"\" width=\"341\" height=\"228\" srcset=\"https:\/\/www.consultoreshh.com\/wp-content\/uploads\/2016\/06\/FM3-007-300x201.jpg 300w, https:\/\/www.consultoreshh.com\/wp-content\/uploads\/2016\/06\/FM3-007.jpg 341w\" sizes=\"auto, (max-width: 341px) 100vw, 341px\" \/><\/p>\n<div class=\"fusion-clearfix\"><\/div>\n\n\t\t\t\t\t<\/div>\n\t\t\t\t<\/div><div  class=\"fusion-layout-column fusion_builder_column fusion_builder_column_1_2  fusion-one-half fusion-column-last 1_2\"  style='margin-top:0px;margin-bottom:20px;width:48%'>\n\t\t\t\t\t<div class=\"fusion-column-wrapper\" style=\"background-position:left top;background-repeat:no-repeat;-webkit-background-size:cover;-moz-background-size:cover;-o-background-size:cover;background-size:cover;\"  data-bg-url=\"\">\n\t\t\t\t\t\t<h1 style=\"text-align: center;\">Cambio a Visitante por Razones Humanitarias<\/h1>\n<h2 style=\"text-align: center;\">(Com\u00fanmente conocido como FM2, FM3 o visa humanitaria en M\u00e9xico)<\/h2>\n<p><a href=\"http:\/\/www.consultoreshh.com\/es\/agendar-cita\"><img loading=\"lazy\" decoding=\"async\" class=\"wp-image-1826 aligncenter\" src=\"http:\/\/www.consultoreshh.com\/wp-content\/uploads\/2018\/08\/boton-430-300x69.png\" alt=\"\" width=\"178\" height=\"41\" srcset=\"https:\/\/www.consultoreshh.com\/wp-content\/uploads\/2018\/08\/boton-430-200x46.png 200w, https:\/\/www.consultoreshh.com\/wp-content\/uploads\/2018\/08\/boton-430-300x69.png 300w, https:\/\/www.consultoreshh.com\/wp-content\/uploads\/2018\/08\/boton-430-400x92.png 400w, https:\/\/www.consultoreshh.com\/wp-content\/uploads\/2018\/08\/boton-430.png 438w\" sizes=\"auto, (max-width: 178px) 100vw, 178px\" \/><\/a><\/p>\n<div class=\"fusion-clearfix\"><\/div>\n\n\t\t\t\t\t<\/div>\n\t\t\t\t<\/div><div  class=\"fusion-layout-column fusion_builder_column fusion_builder_column_1_1  fusion-one-full fusion-column-first fusion-column-last fusion-column-no-min-height 1_1\"  style='margin-top:0px;margin-bottom:0px;'>\n\t\t\t\t\t<div class=\"fusion-column-wrapper\" style=\"background-position:left top;background-repeat:no-repeat;-webkit-background-size:cover;-moz-background-size:cover;-o-background-size:cover;background-size:cover;\"  data-bg-url=\"\">\n\t\t\t\t\t\t<p style=\"text-align: justify;\">Los extranjeros que se encuentran en M\u00e9xico con una condici\u00f3n de estancia vigente de visitante con permiso para realizar actividades remuneradas, visitante sin permiso para realizar actividades remuneradas, visitante con fines de adopci\u00f3n, visitante regional y trabajador fronterizo y acrediten encontrarse en uno de los supuestos de razones humanitarias y requiera por esta causa extender su estancia en el pa\u00eds, tiene la oportunidad de solicitar ante el INM (Instituto Nacional de Migraci\u00f3n), tr\u00e1mite de cambio de condici\u00f3n de estancia a visitante por razones humanitarias.<\/p>\n<p style=\"text-align: justify;\">La condici\u00f3n de estancia de visitante por razones humanitarias\u00a0 puede ser autorizada con vigencia de hasta 1 a\u00f1o, seg\u00fan las circunstancias y tiempo requerido de cada caso.<\/p>\n<p style=\"text-align: justify;\">No todos los supuestos por razones humanitarias, tienen la opci\u00f3n a realizar un cambio de condici\u00f3n a residente temporal o permanente, sin embargo, en caso de requerir extender la estancia en M\u00e9xico, existen otras alternativas por las cuales podr\u00eda ampliar el plazo autorizado por el INM.<\/p>\n<p style=\"text-align: justify;\">Los requisitos que deben presentarse dependen en gran parte de la causa humanitaria por la cual est\u00e1 solicitando el tr\u00e1mite, siendo aplicable a:<\/p>\n<ol>\n<li>Ser ofendido, v\u00edctima o testigo de un delito cometido en territorio nacional;<\/li>\n<li>Ser solicitante de asilo pol\u00edtico, solicitante de la condici\u00f3n de refugiado, o bien que la persona extranjera requiera seguir un procedimiento de determinaci\u00f3n de ap\u00e1trida por no contar con documentos que permitan determinar su nacionalidad o porque su nacionalidad sea objeto de litigio en uno o m\u00e1s pa\u00edses, o bien, no tenga una nacionalidad que sea efectiva;<\/li>\n<li>Ser ni\u00f1a, ni\u00f1o o adolescente no acompa\u00f1ado, y<\/li>\n<li>Por causa humanitaria cuando:<\/li>\n<li>Exista riesgo a su salud, seguridad o vida y deba permanecer en territorio nacional;<\/li>\n<li>Tenga en territorio nacional un familiar directo bajo custodia del Estado y sea necesaria su autorizaci\u00f3n para prestarle asistencia m\u00e9dica, sicol\u00f3gica, o bien, su intervenci\u00f3n para reconocimiento o recuperaci\u00f3n de cad\u00e1ver, o<\/li>\n<\/ol>\n<p><strong>iii.<\/strong>\u00a0\u00a0\u00a0\u00a0Requiera asistir a un familiar directo en estado grave de salud que se encuentre en territorio nacional.<\/p>\n<p style=\"text-align: justify;\">*La condici\u00f3n de estancia de visitante por razones humanitarias adquirida a trav\u00e9s de este tr\u00e1mite es com\u00fanmente conocido como FM2, FM3, residencia humanitaria o visa humanitaria,<\/p>\n<p style=\"text-align: justify;\">Si est\u00e1 interesado en obtener mayor informaci\u00f3n sobre este tr\u00e1mite, visite nuestra secci\u00f3n de preguntas frecuentes para el tr\u00e1mite de cambio a visitante por razones humanitarias.<\/p>\n<p style=\"text-align: justify;\"><img loading=\"lazy\" decoding=\"async\" class=\"alignnone wp-image-1956 size-full\" src=\"http:\/\/www.consultoreshh.com\/wp-content\/uploads\/2018\/09\/separador.jpg\" alt=\"\" width=\"2048\" height=\"91\" srcset=\"https:\/\/www.consultoreshh.com\/wp-content\/uploads\/2018\/09\/separador-200x9.jpg 200w, https:\/\/www.consultoreshh.com\/wp-content\/uploads\/2018\/09\/separador-300x13.jpg 300w, https:\/\/www.consultoreshh.com\/wp-content\/uploads\/2018\/09\/separador-400x18.jpg 400w, https:\/\/www.consultoreshh.com\/wp-content\/uploads\/2018\/09\/separador-600x27.jpg 600w, https:\/\/www.consultoreshh.com\/wp-content\/uploads\/2018\/09\/separador-768x34.jpg 768w, https:\/\/www.consultoreshh.com\/wp-content\/uploads\/2018\/09\/separador-800x36.jpg 800w, https:\/\/www.consultoreshh.com\/wp-content\/uploads\/2018\/09\/separador-1024x46.jpg 1024w, https:\/\/www.consultoreshh.com\/wp-content\/uploads\/2018\/09\/separador-1080x48.jpg 1080w, https:\/\/www.consultoreshh.com\/wp-content\/uploads\/2018\/09\/separador-1200x53.jpg 1200w, https:\/\/www.consultoreshh.com\/wp-content\/uploads\/2018\/09\/separador.jpg 2048w\" sizes=\"auto, (max-width: 2048px) 100vw, 2048px\" \/><\/p>\n<h3 style=\"text-align: justify;\">FAQ\u00b4S Cambio a Visitante por Razones Humanitarias<\/h3>\n<p style=\"text-align: justify;\"><strong>\u00bfQue necesito para poder realizar un tr\u00e1mite de cambio a visitante por razones humanitarias?<\/strong><\/p>\n<p style=\"text-align: justify;\">Para poder aplicar a la condici\u00f3n de visitante por razones humanitarias, debe contar con una forma migratoria m\u00faltiple vigente como visitante, formalmente conocida como FMM, ya sea con o sin permiso para realizar actividades remuneradas.<\/p>\n<p style=\"text-align: justify;\">Los extranjeros que se encuentren en condiciones de vulnerabilidad, seanv\u00edctimas o testigos de un delito grave en M\u00e9xico, as\u00ed como, los solicitantes de refugio, protecci\u00f3n complementaria, asilo pol\u00edtico y reconocimiento de ap\u00e1trida, son candidatos para este tipo de tr\u00e1mite.<\/p>\n<p style=\"text-align: justify;\">Es importante saber que la Ley de Migraci\u00f3n, contempla diferentes alternativas que facilitan a los extranjeros en situaci\u00f3n de vulnerabilidad, poder adquirir un status legal en M\u00e9xico.<\/p>\n<p style=\"text-align: justify;\">Agende una consultor\u00eda con nuestro equipo, quienes\u00a0 le asesoraran con gusto y de manera gratuita sobre estos procedimientos.<\/p>\n<p style=\"text-align: justify;\"><strong>\u00bf<\/strong><strong>D\u00f3nde puedo aplicar para un tr\u00e1mite de <\/strong><strong>cambio a visitante por razones humanitarias<\/strong><strong>?<\/strong><\/p>\n<p style=\"text-align: justify;\">Usted puede ingresar su solicitud de tr\u00e1mite en cualquier oficina del INM(Instituto Nacional de Migraci\u00f3n), acompa\u00f1ada de la documentaci\u00f3n necesaria.<\/p>\n<p style=\"text-align: justify;\">Cuando se trata de solicitantes de refugio, protecci\u00f3n complementaria, asilo pol\u00edtico y reconocimiento de ap\u00e1trida, necesitan previamente iniciar su tr\u00e1mite con las autoridades correspondientes.<\/p>\n<p style=\"text-align: justify;\">HH Consultores le puede asesorar en este tipo deprocedimientos, para que pueda obtener su documento migratorio cuanto antes.<\/p>\n<p style=\"text-align: justify;\"><strong>\u00bf<\/strong><strong>Cu\u00e1nto tiempo tarda el <\/strong><strong>tr\u00e1mite de cambio a visitante por razones humanitarias<\/strong><strong>?<\/strong><\/p>\n<p style=\"text-align: justify;\">El tiempo de respuesta en estos tr\u00e1mites es distinto y depende principalmente de la causa por la cual lo est\u00e9 solicitando, cuando el tr\u00e1mite es realizado directamente por el INM(Instituto Nacional de Migraci\u00f3n), puede llevarse un aproximado de 10 d\u00edas.<\/p>\n<p style=\"text-align: justify;\">Cuando el tr\u00e1mite se realiza ante otra autoridad del Gobierno Mexicano a trav\u00e9s del INM, el procedimiento puede alcanzar de 15 a 30 d\u00edas, hasta que usted adquiera su documento migratorio.<\/p>\n<p style=\"text-align: justify;\"><strong>\u00bf<\/strong><strong>C\u00f3mo puedo iniciar mi <\/strong><strong>tr\u00e1mite de cambio a visitante por razones humanitarias<\/strong><strong>?<\/strong><\/p>\n<p style=\"text-align: justify;\">Agendando una cita con uno de nuestros consultores, por favor recuerde que Consultores H&amp;H le puede atender en persona o en l\u00ednea.<\/p>\n<p style=\"text-align: justify;\"><strong>\u00bfPuedo iniciar mi tr\u00e1mite de cambio a visitante por razones humanitarias desde el extranjero?<\/strong><\/p>\n<p style=\"text-align: justify;\">Desafortunadamente este tr\u00e1mite no puede ser iniciado desde el extranjero, los candidatos a este procedimiento deben de encontrarse en M\u00e9xico con una condici\u00f3n de estancia vigente para poder realizar el cambio de estatus migratorio.<\/p>\n<p style=\"text-align: justify;\">De lo contrario, si usted a\u00fan se encuentra en el extranjero y desea conocer las alternativas disponibles para su internaci\u00f3n por encontrarse usted o alg\u00fan familiar en una situaci\u00f3n de vulnerabilidad que le permita viajar a M\u00e9xico, ponemos a su disposici\u00f3n nuestro servicio de consultor\u00eda en l\u00ednea, ya que esta informaci\u00f3n \u00fanicamente puede ser proporcionada conociendo las condiciones del extranjero.<\/p>\n<p style=\"text-align: justify;\">Agende su cita hoy y uno de nuestros especialistas con gusto se pondr\u00e1 en contacto con usted a la brevedad posible.<\/p>\n<p style=\"text-align: justify;\"><strong>\u00bfQu\u00e9 vigencia tiene mi documento de visitante obtenido del tr\u00e1mite de cambio a visitante por razones humanitarias?<\/strong><\/p>\n<p style=\"text-align: justify;\">La vigencia de este documento es por un a\u00f1o, el cual podr\u00e1 renovarse a\u00f1o con a\u00f1o, hasta que finalice el proceso por el cual obtuvo la condici\u00f3n de visitante por razones humanitarias.<\/p>\n<p style=\"text-align: justify;\">Es importante mencionar que la condici\u00f3n de visitante por razones humanitarias no genera historial para obtener la residencia permanente por temporalidad, por lo que deber\u00e1 forzosamente realizar su cambio a residente temporal y acreditar 4 a\u00f1os ininterrumpidos como residente temporal para obtener finalmente su residencia permanente.<\/p>\n<p style=\"text-align: justify;\">En HH le podemos apoyar con todos los detalles sobre estos procedimientos.<\/p>\n<p style=\"text-align: justify;\"><strong>\u00bfPuedo salir de M\u00e9xico con mi documento de visitante obtenido del tr\u00e1mite de cambio a visitante por razones humanitarias?<\/strong><\/p>\n<p style=\"text-align: justify;\">Con su documento de visitante por razones humanitarias, usted puede salir del pa\u00eds sin restricciones, siempre y cuando est\u00e9 vigente.<\/p>\n<p style=\"text-align: justify;\"><strong>\u00bfPuedo trabajar con mi documento de visitante obtenido del tr\u00e1mite de cambio a visitante por razones humanitarias?<\/strong><\/p>\n<p style=\"text-align: justify;\">Aunque su documento no indique que cuenta con permiso para trabajar, este est\u00e1 incluido en su condici\u00f3n de visitante por razones humanitarias.<\/p>\n<p style=\"text-align: justify;\">Si usted ya cuenta con su documento y desea conocer mayor informaci\u00f3n sobre sus obligaciones, derechos y recomendaciones para llevar un su proceso migratorio adecuado, si\u00e9ntase con la confianza de agendar una consultor\u00eda con nuestro grupo de expertos, quienes con gusto le ayudaran.<\/p>\n<p style=\"text-align: justify;\"><strong>\u00bf<\/strong><strong>Cu\u00e1l es el costo por el <\/strong><strong>tr\u00e1mite de cambio a visitante por razones humanitarias<\/strong><strong>?<\/strong><\/p>\n<p style=\"text-align: justify;\">Espec\u00edficamente en los casos de razones humanitarias, HH tiene consideradas un n\u00famero de consultor\u00edas gratuitas, agende su cita ahora e indique\u00a0 estar\u00a0 interesado en obtener este beneficio.<\/p>\n<p style=\"text-align: justify;\">De igual manera, si es de su inter\u00e9s,\u00a0 puede tambi\u00e9n solicitar su consultor\u00eda bajo el proceso regular, en el que recomendamos comenzar con una entrevista inicial (40dlls, mismos que se descuentan del costo total por llevar su caso con nosotros) con la finalidad de obtener la mayor cantidad de informaci\u00f3n posible para determinar si este tipo de tr\u00e1mite es apto para el extranjero.<\/p>\n<p style=\"text-align: justify;\">De lo contrario, se le orientara sobre el proceso que mejor convenga de acuerdo a cada situaci\u00f3n.<\/p>\n<p style=\"text-align: justify;\">HH le ayuda a usted extranjero a regularizar su situaci\u00f3n migratoria, para que pueda disfrutar de M\u00e9xico con la confianza de contar con un estatus migratorio en orden.<\/p>\n<div class=\"fusion-sep-clear\"><\/div><div class=\"fusion-separator fusion-full-width-sep sep-single sep-solid\" style=\"border-color:#4cc08b;border-top-width:1px;margin-left: auto;margin-right: auto;margin-top:;margin-bottom:15px;\"><span class=\"icon-wrapper\" style=\"border-color:#4cc08b;\"><i class=\"fa fa-gavel\" style=\"color:#4cc08b;\"><\/i><\/span><\/div><h2 style=\"text-align: left;\"><a href=\"http:\/\/www.consultoreshh.com\/es\/ley-inmigracion-mexicana\/\">Ley de Migraci\u00f3n<\/a><\/h2>\n<div class=\"fusion-clearfix\"><\/div>\n\n\t\t\t\t\t<\/div>\n\t\t\t\t<\/div><div  class=\"fusion-layout-column fusion_builder_column fusion_builder_column_1_2  fusion-one-half fusion-column-first 1_2\"  style='margin-top:0px;margin-bottom:20px;width:48%; margin-right: 4%;'>\n\t\t\t\t\t<div class=\"fusion-column-wrapper\" style=\"background-position:left top;background-repeat:no-repeat;-webkit-background-size:cover;-moz-background-size:cover;-o-background-size:cover;background-size:cover;\"  data-bg-url=\"\">\n\t\t\t\t\t\t<p><strong>Visitante sin permiso para realizar actividades remuneradas (Art\u00edculo 52).<\/strong><br \/>\n<strong>Visitante con permiso para realizar actividades remuneradas (Art\u00edculo 52).<\/strong><br \/>\nVisitante Regional (Article 52).<\/p>\n<div class=\"fusion-clearfix\"><\/div>\n\n\t\t\t\t\t<\/div>\n\t\t\t\t<\/div><div  class=\"fusion-layout-column fusion_builder_column fusion_builder_column_1_2  fusion-one-half fusion-column-last 1_2\"  style='margin-top:0px;margin-bottom:20px;width:48%'>\n\t\t\t\t\t<div class=\"fusion-column-wrapper\" style=\"background-position:left top;background-repeat:no-repeat;-webkit-background-size:cover;-moz-background-size:cover;-o-background-size:cover;background-size:cover;\"  data-bg-url=\"\">\n\t\t\t\t\t\t<p>Visitante Trabajador Fronterizo(Art\u00edculo 52).<br \/>\nVisitante por razones humanitarias (Art\u00edculo 52).<br \/>\nArt\u00edculo 53.<\/p>\n<div class=\"fusion-clearfix\"><\/div>\n\n\t\t\t\t\t<\/div>\n\t\t\t\t<\/div><\/div><\/div>\n","protected":false},"excerpt":{"rendered":"","protected":false},"author":2,"featured_media":0,"parent":117,"menu_order":19,"comment_status":"closed","ping_status":"closed","template":"","meta":{"footnotes":""},"class_list":["post-1479","page","type-page","status-publish","hentry"],"_links":{"self":[{"href":"https:\/\/www.consultoreshh.com\/es\/wp-json\/wp\/v2\/pages\/1479","targetHints":{"allow":["GET"]}}],"collection":[{"href":"https:\/\/www.consultoreshh.com\/es\/wp-json\/wp\/v2\/pages"}],"about":[{"href":"https:\/\/www.consultoreshh.com\/es\/wp-json\/wp\/v2\/types\/page"}],"author":[{"embeddable":true,"href":"https:\/\/www.consultoreshh.com\/es\/wp-json\/wp\/v2\/users\/2"}],"replies":[{"embeddable":true,"href":"https:\/\/www.consultoreshh.com\/es\/wp-json\/wp\/v2\/comments?post=1479"}],"version-history":[{"count":9,"href":"https:\/\/www.consultoreshh.com\/es\/wp-json\/wp\/v2\/pages\/1479\/revisions"}],"predecessor-version":[{"id":2365,"href":"https:\/\/www.consultoreshh.com\/es\/wp-json\/wp\/v2\/pages\/1479\/revisions\/2365"}],"up":[{"embeddable":true,"href":"https:\/\/www.consultoreshh.com\/es\/wp-json\/wp\/v2\/pages\/117"}],"wp:attachment":[{"href":"https:\/\/www.consultoreshh.com\/es\/wp-json\/wp\/v2\/media?parent=1479"}],"curies":[{"name":"wp","href":"https:\/\/api.w.org\/{rel}","templated":true}]}}