{"id":1468,"date":"2018-06-07T23:57:32","date_gmt":"2018-06-07T23:57:32","guid":{"rendered":"http:\/\/www.consultoreshh.com\/?page_id=1468\/"},"modified":"2024-03-14T01:03:12","modified_gmt":"2024-03-14T01:03:12","slug":"permiso-de-salida-y-regreso","status":"publish","type":"page","link":"https:\/\/www.consultoreshh.com\/es\/servicios\/permiso-de-salida-y-regreso\/","title":{"rendered":"Permiso de Salida y Regreso"},"content":{"rendered":"<div  class=\"fusion-fullwidth fullwidth-box hundred-percent-fullwidth\"  style='background-color: rgba(255,255,255,0);background-position: left top;background-repeat: no-repeat;padding-right:0px;padding-left:0px;border-top-width:0px;border-bottom-width:0px;border-color:#eae9e9;border-top-style:solid;border-bottom-style:solid;'><div class=\"fusion-builder-row fusion-row \"><div  class=\"fusion-layout-column fusion_builder_column fusion_builder_column_1_2  fusion-one-half fusion-column-first 1_2\"  style='margin-top:0px;margin-bottom:20px;width:48%; margin-right: 4%;'>\n\t\t\t\t\t<div class=\"fusion-column-wrapper\" style=\"background-position:left top;background-repeat:no-repeat;-webkit-background-size:cover;-moz-background-size:cover;-o-background-size:cover;background-size:cover;\"  data-bg-url=\"\">\n\t\t\t\t\t\t<p><img loading=\"lazy\" decoding=\"async\" class=\"size-full wp-image-782 aligncenter\" src=\"http:\/\/consultoreshh.com\/wp-content\/uploads\/2016\/10\/documento_003.jpg\" alt=\"documento_003\" width=\"341\" height=\"228\" srcset=\"https:\/\/www.consultoreshh.com\/wp-content\/uploads\/2016\/10\/documento_003-300x201.jpg 300w, https:\/\/www.consultoreshh.com\/wp-content\/uploads\/2016\/10\/documento_003.jpg 341w\" sizes=\"auto, (max-width: 341px) 100vw, 341px\" \/><\/p>\n<div class=\"fusion-clearfix\"><\/div>\n\n\t\t\t\t\t<\/div>\n\t\t\t\t<\/div><div  class=\"fusion-layout-column fusion_builder_column fusion_builder_column_1_2  fusion-one-half fusion-column-last 1_2\"  style='margin-top:0px;margin-bottom:20px;width:48%'>\n\t\t\t\t\t<div class=\"fusion-column-wrapper\" style=\"background-position:left top;background-repeat:no-repeat;-webkit-background-size:cover;-moz-background-size:cover;-o-background-size:cover;background-size:cover;\"  data-bg-url=\"\">\n\t\t\t\t\t\t<h1 style=\"text-align: center;\">Permiso de Salida y Regreso<\/h1>\n<h2 style=\"text-align: center;\">(FM3\/FM2 Residencia temporal, Residencia de estudiante temporal, Residencia permanente, Visa familiar, Visa de trabajo, Visa Humanitaria y de jubilaci\u00f3n\/Pensionados en Mexico)<\/h2>\n<p><a href=\"http:\/\/www.consultoreshh.com\/es\/agendar-cita\"><img loading=\"lazy\" decoding=\"async\" class=\"wp-image-1826 aligncenter\" src=\"http:\/\/www.consultoreshh.com\/wp-content\/uploads\/2018\/08\/boton-430-300x69.png\" alt=\"\" width=\"178\" height=\"41\" srcset=\"https:\/\/www.consultoreshh.com\/wp-content\/uploads\/2018\/08\/boton-430-200x46.png 200w, https:\/\/www.consultoreshh.com\/wp-content\/uploads\/2018\/08\/boton-430-300x69.png 300w, https:\/\/www.consultoreshh.com\/wp-content\/uploads\/2018\/08\/boton-430-400x92.png 400w, https:\/\/www.consultoreshh.com\/wp-content\/uploads\/2018\/08\/boton-430.png 438w\" sizes=\"auto, (max-width: 178px) 100vw, 178px\" \/><\/a><\/p>\n<div class=\"fusion-clearfix\"><\/div>\n\n\t\t\t\t\t<\/div>\n\t\t\t\t<\/div><div  class=\"fusion-layout-column fusion_builder_column fusion_builder_column_1_1  fusion-one-full fusion-column-first fusion-column-last fusion-column-no-min-height 1_1\"  style='margin-top:0px;margin-bottom:0px;'>\n\t\t\t\t\t<div class=\"fusion-column-wrapper\" style=\"background-position:left top;background-repeat:no-repeat;-webkit-background-size:cover;-moz-background-size:cover;-o-background-size:cover;background-size:cover;\"  data-bg-url=\"\">\n\t\t\t\t\t\t<p style=\"text-align: justify;\">Cuando un extranjero se encuentra realizando un tr\u00e1mite migratorio ante el INM (Instituto Nacional de Migraci\u00f3n), en la mayor\u00eda de los casos, es requisito indispensable entregar en su solicitud el original de su documento migratorio, as\u00ed como, permanecer dentro del territorio nacional, hasta que concluya su procedimiento.<\/p>\n<p style=\"text-align: justify;\">Si en el transcurso de este tiempo, el extranjero requiere viajar fuera de M\u00e9xico y a\u00fan no cuenta con su documento migratorio por tener su tr\u00e1mite pendiente de resoluci\u00f3n, podr\u00e1 solicitar con anticipaci\u00f3n o de manera urgente un permiso de salida y regreso, que le permitir\u00e1\u00a0 realizar su viaje sin contratiempos, sin interrumpir a su vez, el proceso de resoluci\u00f3n positiva de su tr\u00e1mite ante el INM, ya que el permiso de salida y regreso se le expide de acuerdo a su condici\u00f3n de estancia, la cual podr\u00e1 acreditar en un filtro de migraci\u00f3n a su salida y entrada al pa\u00eds.<\/p>\n<p style=\"text-align: justify;\">Si est\u00e1 interesado en obtener mayor informaci\u00f3n sobre este tr\u00e1mite, visite nuestra secci\u00f3n de preguntas frecuentes para el tr\u00e1mite de permiso de salida y regreso.<\/p>\n<p style=\"text-align: justify;\"><img loading=\"lazy\" decoding=\"async\" class=\"alignnone wp-image-1956 size-full\" src=\"http:\/\/www.consultoreshh.com\/wp-content\/uploads\/2018\/09\/separador.jpg\" alt=\"\" width=\"2048\" height=\"91\" srcset=\"https:\/\/www.consultoreshh.com\/wp-content\/uploads\/2018\/09\/separador-200x9.jpg 200w, https:\/\/www.consultoreshh.com\/wp-content\/uploads\/2018\/09\/separador-300x13.jpg 300w, https:\/\/www.consultoreshh.com\/wp-content\/uploads\/2018\/09\/separador-400x18.jpg 400w, https:\/\/www.consultoreshh.com\/wp-content\/uploads\/2018\/09\/separador-600x27.jpg 600w, https:\/\/www.consultoreshh.com\/wp-content\/uploads\/2018\/09\/separador-768x34.jpg 768w, https:\/\/www.consultoreshh.com\/wp-content\/uploads\/2018\/09\/separador-800x36.jpg 800w, https:\/\/www.consultoreshh.com\/wp-content\/uploads\/2018\/09\/separador-1024x46.jpg 1024w, https:\/\/www.consultoreshh.com\/wp-content\/uploads\/2018\/09\/separador-1080x48.jpg 1080w, https:\/\/www.consultoreshh.com\/wp-content\/uploads\/2018\/09\/separador-1200x53.jpg 1200w, https:\/\/www.consultoreshh.com\/wp-content\/uploads\/2018\/09\/separador.jpg 2048w\" sizes=\"auto, (max-width: 2048px) 100vw, 2048px\" \/><\/p>\n<h3 style=\"text-align: justify;\">FAQ\u00b4S Permiso de Salida y Regreso<\/h3>\n<p style=\"text-align: justify;\"><strong>\u00bfQue necesito para poder realizar un tr\u00e1mite de permiso de salida y regreso?<\/strong><\/p>\n<p style=\"text-align: justify;\">Haber entregado el original de su documento migratorio al presentar alg\u00fan tr\u00e1mite ante las oficinas del INM (Instituto Nacional de Migraci\u00f3n)y a\u00fan se encuentre pendiente de resolver.<\/p>\n<p style=\"text-align: justify;\"><strong>\u00bfQu\u00e9 tipo de documento debo tener para poder solicitar un permiso de salida y regreso?<\/strong><\/p>\n<ul style=\"text-align: justify;\">\n<li>Visitante sin permiso para Realizar Actividades Remuneradas (FMM).<\/li>\n<li>Visitante con permiso para Realizar Actividades Remuneradas (FMM).<\/li>\n<li>Residente Temporal.<\/li>\n<li>Residente Temporal Estudiante.<\/li>\n<li>Residente Permanente.<\/li>\n<li>Visitante con fines de adopci\u00f3n.<\/li>\n<\/ul>\n<p style=\"text-align: justify;\">*Com\u00fanmente conocidos como FM3, FM2, Visa de Estudiante, Visa de Familia, Visa de Trabajo, negocios o turista, y Visa Humanitaria.<\/p>\n<p style=\"text-align: justify;\"><strong>\u00bfD\u00f3nde puedo aplicar para un tr\u00e1mite de permiso de salida y regreso?<\/strong><\/p>\n<p style=\"text-align: justify;\">Usted puede ingresar su solicitud de tr\u00e1mite en cualquier oficina del INM, acompa\u00f1ada de la documentaci\u00f3n necesaria (Instituto Nacional de Migraci\u00f3n).<\/p>\n<p style=\"text-align: justify;\">HH Consultores lo hace simple y sencillo para usted, agende hoy una consultor\u00eda con nuestro grupo de expertos, quienes\u00a0 le ayudaran en el proceso de su solicitud, as\u00ed no tendr\u00e1 que perder d\u00edas enteros realizando su tr\u00e1mite.<\/p>\n<p style=\"text-align: justify;\"><strong>\u00bfCu\u00e1nto tiempo tarda el tr\u00e1mite de\u00a0<\/strong><strong>permiso de salida y regreso<\/strong><strong>?<\/strong><\/p>\n<p style=\"text-align: justify;\">Estas solicitudes pueden ser\u00a0 resueltas en un periodo de 7 a 1 d\u00edas.<\/p>\n<p style=\"text-align: justify;\">En caso de\u00a0 presentarse alg\u00fan evento inesperado que le obligue a salir del pa\u00eds y usted no cuente con su documento, su solicitud de tr\u00e1mite de permiso de salida y regreso puede ser atendida el mismo d\u00eda de su ingreso, sin embargo, si usted cuenta con un viaje previamente planificado, le recomendamos realizar este procedimiento con 3 d\u00edas de anticipaci\u00f3n para evitar cualquier percance.<\/p>\n<p style=\"text-align: justify;\">Si usted se encuentra en alguna de estas situaciones, no dude en ponerse en contacto cuanto antes con uno de nuestros consultores, para que le oriente en la gesti\u00f3n de su tr\u00e1mite y as\u00ed evitar cualquier contratiempo que pudiera retrasar su salida del pa\u00eds.<\/p>\n<p style=\"text-align: justify;\"><strong>\u00bf<\/strong><strong>C\u00f3mo puedo iniciar mi tr\u00e1mite de permiso de salida y regreso?<\/strong><\/p>\n<p style=\"text-align: justify;\">Agendando una cita con uno de nuestros consultores, por favor recuerde que Consultores H&amp;H le puede atender en persona o en l\u00ednea.<\/p>\n<p style=\"text-align: justify;\"><strong>\u00bfPor cu\u00e1nto tiempo es v\u00e1lido mi permiso de salida y regreso?<\/strong><\/p>\n<p style=\"text-align: justify;\">El permiso tiene vigencia de 60 d\u00edas naturales y es v\u00e1lido por una sola entrada a partir del momento en que registre su salida en un aeropuerto o garita de M\u00e9xico.<\/p>\n<p style=\"text-align: justify;\"><strong>\u00bfQu\u00e9 puedo hacer si mi permiso de salida y regreso vence en el extranjero?<\/strong><\/p>\n<p style=\"text-align: justify;\">En esta situaci\u00f3n definitivamente le sugerimos consultar con un especialista en asuntos migratorios, para evaluar a detalle su caso, e identificar el proceso aplicable, sin duda deber\u00e1 de iniciar un proceso migratorio que le permita solicitar nuevamente su entrada al pa\u00eds.<\/p>\n<p style=\"text-align: justify;\">Si desea que uno de nuestros consultores le asista en este tipo de procedimientos, le sugerimos agendar cuanto antes su consultor\u00eda, por lo que ponemos a su disposici\u00f3n nuestro servicio en l\u00ednea.<\/p>\n<p style=\"text-align: justify;\"><strong>\u00bf<\/strong><strong>Cu\u00e1l es el costo por el tr\u00e1mite de permiso de salida y regreso?<\/strong><\/p>\n<p style=\"text-align: justify;\">Sabemos que las condiciones migratorias de cada extranjero son diferentes y que\u00a0 en dados casos, el procedimiento migratorio puede encontrarse en distintas etapas. Por lo que, el costo puede variar de acuerdo a las caracter\u00edsticas de cada caso.<\/p>\n<p style=\"text-align: justify;\">Es por ello, que recomendamos comenzar con una entrevista inicial (40 dlls, mismos que se descuentan del costo total por llevar su caso con nosotros) con la finalidad de obtener la mayor cantidad de informaci\u00f3n posible para determinar si este tipo de tr\u00e1mite es apto para el extranjero.<\/p>\n<p style=\"text-align: justify;\">De lo contrario, se le orientara sobre el proceso que mejor convenga de acuerdo a cada situaci\u00f3n.<\/p>\n<p style=\"text-align: justify;\">HH le ayuda a usted extranjero a regularizar su situaci\u00f3n migratoria, para que pueda disfrutar de M\u00e9xico con la confianza de contar con un estatus migratorio en orden.<\/p>\n<div class=\"fusion-sep-clear\"><\/div><div class=\"fusion-separator fusion-full-width-sep sep-single sep-solid\" style=\"border-color:#4cc08b;border-top-width:1px;margin-left: auto;margin-right: auto;margin-top:;margin-bottom:15px;\"><span class=\"icon-wrapper\" style=\"border-color:#4cc08b;\"><i class=\"fa fa-gavel\" style=\"color:#4cc08b;\"><\/i><\/span><\/div><h2 style=\"text-align: left;\"><a href=\"http:\/\/www.consultoreshh.com\/es\/ley-inmigracion-mexicana\/\">Ley de Inmigraci\u00f3n Mexicana<\/a><\/h2>\n<div class=\"fusion-clearfix\"><\/div>\n\n\t\t\t\t\t<\/div>\n\t\t\t\t<\/div><div  class=\"fusion-layout-column fusion_builder_column fusion_builder_column_1_2  fusion-one-half fusion-column-first 1_2\"  style='margin-top:0px;margin-bottom:20px;width:48%; margin-right: 4%;'>\n\t\t\t\t\t<div class=\"fusion-column-wrapper\" style=\"background-position:left top;background-repeat:no-repeat;-webkit-background-size:cover;-moz-background-size:cover;-o-background-size:cover;background-size:cover;\"  data-bg-url=\"\">\n\t\t\t\t\t\t<p>Residente temporal (Art\u00edculo 52)<br \/>\nResidencia temporal para estudiante (Art\u00edculo 52)<br \/>\nResidencia permanente (Art\u00edculo 52)<br \/>\nVisitante con prop\u00f3sitos de adopci\u00f3n (Art\u00edculo 52)<\/p>\n<div class=\"fusion-clearfix\"><\/div>\n\n\t\t\t\t\t<\/div>\n\t\t\t\t<\/div><div  class=\"fusion-layout-column fusion_builder_column fusion_builder_column_1_2  fusion-one-half fusion-column-last 1_2\"  style='margin-top:0px;margin-bottom:20px;width:48%'>\n\t\t\t\t\t<div class=\"fusion-column-wrapper\" style=\"background-position:left top;background-repeat:no-repeat;-webkit-background-size:cover;-moz-background-size:cover;-o-background-size:cover;background-size:cover;\"  data-bg-url=\"\">\n\t\t\t\t\t\t<p>Art\u00edculo 35<br \/>\nArt\u00edculo 37<br \/>\nArt\u00edculo 44<\/p>\n<div class=\"fusion-clearfix\"><\/div>\n\n\t\t\t\t\t<\/div>\n\t\t\t\t<\/div><\/div><\/div>\n","protected":false},"excerpt":{"rendered":"","protected":false},"author":2,"featured_media":0,"parent":117,"menu_order":4,"comment_status":"closed","ping_status":"closed","template":"","meta":{"footnotes":""},"class_list":["post-1468","page","type-page","status-publish","hentry"],"_links":{"self":[{"href":"https:\/\/www.consultoreshh.com\/es\/wp-json\/wp\/v2\/pages\/1468","targetHints":{"allow":["GET"]}}],"collection":[{"href":"https:\/\/www.consultoreshh.com\/es\/wp-json\/wp\/v2\/pages"}],"about":[{"href":"https:\/\/www.consultoreshh.com\/es\/wp-json\/wp\/v2\/types\/page"}],"author":[{"embeddable":true,"href":"https:\/\/www.consultoreshh.com\/es\/wp-json\/wp\/v2\/users\/2"}],"replies":[{"embeddable":true,"href":"https:\/\/www.consultoreshh.com\/es\/wp-json\/wp\/v2\/comments?post=1468"}],"version-history":[{"count":8,"href":"https:\/\/www.consultoreshh.com\/es\/wp-json\/wp\/v2\/pages\/1468\/revisions"}],"predecessor-version":[{"id":2384,"href":"https:\/\/www.consultoreshh.com\/es\/wp-json\/wp\/v2\/pages\/1468\/revisions\/2384"}],"up":[{"embeddable":true,"href":"https:\/\/www.consultoreshh.com\/es\/wp-json\/wp\/v2\/pages\/117"}],"wp:attachment":[{"href":"https:\/\/www.consultoreshh.com\/es\/wp-json\/wp\/v2\/media?parent=1468"}],"curies":[{"name":"wp","href":"https:\/\/api.w.org\/{rel}","templated":true}]}}