{"id":1466,"date":"2018-06-07T23:53:46","date_gmt":"2018-06-07T23:53:46","guid":{"rendered":"http:\/\/www.consultoreshh.com\/?page_id=1466\/"},"modified":"2024-03-14T01:03:12","modified_gmt":"2024-03-14T01:03:12","slug":"expedicion-de-documento-por-renovacion","status":"publish","type":"page","link":"https:\/\/www.consultoreshh.com\/es\/expedicion-de-documento-por-renovacion\/","title":{"rendered":"Expedici\u00f3n de Documento por Renovaci\u00f3n"},"content":{"rendered":"<div  class=\"fusion-fullwidth fullwidth-box hundred-percent-fullwidth\"  style='background-color: rgba(255,255,255,0);background-position: left top;background-repeat: no-repeat;padding-right:0px;padding-left:0px;border-top-width:0px;border-bottom-width:0px;border-color:#eae9e9;border-top-style:solid;border-bottom-style:solid;'><div class=\"fusion-builder-row fusion-row \"><div  class=\"fusion-layout-column fusion_builder_column fusion_builder_column_1_2  fusion-one-half fusion-column-first 1_2\"  style='margin-top:0px;margin-bottom:20px;width:48%; margin-right: 4%;'>\n\t\t\t\t\t<div class=\"fusion-column-wrapper\" style=\"background-position:left top;background-repeat:no-repeat;-webkit-background-size:cover;-moz-background-size:cover;-o-background-size:cover;background-size:cover;\"  data-bg-url=\"\">\n\t\t\t\t\t\t<p><img loading=\"lazy\" decoding=\"async\" class=\"size-full wp-image-1162 aligncenter\" src=\"http:\/\/consultoreshh.com\/wp-content\/uploads\/2016\/06\/FM3-003.jpg\" alt=\"\" width=\"341\" height=\"228\" srcset=\"https:\/\/www.consultoreshh.com\/wp-content\/uploads\/2016\/06\/FM3-003-300x201.jpg 300w, https:\/\/www.consultoreshh.com\/wp-content\/uploads\/2016\/06\/FM3-003.jpg 341w\" sizes=\"auto, (max-width: 341px) 100vw, 341px\" \/><\/p>\n<div class=\"fusion-clearfix\"><\/div>\n\n\t\t\t\t\t<\/div>\n\t\t\t\t<\/div><div  class=\"fusion-layout-column fusion_builder_column fusion_builder_column_1_2  fusion-one-half fusion-column-last 1_2\"  style='margin-top:0px;margin-bottom:20px;width:48%'>\n\t\t\t\t\t<div class=\"fusion-column-wrapper\" style=\"background-position:left top;background-repeat:no-repeat;-webkit-background-size:cover;-moz-background-size:cover;-o-background-size:cover;background-size:cover;\"  data-bg-url=\"\">\n\t\t\t\t\t\t<h1 style=\"text-align: center;\">Expedici\u00f3n de Documento por Renovaci\u00f3n<\/h1>\n<h2 style=\"text-align: center;\">(FM3\/FM2 Residencia Temporal, Residencia Temporal de Estudiante, Residencia Permanente, Visa Familiar, Visa de Trabajo, Visa Humanitaria y de Jubileo\/Visa para Pensionados en M\u00e9xico)<\/h2>\n<p><a href=\"http:\/\/www.consultoreshh.com\/es\/agendar-cita\"><img loading=\"lazy\" decoding=\"async\" class=\"wp-image-1826 aligncenter\" src=\"http:\/\/www.consultoreshh.com\/wp-content\/uploads\/2018\/08\/boton-430-300x69.png\" alt=\"\" width=\"178\" height=\"41\" srcset=\"https:\/\/www.consultoreshh.com\/wp-content\/uploads\/2018\/08\/boton-430-200x46.png 200w, https:\/\/www.consultoreshh.com\/wp-content\/uploads\/2018\/08\/boton-430-300x69.png 300w, https:\/\/www.consultoreshh.com\/wp-content\/uploads\/2018\/08\/boton-430-400x92.png 400w, https:\/\/www.consultoreshh.com\/wp-content\/uploads\/2018\/08\/boton-430.png 438w\" sizes=\"auto, (max-width: 178px) 100vw, 178px\" \/><\/a><\/p>\n<div class=\"fusion-clearfix\"><\/div>\n\n\t\t\t\t\t<\/div>\n\t\t\t\t<\/div><div  class=\"fusion-layout-column fusion_builder_column fusion_builder_column_1_1  fusion-one-full fusion-column-first fusion-column-last fusion-column-no-min-height 1_1\"  style='margin-top:0px;margin-bottom:0px;'>\n\t\t\t\t\t<div class=\"fusion-column-wrapper\" style=\"background-position:left top;background-repeat:no-repeat;-webkit-background-size:cover;-moz-background-size:cover;-o-background-size:cover;background-size:cover;\"  data-bg-url=\"\">\n\t\t\t\t\t\t<p style=\"text-align: justify;\">Los documentos migratorios de residente y visitante expedidos por el INM (Instituto Nacional de Migraci\u00f3n), est\u00e1n sujetos a una vigencia, el residente temporal puede renovar por 1, 2, 3 o hasta 4 a\u00f1os, dependiendo de las caracter\u00edsticas espec\u00edficas de cada caso,el visitante debe hacerlo cada a\u00f1o y el residente permanente cuando se trate de menores de edad tambi\u00e9n deber\u00e1 renovar cada a\u00f1o o 4 a\u00f1os.<\/p>\n<p style=\"text-align: justify;\">Es importante tener presente la fecha de vencimiento de su documento, ya que de requerir extender su estancia en el pa\u00eds, deber\u00e1 tener su tarjeta vigente para poder iniciar su \u00a0tr\u00e1mite de expedici\u00f3n de documento por renovaci\u00f3n dentro de la temporalidad y con las formalidades previstas en la Ley de Migraci\u00f3n.<\/p>\n<p style=\"text-align: justify;\">Las condiciones de estancia sujetas a renovaci\u00f3n son:<\/p>\n<ul style=\"text-align: justify;\">\n<li>Residente Temporal.<\/li>\n<li>Residente Temporal Estudiante.<\/li>\n<li>Residente Permanente (en casos espec\u00edficos).<\/li>\n<li>Visitante por Razones Humanitarias.<\/li>\n<li>Visitante con Fines de Adopci\u00f3n.<\/li>\n<\/ul>\n<p style=\"text-align: justify;\">*Com\u00fanmente conocidas como FM3, FM2, Visa de Familia, Visa de Estudiante, Visa de Trabajo, Visa Humanitarias, Visa de Jubilados\/Pensionados.<\/p>\n<p style=\"text-align: justify;\">Si est\u00e1 interesado en obtener mayor informaci\u00f3n sobre este tr\u00e1mite, visite nuestra secci\u00f3n de preguntas frecuentes para el tr\u00e1mite de expedici\u00f3n de documento por renovaci\u00f3n.<\/p>\n<p style=\"text-align: justify;\"><img loading=\"lazy\" decoding=\"async\" class=\"alignnone wp-image-1956 size-full\" src=\"http:\/\/www.consultoreshh.com\/wp-content\/uploads\/2018\/09\/separador.jpg\" alt=\"\" width=\"2048\" height=\"91\" srcset=\"https:\/\/www.consultoreshh.com\/wp-content\/uploads\/2018\/09\/separador-200x9.jpg 200w, https:\/\/www.consultoreshh.com\/wp-content\/uploads\/2018\/09\/separador-300x13.jpg 300w, https:\/\/www.consultoreshh.com\/wp-content\/uploads\/2018\/09\/separador-400x18.jpg 400w, https:\/\/www.consultoreshh.com\/wp-content\/uploads\/2018\/09\/separador-600x27.jpg 600w, https:\/\/www.consultoreshh.com\/wp-content\/uploads\/2018\/09\/separador-768x34.jpg 768w, https:\/\/www.consultoreshh.com\/wp-content\/uploads\/2018\/09\/separador-800x36.jpg 800w, https:\/\/www.consultoreshh.com\/wp-content\/uploads\/2018\/09\/separador-1024x46.jpg 1024w, https:\/\/www.consultoreshh.com\/wp-content\/uploads\/2018\/09\/separador-1080x48.jpg 1080w, https:\/\/www.consultoreshh.com\/wp-content\/uploads\/2018\/09\/separador-1200x53.jpg 1200w, https:\/\/www.consultoreshh.com\/wp-content\/uploads\/2018\/09\/separador.jpg 2048w\" sizes=\"auto, (max-width: 2048px) 100vw, 2048px\" \/><\/p>\n<h3 style=\"text-align: justify;\">FAQ\u00b4S Expedici\u00f3n de Documento por Renovaci\u00f3n<\/h3>\n<p style=\"text-align: justify;\"><strong>\u00bfQue necesito para poder realizar un tr\u00e1mite de expedici\u00f3n de documento por renovaci\u00f3n?<\/strong><\/p>\n<p style=\"text-align: justify;\">Contar con uno de los siguientes documentos migratorios vigentes:<\/p>\n<ul style=\"text-align: justify;\">\n<li>Residente Temporal.<\/li>\n<li>Residente Temporal con Permiso para Trabajar.<\/li>\n<li>Residente Temporal Estudiante.<\/li>\n<li>Residente Permanente.<\/li>\n<li>Visitante con Fines de Adopci\u00f3n.<\/li>\n<li>Visitante por Razones Humanitarias<\/li>\n<\/ul>\n<p style=\"text-align: justify;\">*Com\u00fanmente conocidos como FM3, FM2, Visa de Familia, Visa de Estudiante, Visa de Trabajo, Visa Humanitarias, Visa de Jubilados\/Pensionados.<\/p>\n<p style=\"text-align: justify;\"><strong>\u00a0<\/strong><\/p>\n<p style=\"text-align: justify;\"><strong>\u00bfD\u00f3nde puedo aplicar para un tr\u00e1mite de expedici\u00f3n de documento por renovaci\u00f3n?<\/strong><\/p>\n<p style=\"text-align: justify;\">Usted puede ingresar su solicitud de tr\u00e1mite en cualquier oficina del INM, acompa\u00f1ada de la documentaci\u00f3n necesaria (Instituto Nacional de Migraci\u00f3n).<\/p>\n<p style=\"text-align: justify;\">Sin embargo, recomendamos siempre que su solicitud se ingrese en la oficina correspondiente a su domicilio registrado ante el INM,\u00a0 de esta manera\u00a0 el tiempo en que se resuelva su tr\u00e1mite ser\u00e1 m\u00e1s r\u00e1pido.<\/p>\n<p style=\"text-align: justify;\">HH Consultores lo hace simple y sencillo para usted, agende hoy una consultor\u00eda con nuestro grupo de expertos, quienes\u00a0 le ayudaran en el proceso de gesti\u00f3n de su solicitud, as\u00ed no tendr\u00e1 que perder d\u00edas enteros realizando su tr\u00e1mite.<\/p>\n<p style=\"text-align: justify;\"><strong>\u00bfCu\u00e1nto tiempo tarda el tr\u00e1mite de expedici\u00f3n de documento por renovaci\u00f3n?<\/strong><\/p>\n<p style=\"text-align: justify;\">En el mejor de los casos, el tiempo de espera promedio es de 4 a 7 d\u00edas, lo cual depende principalmente de que la documentaci\u00f3n requerida, se presente de forma correcta y completa.<\/p>\n<p style=\"text-align: justify;\">Sin embargo, tome en cuenta que en la mayor\u00eda de los casos en los que se desconocen las disposiciones de la Ley de Migraci\u00f3n o no se cuenta con experiencia previa en tr\u00e1mites migratorios, el tiempo en que se resuelva su solicitud puede ser de 7 a 30 d\u00edas.<\/p>\n<p style=\"text-align: justify;\">Si est\u00e1 por iniciar su tr\u00e1mite migratorio, HH le recomienda agendar una cita con uno de nuestros especialistas para poder agilizar su tr\u00e1mite y evitar que\u00a0 este sea negado por falta de informaci\u00f3n sobre el procedimiento.<\/p>\n<p style=\"text-align: justify;\"><strong>\u00bf<\/strong><strong>C\u00f3mo puedo iniciar mi <\/strong><strong>tr\u00e1mite de expedici\u00f3n de documento por renovaci\u00f3n<\/strong><strong>?<\/strong><\/p>\n<p style=\"text-align: justify;\">Agendando una cita con uno de nuestros consultores, por favor recuerde que HH Consultores le puede atender en persona o en l\u00ednea.<\/p>\n<p style=\"text-align: justify;\"><strong>\u00bfPuedo iniciar mi <\/strong><strong>tr\u00e1mite de expedici\u00f3n de documento por renovaci\u00f3n<\/strong><strong>desde el extranjero?<\/strong><\/p>\n<p style=\"text-align: justify;\">El tr\u00e1mite de renovaci\u00f3n no puede ser iniciado desde el extranjero, es necesario que dentro de la vigencia de su documento, inicie su tr\u00e1mite en una oficina del INM(Instituto Nacional de Migraci\u00f3n).<\/p>\n<p style=\"text-align: justify;\">Si usted requiere viajar dentro o fuera de M\u00e9xico durante el proceso de su solicitud, HH le puede orientar sobre las alternativas disponibles, para evitar que su solitud sea rechazada y pueda viajar sin contratiempos.<\/p>\n<p style=\"text-align: justify;\"><strong>\u00bfPor cu\u00e1nto tiempo es v\u00e1lido mi documento migratorio obtenido del <\/strong><strong>tr\u00e1mite de expedici\u00f3n de documento por renovaci\u00f3n<\/strong><strong>?<\/strong><\/p>\n<p style=\"text-align: justify;\">La vigencia de su documento puede ser por 1, 2 o hasta 3 a\u00f1os, depende en gran parte del tipo de documento que tenga y las caracter\u00edsticas de su caso.<\/p>\n<p style=\"text-align: justify;\">HH le puede apoyar en su tr\u00e1mite de renovaci\u00f3n, p\u00f3ngase en contacto cuanto antes con uno de nuestros consultores para conocer m\u00e1s detalles acerca de los requisitos necesarios para renovar su documento migratorio por 1 o\u00a0 m\u00e1s a\u00f1os, recuerde que con vigencias mayores de dos a\u00f1os, evitar\u00e1 tener que realizar este tr\u00e1mite a\u00f1o con a\u00f1o.<\/p>\n<p style=\"text-align: justify;\"><strong>\u00bfQu\u00e9 puedo hacer si mi documento migratorio vence en el extranjero?<\/strong><\/p>\n<p style=\"text-align: justify;\">La Ley de Migraci\u00f3n protege a los extranjeros que puedan llegar a encontrarse en esta situaci\u00f3n, es por ello que hay alternativas que le permiten extender el plazo para presentar su tr\u00e1mite.<\/p>\n<p style=\"text-align: justify;\">Por lo que, si tiene pensando salir del pa\u00eds durante el vencimiento de su documento migratorio, es importante que se ponga en contacto con uno de nuestros consultores, quien le ayudar\u00e1 a prevenir perder su historial migratorio.<\/p>\n<p style=\"text-align: justify;\">En caso d\u00e9 ya encontrarse fuera de M\u00e9xico, ponemos a su alcance nuestro servicio de consultor\u00eda en l\u00ednea, la cual podr\u00e1 agendar en nuestra secci\u00f3n de contacto.<\/p>\n<p style=\"text-align: justify;\"><strong>\u00bfQu\u00e9 tan frecuente puedo salir de M\u00e9xico con mi documento migratorio obtenido por <\/strong><strong>tr\u00e1mite de expedici\u00f3n de documento por renovaci\u00f3n<\/strong><strong>?<\/strong><\/p>\n<p style=\"text-align: justify;\">Ya sea que obtenga un documento de residente o de visitante con fines de adopci\u00f3n, usted puede entrar y salir de M\u00e9xico cuantas veces lo desee, siempre y cuando su documento migratorio este vigente.<\/p>\n<p style=\"text-align: justify;\">En HH, adem\u00e1s de llevar a cabo su proceso migratorio, una vez que le es entregada su tarjeta, le hacemos saber sobre las obligaciones, derechos y recomendaciones que son de suma importanciay que debe tomar en cuenta con el fin de evitar cualquier imprevisto que pueda afectar su historial migratorio.<\/p>\n<p style=\"text-align: justify;\">Si usted ya cuenta con un documento migratorio y desea obtener mayor informaci\u00f3n sobre el tema, le sugerimos agendar su consultor\u00eda con uno de nuestros especialistas, quienes con gusto le asistir\u00e1n en todas sus dudas.<\/p>\n<p style=\"text-align: justify;\">Recuerdo que puede agendar su cita en l\u00ednea desde su hogar, o donde se encuentre, contar con informaci\u00f3n clara y segura sobre su estatus migratorio ahora es muy f\u00e1cil.<\/p>\n<p style=\"text-align: justify;\"><strong>\u00bf<\/strong><strong>Cu\u00e1l es el costo por el <\/strong><strong>tr\u00e1mite de expedici\u00f3n de documento por renovaci\u00f3n<\/strong><strong>?<\/strong><\/p>\n<p style=\"text-align: justify;\">Sabemos que las condiciones migratorias de cada extranjero son diferentes y que\u00a0 en dados casos, el procedimiento migratorio puede encontrarse en distintas etapas. Por lo que, el costo puede variar de acuerdo a las caracter\u00edsticas de cada caso.<\/p>\n<p style=\"text-align: justify;\">Es por ello, que recomendamos comenzar con una entrevista inicial (40dlls, mismos que se descuentan del costo total por llevar su caso con nosotros) con la finalidad de obtener la mayor cantidad de informaci\u00f3n posible para determinar si este tipo de tr\u00e1mite es apto para el extranjero.<\/p>\n<p style=\"text-align: justify;\">De lo contrario, se le orientara sobre el proceso que mejor convenga de acuerdo a cada situaci\u00f3n.<\/p>\n<p style=\"text-align: justify;\">HH le ayuda a usted extranjero a regularizar su situaci\u00f3n migratoria, para que pueda disfrutar de M\u00e9xico con la confianza de contar con un estatus migratorio en orden.<\/p>\n<div class=\"fusion-sep-clear\"><\/div><div class=\"fusion-separator fusion-full-width-sep sep-single sep-solid\" style=\"border-color:#4cc08b;border-top-width:1px;margin-left: auto;margin-right: auto;margin-top:;margin-bottom:15px;\"><span class=\"icon-wrapper\" style=\"border-color:#4cc08b;\"><i class=\"fa fa-gavel\" style=\"color:#4cc08b;\"><\/i><\/span><\/div><h2 data-fontsize=\"22\" data-lineheight=\"25\"><a href=\"http:\/\/www.consultoreshh.com\/es\/ley-inmigracion-mexicana\/\">Ley de Inmigraci\u00f3n de M\u00e9xico<\/a><\/h2>\n<div class=\"fusion-clearfix\"><\/div>\n\n\t\t\t\t\t<\/div>\n\t\t\t\t<\/div><div  class=\"fusion-layout-column fusion_builder_column fusion_builder_column_1_2  fusion-one-half fusion-column-first 1_2\"  style='margin-top:0px;margin-bottom:20px;width:48%; margin-right: 4%;'>\n\t\t\t\t\t<div class=\"fusion-column-wrapper\" style=\"background-position:left top;background-repeat:no-repeat;-webkit-background-size:cover;-moz-background-size:cover;-o-background-size:cover;background-size:cover;\"  data-bg-url=\"\">\n\t\t\t\t\t\t<p>Art\u00edculo 52.<br \/>\nVisa para tr\u00e1mites de adopci\u00f3n (Art\u00edculo 52).<br \/>\nResidencia temporal (Art\u00edculo 52).<\/p>\n<div class=\"fusion-clearfix\"><\/div>\n\n\t\t\t\t\t<\/div>\n\t\t\t\t<\/div><div  class=\"fusion-layout-column fusion_builder_column fusion_builder_column_1_2  fusion-one-half fusion-column-last 1_2\"  style='margin-top:0px;margin-bottom:20px;width:48%'>\n\t\t\t\t\t<div class=\"fusion-column-wrapper\" style=\"background-position:left top;background-repeat:no-repeat;-webkit-background-size:cover;-moz-background-size:cover;-o-background-size:cover;background-size:cover;\"  data-bg-url=\"\">\n\t\t\t\t\t\t<p>Residencia temporal de estudiante (Art\u00edculo 52).<br \/>\nResidencia permanente (Art\u00edculo 52).<br \/>\nArt\u00edculo 126.<\/p>\n<div class=\"fusion-clearfix\"><\/div>\n\n\t\t\t\t\t<\/div>\n\t\t\t\t<\/div><\/div><\/div>\n","protected":false},"excerpt":{"rendered":"","protected":false},"author":2,"featured_media":0,"parent":0,"menu_order":20,"comment_status":"closed","ping_status":"closed","template":"","meta":{"footnotes":""},"class_list":["post-1466","page","type-page","status-publish","hentry"],"_links":{"self":[{"href":"https:\/\/www.consultoreshh.com\/es\/wp-json\/wp\/v2\/pages\/1466","targetHints":{"allow":["GET"]}}],"collection":[{"href":"https:\/\/www.consultoreshh.com\/es\/wp-json\/wp\/v2\/pages"}],"about":[{"href":"https:\/\/www.consultoreshh.com\/es\/wp-json\/wp\/v2\/types\/page"}],"author":[{"embeddable":true,"href":"https:\/\/www.consultoreshh.com\/es\/wp-json\/wp\/v2\/users\/2"}],"replies":[{"embeddable":true,"href":"https:\/\/www.consultoreshh.com\/es\/wp-json\/wp\/v2\/comments?post=1466"}],"version-history":[{"count":6,"href":"https:\/\/www.consultoreshh.com\/es\/wp-json\/wp\/v2\/pages\/1466\/revisions"}],"predecessor-version":[{"id":2383,"href":"https:\/\/www.consultoreshh.com\/es\/wp-json\/wp\/v2\/pages\/1466\/revisions\/2383"}],"wp:attachment":[{"href":"https:\/\/www.consultoreshh.com\/es\/wp-json\/wp\/v2\/media?parent=1466"}],"curies":[{"name":"wp","href":"https:\/\/api.w.org\/{rel}","templated":true}]}}