{"id":121,"date":"2016-05-13T21:41:39","date_gmt":"2016-05-13T21:41:39","guid":{"rendered":"http:\/\/consultoreshh.com\/es\/?page_id=121"},"modified":"2024-03-14T01:03:14","modified_gmt":"2024-03-14T01:03:14","slug":"home","status":"publish","type":"page","link":"https:\/\/www.consultoreshh.com\/es\/","title":{"rendered":"Home"},"content":{"rendered":"<p><div  class=\"fusion-fullwidth fullwidth-box nonhundred-percent-fullwidth\"  style='background-color: rgba(255,255,255,0);background-position: left top;background-repeat: no-repeat;padding-top:20px;padding-right:0px;padding-bottom:20px;padding-left:0px;border-top-width:0px;border-bottom-width:0px;border-color:#eae9e9;border-top-style:solid;border-bottom-style:solid;'><div class=\"fusion-builder-row fusion-row \"><div  class=\"fusion-layout-column fusion_builder_column fusion_builder_column_1_1  fusion-one-full fusion-column-first fusion-column-last fusion-column-no-min-height 1_1\"  style='margin-top:0px;margin-bottom:0px;'>\n\t\t\t\t\t<div class=\"fusion-column-wrapper\" style=\"background-position:left top;background-repeat:no-repeat;-webkit-background-size:cover;-moz-background-size:cover;-o-background-size:cover;background-size:cover;\"  data-bg-url=\"\">\n\t\t\t\t\t\t<p><img loading=\"lazy\" decoding=\"async\" class=\"size-medium wp-image-6 aligncenter\" src=\"http:\/\/www.jdigitalgroup.com\/clients\/consultoreshh\/wp-content\/uploads\/2016\/05\/logo_hH_consultores_g-300x55.png\" alt=\"logo_h&amp;H_consultores_g\" width=\"300\" height=\"55\" srcset=\"https:\/\/www.consultoreshh.com\/wp-content\/uploads\/2016\/05\/logo_hH_consultores_g-300x55.png 300w, https:\/\/www.consultoreshh.com\/wp-content\/uploads\/2016\/05\/logo_hH_consultores_g.png 419w\" sizes=\"auto, (max-width: 300px) 100vw, 300px\" \/><\/p>\n<p style=\"text-align: justify;\">M\u00e9xico se posiciona en un lugar protag\u00f3nico por contar con las tres caras de la migraci\u00f3n, tr\u00e1nsito, origen y destino. En Baja California existe un alto flujo en dichos \u00e1mbitos, esto debido a que dentro del \u00e1rea Cali-Baja se encuentra una de las fronteras m\u00e1s importantes de la Rep\u00fablica Mexicana. Aunado a esto, existen estudios que comprueban que el corredor M\u00e9xico-Estados Unidos es de las fronteras m\u00e1s importantes a nivel mundial.<\/p>\n<p>Como resultado de este fen\u00f3meno, peticiones de reunificaci\u00f3n familiar, adquisici\u00f3n de bienes inmuebles por extranjeros, negocios binacionales, lugares de retiro, asistencia a negocios para adquirir talento extranjero, consejos de residencia, entre otros.<\/p>\n<p>Siguiendo esta necesidad, surge <strong>Consultores de H&amp;H<\/strong>, especializados en procedimientos de administraci\u00f3n y consultor\u00eda en migraci\u00f3n mexicana. Nuestros consultores son expertos y 100% capacitados debido a su trayectoria profesional en este campo, lo que les da un valor agregado de la competencia muy dif\u00edcil de alcanzar. Tenemos un compromiso con la sociedad de nuestra regi\u00f3n de brindar un servicio en el que se destacan nuestros valores. Nuestro trabajo est\u00e1 basado en la honestidad, \u00e9tica y sabidur\u00eda.<\/p>\n<div class=\"fusion-clearfix\"><\/div>\n\n\t\t\t\t\t<\/div>\n\t\t\t\t<\/div><\/div><\/div><div  class=\"fusion-fullwidth fullwidth-box fusion-parallax-none nonhundred-percent-fullwidth\"  style='background-color: rgba(255,255,255,0);background-image: url(\"http:\/\/consultoreshh.com\/wp-content\/uploads\/2016\/04\/flags3.jpg\");background-position: left top;background-repeat: no-repeat;padding-top:20px;padding-right:20px;padding-bottom:20px;padding-left:20px;border-top-width:0px;border-bottom-width:0px;border-color:#eae9e9;border-top-style:solid;border-bottom-style:solid;-webkit-background-size:cover;-moz-background-size:cover;-o-background-size:cover;background-size:cover;background-attachment:none;'><div class=\"fusion-builder-row fusion-row \"><div  class=\"fusion-layout-column fusion_builder_column fusion_builder_column_1_1  fusion-one-full fusion-column-first fusion-column-last 1_1\"  style='margin-top:0px;margin-bottom:20px;'>\n\t\t\t\t\t<div class=\"fusion-column-wrapper\" style=\"padding: 50px;background-position:left top;background-repeat:no-repeat;-webkit-background-size:cover;-moz-background-size:cover;-o-background-size:cover;background-size:cover;\"  data-bg-url=\"\">\n\t\t\t\t\t\t<div class=\"fusion-clearfix\"><\/div>\n\n\t\t\t\t\t<\/div>\n\t\t\t\t<\/div><\/div><\/div><\/p>\n","protected":false},"excerpt":{"rendered":"","protected":false},"author":1,"featured_media":0,"parent":0,"menu_order":19,"comment_status":"closed","ping_status":"open","template":"100-width.php","meta":{"footnotes":""},"class_list":["post-121","page","type-page","status-publish","hentry"],"_links":{"self":[{"href":"https:\/\/www.consultoreshh.com\/es\/wp-json\/wp\/v2\/pages\/121","targetHints":{"allow":["GET"]}}],"collection":[{"href":"https:\/\/www.consultoreshh.com\/es\/wp-json\/wp\/v2\/pages"}],"about":[{"href":"https:\/\/www.consultoreshh.com\/es\/wp-json\/wp\/v2\/types\/page"}],"author":[{"embeddable":true,"href":"https:\/\/www.consultoreshh.com\/es\/wp-json\/wp\/v2\/users\/1"}],"replies":[{"embeddable":true,"href":"https:\/\/www.consultoreshh.com\/es\/wp-json\/wp\/v2\/comments?post=121"}],"version-history":[{"count":6,"href":"https:\/\/www.consultoreshh.com\/es\/wp-json\/wp\/v2\/pages\/121\/revisions"}],"predecessor-version":[{"id":2176,"href":"https:\/\/www.consultoreshh.com\/es\/wp-json\/wp\/v2\/pages\/121\/revisions\/2176"}],"wp:attachment":[{"href":"https:\/\/www.consultoreshh.com\/es\/wp-json\/wp\/v2\/media?parent=121"}],"curies":[{"name":"wp","href":"https:\/\/api.w.org\/{rel}","templated":true}]}}