{"id":113,"date":"2016-05-13T17:52:13","date_gmt":"2016-05-13T17:52:13","guid":{"rendered":"http:\/\/consultoreshh.com\/es\/?page_id=113"},"modified":"2024-03-14T01:03:15","modified_gmt":"2024-03-14T01:03:15","slug":"nosotros","status":"publish","type":"page","link":"https:\/\/www.consultoreshh.com\/es\/nosotros\/","title":{"rendered":"Nosotros"},"content":{"rendered":"<div  class=\"fusion-fullwidth fullwidth-box nonhundred-percent-fullwidth\"  style='background-color: rgba(255,255,255,0);background-position: left top;background-repeat: no-repeat;padding-top:0px;padding-right:0px;padding-bottom:20px;padding-left:0px;border-top-width:0px;border-bottom-width:0px;border-color:#eae9e9;border-top-style:solid;border-bottom-style:solid;'><div class=\"fusion-builder-row fusion-row \"><div  class=\"fusion-layout-column fusion_builder_column fusion_builder_column_1_1  fusion-one-full fusion-column-first fusion-column-last fusion-column-no-min-height 1_1\"  style='margin-top:0px;margin-bottom:0px;'>\n\t\t\t\t\t<div class=\"fusion-column-wrapper\" style=\"background-position:left top;background-repeat:no-repeat;-webkit-background-size:cover;-moz-background-size:cover;-o-background-size:cover;background-size:cover;\"  data-bg-url=\"\">\n\t\t\t\t\t\t<div class=\"fusion-title title sep-underline sep-solid fusion-title-size-one\" style=\"border-bottom-color:#e0dede;margin-top:0px;margin-bottom:31px;\"><h1 class=\"title-heading-left\">H&amp;H Consultores<\/h1><\/div><div class=\"fusion-sep-clear\"><\/div><div class=\"fusion-separator fusion-full-width-sep sep-none\" style=\"margin-left: auto;margin-right: auto;margin-top:30px;\"><\/div><p style=\"text-align: justify;\">M\u00e9xico se posiciona en un lugar protag\u00f3nico por contar con las tres caras de la migraci\u00f3n, tr\u00e1nsito, origen y destino.<\/p>\n<p style=\"text-align: justify;\">En Baja California existe un alto flujo en dichos \u00e1mbitos, esto debido a que dentro del \u00e1rea Cali-Baja se encuentra una de las fronteras m\u00e1s importantes de la Rep\u00fablica Mexicana.<\/p>\n<p style=\"text-align: justify;\">Aunado a esto, existen estudios que comprueban que el corredor M\u00e9xico-Estados Unidos es de las fronteras m\u00e1s importantes a nivel mundial.<\/p>\n<p style=\"text-align: justify;\">Como consecuencia de dicho fen\u00f3meno, se han incrementado las peticiones de reunificaciones familiares, compra de viviendas por extranjeros, negocios bi-nacionales, lugares de retiro, asistencia a empresas para la adquisici\u00f3n de talento for\u00e1neo, asesor\u00eda sobre su estad\u00eda en el pa\u00eds, entre otros.<\/p>\n<p style=\"text-align: justify;\">A ra\u00edz de esta necesidad surge la firma H&amp;H Consultores, la cual se especializa en gesti\u00f3n de tr\u00e1mites y consultor\u00edas en materia de migraci\u00f3n mexicana.<\/p>\n<p style=\"text-align: justify;\">Nuestros consultores son profesionistas 100% capacitados debido a su trayectoria laboral en dicho \u00e1mbito, lo que nos hace tener un valor agregado sobre la competencia dif\u00edcil de alcanzar.<\/p>\n<p style=\"text-align: justify;\">Tenemos un compromiso con la sociedad de nuestra regi\u00f3n de brindar un servicio donde los valores que nos destaquen al realizar nuestro trabajo sean la \u00e9tica, honradez y sabidur\u00eda.<\/p>\n<div class=\"fusion-sep-clear\"><\/div><div class=\"fusion-separator fusion-full-width-sep sep-none\" style=\"margin-left: auto;margin-right: auto;margin-top:30px;\"><\/div><div class=\"fusion-clearfix\"><\/div>\n\n\t\t\t\t\t<\/div>\n\t\t\t\t<\/div><div  class=\"fusion-layout-column fusion_builder_column fusion_builder_column_1_1  fusion-one-full fusion-column-first fusion-column-last fusion-column-no-min-height 1_1\"  style='margin-top:0px;margin-bottom:0px;'>\n\t\t\t\t\t<div class=\"fusion-column-wrapper\" style=\"background-position:left top;background-repeat:no-repeat;-webkit-background-size:cover;-moz-background-size:cover;-o-background-size:cover;background-size:cover;\"  data-bg-url=\"\">\n\t\t\t\t\t\t<p><img loading=\"lazy\" decoding=\"async\" class=\"alignnone wp-image-2219\" src=\"http:\/\/www.consultoreshh.com\/wp-content\/uploads\/2018\/10\/vision-esp-mx.png\" alt=\"\" width=\"87\" height=\"27\" srcset=\"https:\/\/www.consultoreshh.com\/wp-content\/uploads\/2018\/10\/vision-esp-mx-200x62.png 200w, https:\/\/www.consultoreshh.com\/wp-content\/uploads\/2018\/10\/vision-esp-mx.png 266w\" sizes=\"auto, (max-width: 87px) 100vw, 87px\" \/><\/p>\n<hr \/>\n<div class=\"fusion-sep-clear\"><\/div><div class=\"fusion-separator fusion-full-width-sep sep-none\" style=\"margin-left: auto;margin-right: auto;margin-top:;\"><\/div><p>Consolidar a H&amp;H Consultores como la mejor opci\u00f3n en servicios migratorios, previendo las necesidades en las que nuestros clientes se puedan ver expuestos.<\/p>\n<div class=\"fusion-clearfix\"><\/div>\n\n\t\t\t\t\t<\/div>\n\t\t\t\t<\/div><div  class=\"fusion-layout-column fusion_builder_column fusion_builder_column_1_1  fusion-one-full fusion-column-first fusion-column-last fusion-column-no-min-height 1_1\"  style='margin-top:0px;margin-bottom:0px;'>\n\t\t\t\t\t<div class=\"fusion-column-wrapper\" style=\"background-position:left top;background-repeat:no-repeat;-webkit-background-size:cover;-moz-background-size:cover;-o-background-size:cover;background-size:cover;\"  data-bg-url=\"\">\n\t\t\t\t\t\t<p><img loading=\"lazy\" decoding=\"async\" class=\"alignnone wp-image-2220\" src=\"http:\/\/www.consultoreshh.com\/wp-content\/uploads\/2018\/10\/mision-esp-mx.png\" alt=\"\" width=\"87\" height=\"27\" srcset=\"https:\/\/www.consultoreshh.com\/wp-content\/uploads\/2018\/10\/mision-esp-mx-200x62.png 200w, https:\/\/www.consultoreshh.com\/wp-content\/uploads\/2018\/10\/mision-esp-mx.png 266w\" sizes=\"auto, (max-width: 87px) 100vw, 87px\" \/><\/p>\n<hr \/>\n<div class=\"fusion-sep-clear\"><\/div><div class=\"fusion-separator fusion-full-width-sep sep-none\" style=\"margin-left: auto;margin-right: auto;margin-top:;\"><\/div><p>Brindar consultor\u00eda migratoria basada en conocimiento, experiencia y \u00e9tica, siempre en beneficio de nuestros clientes.<\/p>\n<div class=\"fusion-clearfix\"><\/div>\n\n\t\t\t\t\t<\/div>\n\t\t\t\t<\/div><\/div><\/div>\n","protected":false},"excerpt":{"rendered":"","protected":false},"author":1,"featured_media":0,"parent":0,"menu_order":18,"comment_status":"closed","ping_status":"closed","template":"","meta":{"footnotes":""},"class_list":["post-113","page","type-page","status-publish","hentry"],"_links":{"self":[{"href":"https:\/\/www.consultoreshh.com\/es\/wp-json\/wp\/v2\/pages\/113","targetHints":{"allow":["GET"]}}],"collection":[{"href":"https:\/\/www.consultoreshh.com\/es\/wp-json\/wp\/v2\/pages"}],"about":[{"href":"https:\/\/www.consultoreshh.com\/es\/wp-json\/wp\/v2\/types\/page"}],"author":[{"embeddable":true,"href":"https:\/\/www.consultoreshh.com\/es\/wp-json\/wp\/v2\/users\/1"}],"replies":[{"embeddable":true,"href":"https:\/\/www.consultoreshh.com\/es\/wp-json\/wp\/v2\/comments?post=113"}],"version-history":[{"count":11,"href":"https:\/\/www.consultoreshh.com\/es\/wp-json\/wp\/v2\/pages\/113\/revisions"}],"predecessor-version":[{"id":2553,"href":"https:\/\/www.consultoreshh.com\/es\/wp-json\/wp\/v2\/pages\/113\/revisions\/2553"}],"wp:attachment":[{"href":"https:\/\/www.consultoreshh.com\/es\/wp-json\/wp\/v2\/media?parent=113"}],"curies":[{"name":"wp","href":"https:\/\/api.w.org\/{rel}","templated":true}]}}